{"id":711421,"date":"2025-08-27T16:45:13","date_gmt":"2025-08-27T13:45:13","guid":{"rendered":"https:\/\/roveyayinevi.com.tr\/index.php\/urun\/karamelin-ruyalari\/"},"modified":"2026-04-16T02:19:54","modified_gmt":"2026-04-15T23:19:54","slug":"karamelin-ruyalari","status":"publish","type":"product","link":"https:\/\/roveyayinevi.com.tr\/index.php\/urun\/karamelin-ruyalari\/","title":{"rendered":"Karamel\u2019in R\u00fcyalar\u0131"},"content":{"rendered":"<p>\u00c7ok sevgili okur! S\u00f6z\u00fc Karamel\u2019in R\u00fcyalar\u0131\u2019n\u0131n kahraman\u0131na verelim: Kahvalt\u0131 masas\u0131nda ya gazeteci abla ya da \u00fcniversiteli abla, bazen ikisi birden, \u201cR\u00fcyamda ne g\u00f6rd\u00fcm, biliyor musunuz?\u201d der, bizlerin \u201cBirlikte g\u00f6rmedik ki, nereden bilelim?\u201d dememize olanak tan\u0131madan, r\u00fcyas\u0131n\u0131 anlatmaya koyulur. Hem de balland\u0131ra balland\u0131ra! Sanki sadece onlar bazen h\u00fcz\u00fcnl\u00fc, bazen e\u011flenceli, matrak r\u00fcyalar g\u00f6rebilir! Sonunda can\u0131ma yetti, \u201cBen de r\u00fcyalar\u0131m\u0131 anlatay\u0131m, hay\u0131r, baban\u0131n yard\u0131m\u0131yla yazay\u0131m da g\u00f6r\u00fcn bakal\u0131m!\u201d dedim. Evet, \u201cG\u00f6r\u00fcn bakal\u0131m!\u201d \u0130yi de ettim. Arada okur, o r\u00fcyalar\u0131m\u0131 yeniden g\u00f6r\u00fcr gibi oldu\u011fumda bazen ne e\u011fleniyorum. Sizlere de iyi e\u011flenceler! Cici Havhav Karamel \ufffcTan\u0131t\u0131m Metni<\/p>\n","protected":false},"excerpt":{"rendered":"<p>\u00c7ok sevgili okur! S\u00f6z\u00fc Karamel\u2019in R\u00fcyalar\u0131\u2019n\u0131n kahraman\u0131na verelim: Kahvalt\u0131 masas\u0131nda ya gazeteci abla ya da \u00fcniversiteli abla, bazen ikisi birden, \u201cR\u00fcyamda ne g\u00f6rd\u00fcm, biliyor musunuz?\u201d der,<span class=\"excerpt-hellip\"> [\u2026]<\/span><\/p>\n","protected":false},"featured_media":0,"template":"","meta":{"_monsterinsights_skip_tracking":false,"_monsterinsights_sitenote_active":false,"_monsterinsights_sitenote_note":"","_monsterinsights_sitenote_category":0},"product_brand":[],"product_cat":[12275,12274],"product_tag":[],"class_list":{"0":"post-711421","1":"product","2":"type-product","3":"status-publish","5":"product_cat-6-12-yas-kitaplari","6":"product_cat-cocuk-ve-genclik-kitaplari","7":"pa_cilt-ciltsiz","8":"pa_tur-kitap","9":"pa_yayinevi-ucan-at","10":"pa_yazar-adil-izci","12":"first","13":"instock","14":"sale","15":"shipping-taxable","16":"purchasable","17":"product-type-simple"},"_links":{"self":[{"href":"https:\/\/roveyayinevi.com.tr\/index.php\/wp-json\/wp\/v2\/product\/711421","targetHints":{"allow":["GET"]}}],"collection":[{"href":"https:\/\/roveyayinevi.com.tr\/index.php\/wp-json\/wp\/v2\/product"}],"about":[{"href":"https:\/\/roveyayinevi.com.tr\/index.php\/wp-json\/wp\/v2\/types\/product"}],"wp:attachment":[{"href":"https:\/\/roveyayinevi.com.tr\/index.php\/wp-json\/wp\/v2\/media?parent=711421"}],"wp:term":[{"taxonomy":"product_brand","embeddable":true,"href":"https:\/\/roveyayinevi.com.tr\/index.php\/wp-json\/wp\/v2\/product_brand?post=711421"},{"taxonomy":"product_cat","embeddable":true,"href":"https:\/\/roveyayinevi.com.tr\/index.php\/wp-json\/wp\/v2\/product_cat?post=711421"},{"taxonomy":"product_tag","embeddable":true,"href":"https:\/\/roveyayinevi.com.tr\/index.php\/wp-json\/wp\/v2\/product_tag?post=711421"}],"curies":[{"name":"wp","href":"https:\/\/api.w.org\/{rel}","templated":true}]}}