{"id":711415,"date":"2025-08-27T16:45:10","date_gmt":"2025-08-27T13:45:10","guid":{"rendered":"https:\/\/roveyayinevi.com.tr\/index.php\/urun\/kalamar-pansiyon\/"},"modified":"2026-04-16T02:19:54","modified_gmt":"2026-04-15T23:19:54","slug":"kalamar-pansiyon","status":"publish","type":"product","link":"https:\/\/roveyayinevi.com.tr\/index.php\/urun\/kalamar-pansiyon\/","title":{"rendered":"Kalamar Pansiyon"},"content":{"rendered":"<p>D\u00fcnyan\u0131n (fazla m\u0131 iddial\u0131 oldu ne!), T\u00fcrkiye\u2019nin (peki abartmayal\u0131m), o zaman Derince\u2019nin en muhte\u015fem pansiyonuna, Kalamar Pansiyon\u2019a ho\u015f geldiniz!Yadigar ailesinin g\u00f6zbebe\u011fi Kalamar Pansiyon; deniz k\u0131y\u0131s\u0131nda, \u00fc\u00e7 katl\u0131, bah\u00e7eli, \u015firin bir tesis. Hizmet kalitesiyle m\u00fcdavimlik yaratan bir yer. \u00d6yle ki y\u0131llard\u0131r tatillerini bu g\u00f6zde pansiyonda ge\u00e7irmek isteyen pek \u00e7ok ki\u015fi (yoksa siz h\u00e2len gitmediniz mi?) var. Hatta baz\u0131 konuklar\u0131 art\u0131k ev halk\u0131ndan say\u0131l\u0131yor. Mesela ge\u00e7mi\u015fini hat\u0131rlamayan Rastabi ya da y\u00fczmeyi \u00e7ok seven \u00c7ar\u015faf Dede gibi. Yazaret\u2019i ve \u015eik\u00e2yet Han\u0131m ile onun \u00e7\u00f6z\u00fcm orta\u011f\u0131 e\u015fini unutmak olmaz tabii. Bir de ince zevkleri olan bir horoz var ama o zaten \u00e7ekirdek aileden.  Kalamar Pansiyon\u2019un b\u0131c\u0131r\u0131\u011f\u0131, on ya\u015f\u0131ndaki Ard\u0131\u00e7\u2019\u0131n hayat\u0131 adeta denizde y\u00fczen yorgun bir kalamar misali a\u011f\u0131r aksak ilerliyor. \u0130yi ki arkada\u015flar\u0131 Hayal ve Bucika var; ama Hayal ve ailesi, bir y\u0131l \u00f6nce apar topar ayr\u0131lmalar\u0131ndan bu yana pansiyona hi\u00e7 u\u011framad\u0131lar. Ne oldu da ayaklar\u0131 kesildi b\u00f6yle aniden? Sebebini bilmedi\u011fi bir k\u00fcsl\u00fck m\u00fc oldu aralar\u0131nda? Pansiyonun konforu mu yetersiz kald\u0131 acaba? Yoksa birilerinden mi ka\u00e7\u0131yorlar?S\u0131ra d\u0131\u015f\u0131 konuklar\u0131yla her g\u00fcn yeni bir maceraya uyanan k\u00fc\u00e7\u00fck bir pansiyon, a\u011fa\u00e7 kovu\u011funda sahibini bekleyen gizemli bir mektup, ge\u00e7mi\u015fini arayan yaln\u0131z bir adam, birbirinden kopar\u0131lan iki iyi arkada\u015f ve s\u0131rlarla dolu esrarengiz bir dede. E\u011flenceli bir yaz tatilinin ortas\u0131na sa\u00e7\u0131lan ge\u00e7mi\u015fe dair trajediler, mizah ve h\u00fcz\u00fcnle harmanlanarak s\u00fcr\u00fckleyici bir kitaba d\u00f6n\u00fc\u015f\u00fcyor. Ger\u00e7ekler bazen ac\u0131d\u0131r. Ger\u00e7ek oldu\u011funa inand\u0131\u011f\u0131m\u0131z \u015feylerin asl\u0131nda ger\u00e7ek olmad\u0131\u011f\u0131n\u0131 \u00f6\u011frenmek, daha \u00e7ok ac\u0131 verir insana. Peki ya mucizeler? \u201cMizah\u015f\u00f6r\u201dkalemiyle okurlar\u0131n\u0131n g\u00f6nl\u00fcnde taht kuran \u00f6d\u00fcll\u00fc yazar Hanzade Servi, i\u015fte bu mucizeler \u00fczerine temellendiriyor yeni roman\u0131 Kalamar Pansiyon\u2019u. Ger\u00e7ek hayattan beslenen \u00f6yk\u00fcs\u00fcyle ailevi konulara e\u011filen Servi, hayat\u0131n so\u011fuk s\u00fcrprizlerine mizahla kar\u015f\u0131 koyan enfes bir hik\u00e2ye kurgulayarak okurlar\u0131n\u0131 mucizelere inanmaya davet ediyor. \u00c7\u00fcnk\u00fc baz\u0131 mucizeler, sadece size \u00f6zeldir. Ve bu mucizelerin ger\u00e7ekle\u015fmesini beklemek i\u00e7in \u00f6ncelikle onlara inanman\u0131z gerekir. <\/p>\n","protected":false},"excerpt":{"rendered":"<p>D\u00fcnyan\u0131n (fazla m\u0131 iddial\u0131 oldu ne!), T\u00fcrkiye\u2019nin (peki abartmayal\u0131m), o zaman Derince\u2019nin en muhte\u015fem pansiyonuna, Kalamar Pansiyon\u2019a ho\u015f geldiniz!Yadigar ailesinin g\u00f6zbebe\u011fi Kalamar Pansiyon; deniz k\u0131y\u0131s\u0131nda, \u00fc\u00e7<span class=\"excerpt-hellip\"> [\u2026]<\/span><\/p>\n","protected":false},"featured_media":0,"template":"","meta":{"_monsterinsights_skip_tracking":false,"_monsterinsights_sitenote_active":false,"_monsterinsights_sitenote_note":"","_monsterinsights_sitenote_category":0},"product_brand":[],"product_cat":[12275,12274],"product_tag":[],"class_list":{"0":"post-711415","1":"product","2":"type-product","3":"status-publish","5":"product_cat-6-12-yas-kitaplari","6":"product_cat-cocuk-ve-genclik-kitaplari","7":"pa_cilt-ciltsiz","8":"pa_tur-kitap","9":"pa_yayinevi-tudem-yayinlari","10":"pa_yazar-hanzade-servi","12":"first","13":"instock","14":"sale","15":"shipping-taxable","16":"purchasable","17":"product-type-simple"},"_links":{"self":[{"href":"https:\/\/roveyayinevi.com.tr\/index.php\/wp-json\/wp\/v2\/product\/711415","targetHints":{"allow":["GET"]}}],"collection":[{"href":"https:\/\/roveyayinevi.com.tr\/index.php\/wp-json\/wp\/v2\/product"}],"about":[{"href":"https:\/\/roveyayinevi.com.tr\/index.php\/wp-json\/wp\/v2\/types\/product"}],"wp:attachment":[{"href":"https:\/\/roveyayinevi.com.tr\/index.php\/wp-json\/wp\/v2\/media?parent=711415"}],"wp:term":[{"taxonomy":"product_brand","embeddable":true,"href":"https:\/\/roveyayinevi.com.tr\/index.php\/wp-json\/wp\/v2\/product_brand?post=711415"},{"taxonomy":"product_cat","embeddable":true,"href":"https:\/\/roveyayinevi.com.tr\/index.php\/wp-json\/wp\/v2\/product_cat?post=711415"},{"taxonomy":"product_tag","embeddable":true,"href":"https:\/\/roveyayinevi.com.tr\/index.php\/wp-json\/wp\/v2\/product_tag?post=711415"}],"curies":[{"name":"wp","href":"https:\/\/api.w.org\/{rel}","templated":true}]}}