{"id":711413,"date":"2025-08-27T16:45:09","date_gmt":"2025-08-27T13:45:09","guid":{"rendered":"https:\/\/roveyayinevi.com.tr\/index.php\/urun\/toplumsal-hafizada-ermeni-meselesi\/"},"modified":"2025-11-22T04:25:56","modified_gmt":"2025-11-22T01:25:56","slug":"toplumsal-hafizada-ermeni-meselesi","status":"publish","type":"product","link":"https:\/\/roveyayinevi.com.tr\/index.php\/urun\/toplumsal-hafizada-ermeni-meselesi\/","title":{"rendered":"Toplumsal Haf\u0131zada Ermeni Meselesi"},"content":{"rendered":"<p>TAR\u0130H\u0130 YEN\u0130DEN KURMA KURAMI VE S\u00d6ZL\u00dc TAR\u0130H I.B\u00d6L\u00dcM: TAR\u0130H\u0130 KAYNAKLARA G\u00d6RE T\u00dcRK DEVLET AHLAKI VE GAYR\u0130 M\u00dcSL\u0130MLERLE YA\u015eAMAK II.B\u00d6L\u00dcM: TAR\u0130H BOYUNCA T\u00dcRK ERMEN\u0130 \u0130L\u0130\u015eK\u0130LER\u0130N\u0130N ANA HATLARI III.B\u00d6L\u00dcM: TOPLUMSAL HAFIZADA VE S\u00d6ZL\u00dc \u015e\u0130\u0130R GELENE\u011e\u0130M\u0130ZDE ERMEN\u0130 MEZAL\u0130M\u0130 IV. B\u00d6L\u00dcM: ERMEN\u0130 SALDIRILARINI VE MEZAL\u0130M\u0130N\u0130 ANLATAN DESTANLAR-A\u011eITLAR <\/p>\n","protected":false},"excerpt":{"rendered":"<p>TAR\u0130H\u0130 YEN\u0130DEN KURMA KURAMI VE S\u00d6ZL\u00dc TAR\u0130H I.B\u00d6L\u00dcM: TAR\u0130H\u0130 KAYNAKLARA G\u00d6RE T\u00dcRK DEVLET AHLAKI VE GAYR\u0130 M\u00dcSL\u0130MLERLE YA\u015eAMAK II.B\u00d6L\u00dcM: TAR\u0130H BOYUNCA T\u00dcRK ERMEN\u0130 \u0130L\u0130\u015eK\u0130LER\u0130N\u0130N ANA HATLARI<span class=\"excerpt-hellip\"> [\u2026]<\/span><\/p>\n","protected":false},"featured_media":0,"template":"","meta":{"_monsterinsights_skip_tracking":false,"_monsterinsights_sitenote_active":false,"_monsterinsights_sitenote_note":"","_monsterinsights_sitenote_category":0},"product_brand":[],"product_cat":[12304,14128],"product_tag":[],"class_list":{"0":"post-711413","1":"product","2":"type-product","3":"status-publish","5":"product_cat-tarih","6":"product_cat-yakin-tarih","7":"pa_cilt-ciltsiz","8":"pa_tur-kitap","9":"pa_yayinevi-gazi-kitabevi","10":"pa_yazar-fatma-ahsen-turan","12":"first","13":"instock","14":"sale","15":"shipping-taxable","16":"purchasable","17":"product-type-simple"},"_links":{"self":[{"href":"https:\/\/roveyayinevi.com.tr\/index.php\/wp-json\/wp\/v2\/product\/711413","targetHints":{"allow":["GET"]}}],"collection":[{"href":"https:\/\/roveyayinevi.com.tr\/index.php\/wp-json\/wp\/v2\/product"}],"about":[{"href":"https:\/\/roveyayinevi.com.tr\/index.php\/wp-json\/wp\/v2\/types\/product"}],"wp:attachment":[{"href":"https:\/\/roveyayinevi.com.tr\/index.php\/wp-json\/wp\/v2\/media?parent=711413"}],"wp:term":[{"taxonomy":"product_brand","embeddable":true,"href":"https:\/\/roveyayinevi.com.tr\/index.php\/wp-json\/wp\/v2\/product_brand?post=711413"},{"taxonomy":"product_cat","embeddable":true,"href":"https:\/\/roveyayinevi.com.tr\/index.php\/wp-json\/wp\/v2\/product_cat?post=711413"},{"taxonomy":"product_tag","embeddable":true,"href":"https:\/\/roveyayinevi.com.tr\/index.php\/wp-json\/wp\/v2\/product_tag?post=711413"}],"curies":[{"name":"wp","href":"https:\/\/api.w.org\/{rel}","templated":true}]}}