{"id":711412,"date":"2025-08-27T16:45:08","date_gmt":"2025-08-27T13:45:08","guid":{"rendered":"https:\/\/roveyayinevi.com.tr\/index.php\/urun\/tam-ve-hakiki-husniye\/"},"modified":"2026-04-16T02:19:54","modified_gmt":"2026-04-15T23:19:54","slug":"tam-ve-hakiki-husniye","status":"publish","type":"product","link":"https:\/\/roveyayinevi.com.tr\/index.php\/urun\/tam-ve-hakiki-husniye\/","title":{"rendered":"Tam Ve Hakiki H\u00fcsniye"},"content":{"rendered":"<p>Eserde; Abbasi halifelerinden Harun Re\u015fid d\u00f6neminde (M. 764-809), Ba\u011fdat&#8217;ta \u0130mam Cafer es-Sad\u0131k&#8217;\u0131n m\u00fcridi olan zengin bir tacir, haks\u0131zl\u0131\u011fa u\u011frar ve b\u00fct\u00fcn serveti elinden al\u0131n\u0131r. <\/p>\n","protected":false},"excerpt":{"rendered":"<p>Eserde; Abbasi halifelerinden Harun Re\u015fid d\u00f6neminde (M. 764-809), Ba\u011fdat&#8217;ta \u0130mam Cafer es-Sad\u0131k&#8217;\u0131n m\u00fcridi olan zengin bir tacir, haks\u0131zl\u0131\u011fa u\u011frar ve b\u00fct\u00fcn serveti elinden al\u0131n\u0131r.<\/p>\n","protected":false},"featured_media":0,"template":"","meta":{"_monsterinsights_skip_tracking":false,"_monsterinsights_sitenote_active":false,"_monsterinsights_sitenote_note":"","_monsterinsights_sitenote_category":0},"product_brand":[],"product_cat":[12718,12719],"product_tag":[],"class_list":{"0":"post-711412","1":"product","2":"type-product","3":"status-publish","5":"product_cat-din","6":"product_cat-islam","7":"pa_cilt-ciltsiz","8":"pa_tur-kitap","9":"pa_yayinevi-baris-kitap","10":"pa_yazar-mehmet-kupeli","12":"first","13":"instock","14":"sale","15":"shipping-taxable","16":"purchasable","17":"product-type-simple"},"_links":{"self":[{"href":"https:\/\/roveyayinevi.com.tr\/index.php\/wp-json\/wp\/v2\/product\/711412","targetHints":{"allow":["GET"]}}],"collection":[{"href":"https:\/\/roveyayinevi.com.tr\/index.php\/wp-json\/wp\/v2\/product"}],"about":[{"href":"https:\/\/roveyayinevi.com.tr\/index.php\/wp-json\/wp\/v2\/types\/product"}],"wp:attachment":[{"href":"https:\/\/roveyayinevi.com.tr\/index.php\/wp-json\/wp\/v2\/media?parent=711412"}],"wp:term":[{"taxonomy":"product_brand","embeddable":true,"href":"https:\/\/roveyayinevi.com.tr\/index.php\/wp-json\/wp\/v2\/product_brand?post=711412"},{"taxonomy":"product_cat","embeddable":true,"href":"https:\/\/roveyayinevi.com.tr\/index.php\/wp-json\/wp\/v2\/product_cat?post=711412"},{"taxonomy":"product_tag","embeddable":true,"href":"https:\/\/roveyayinevi.com.tr\/index.php\/wp-json\/wp\/v2\/product_tag?post=711412"}],"curies":[{"name":"wp","href":"https:\/\/api.w.org\/{rel}","templated":true}]}}