{"id":711409,"date":"2025-08-27T16:45:07","date_gmt":"2025-08-27T13:45:07","guid":{"rendered":"https:\/\/roveyayinevi.com.tr\/index.php\/urun\/sevgi-bahcesinin-bahcivani\/"},"modified":"2026-04-16T02:19:54","modified_gmt":"2026-04-15T23:19:54","slug":"sevgi-bahcesinin-bahcivani","status":"publish","type":"product","link":"https:\/\/roveyayinevi.com.tr\/index.php\/urun\/sevgi-bahcesinin-bahcivani\/","title":{"rendered":"Sevgi Bah\u00e7esinin Bah\u00e7\u0131van\u0131"},"content":{"rendered":"<p>\u015eimdi beni eline al\u0131p inceledi\u011fine g\u00f6re i\u00e7imde ne oldu\u011funu merak ediyorsun. Sayfalar\u0131m\u0131n aras\u0131nda sen vars\u0131n, ya\u015fad\u0131klar\u0131n var, akl\u0131n\u0131 kurcalayan baz\u0131 sorular\u0131n cevaplar\u0131 var. Annesiyle babas\u0131na g\u0131c\u0131kl\u0131k olsun diye ders \u00e7al\u0131\u015fmay\u0131p dokuz zay\u0131f \u00f6\u011frencilerin zay\u0131flar\u0131n\u0131 nas\u0131l kurtar\u0131p te\u015fekk\u00fcr belgesi ald\u0131klar\u0131 var. \u00c7ocu\u011funa iyilik olsun diye onu ba\u015fkalar\u0131yla k\u0131yaslayan, sonunda hayal k\u0131r\u0131kl\u0131\u011f\u0131na u\u011frayan anne babalar\u0131n \u00e7aresizli\u011fi, mutsuzlu\u011fu ve \u00e7\u00f6z\u00fcm aray\u0131\u015flar\u0131 var. S\u0131n\u0131f denen d\u00f6rt duvar aras\u0131nda kalm\u0131\u015f, kendini hapishanede hissetmi\u015f, bunalm\u0131\u015f derslerden nefret etmi\u015f \u00f6\u011frencilerin \u00e7\u0131\u011fl\u0131klar\u0131 var. \u0130nan\u0131yorum ki g\u00f6zlerin sayfalar\u0131n aras\u0131nda ilerlerken kendinle y\u00fczle\u015fir, e\u011fer varsa i\u00e7indeki sava\u015f\u0131 durdurur, \u00e7at\u0131\u015fmalar\u0131 bitirir \u00f6zg\u00fcvenini art\u0131r\u0131r ve kendinle s\u0131ms\u0131k\u0131 kucakla\u015f\u0131rs\u0131n. Sende benim yapt\u0131\u011f\u0131m gibi sana at\u0131lan ta\u015flardan kendine bir saray yapmaya ba\u015flars\u0131n. \u0130zin verirsen y\u00fcre\u011fimi dizdi\u011fim sat\u0131rlar\u0131n aras\u0131nda g\u00f6zlerini misafir etmek istiyorum. Ne dersin? \ufffcTan\u0131t\u0131m Metni<\/p>\n","protected":false},"excerpt":{"rendered":"<p>\u015eimdi beni eline al\u0131p inceledi\u011fine g\u00f6re i\u00e7imde ne oldu\u011funu merak ediyorsun. Sayfalar\u0131m\u0131n aras\u0131nda sen vars\u0131n, ya\u015fad\u0131klar\u0131n var, akl\u0131n\u0131 kurcalayan baz\u0131 sorular\u0131n cevaplar\u0131 var. Annesiyle babas\u0131na g\u0131c\u0131kl\u0131k<span class=\"excerpt-hellip\"> [\u2026]<\/span><\/p>\n","protected":false},"featured_media":0,"template":"","meta":{"_monsterinsights_skip_tracking":false,"_monsterinsights_sitenote_active":false,"_monsterinsights_sitenote_note":"","_monsterinsights_sitenote_category":0},"product_brand":[],"product_cat":[12364,12376],"product_tag":[],"class_list":{"0":"post-711409","1":"product","2":"type-product","3":"status-publish","5":"product_cat-genel-konular","6":"product_cat-kisisel-gelisim","7":"pa_cilt-ciltsiz","8":"pa_tur-kitap","9":"pa_yayinevi-yediveren-yayinlari","10":"pa_yazar-alisan-kapaklikaya","12":"first","13":"instock","14":"sale","15":"shipping-taxable","16":"purchasable","17":"product-type-simple"},"_links":{"self":[{"href":"https:\/\/roveyayinevi.com.tr\/index.php\/wp-json\/wp\/v2\/product\/711409","targetHints":{"allow":["GET"]}}],"collection":[{"href":"https:\/\/roveyayinevi.com.tr\/index.php\/wp-json\/wp\/v2\/product"}],"about":[{"href":"https:\/\/roveyayinevi.com.tr\/index.php\/wp-json\/wp\/v2\/types\/product"}],"wp:attachment":[{"href":"https:\/\/roveyayinevi.com.tr\/index.php\/wp-json\/wp\/v2\/media?parent=711409"}],"wp:term":[{"taxonomy":"product_brand","embeddable":true,"href":"https:\/\/roveyayinevi.com.tr\/index.php\/wp-json\/wp\/v2\/product_brand?post=711409"},{"taxonomy":"product_cat","embeddable":true,"href":"https:\/\/roveyayinevi.com.tr\/index.php\/wp-json\/wp\/v2\/product_cat?post=711409"},{"taxonomy":"product_tag","embeddable":true,"href":"https:\/\/roveyayinevi.com.tr\/index.php\/wp-json\/wp\/v2\/product_tag?post=711409"}],"curies":[{"name":"wp","href":"https:\/\/api.w.org\/{rel}","templated":true}]}}