{"id":711406,"date":"2025-08-27T16:45:05","date_gmt":"2025-08-27T13:45:05","guid":{"rendered":"https:\/\/roveyayinevi.com.tr\/index.php\/urun\/eger-inanirsan\/"},"modified":"2026-04-13T02:25:02","modified_gmt":"2026-04-12T23:25:02","slug":"eger-inanirsan","status":"publish","type":"product","link":"https:\/\/roveyayinevi.com.tr\/index.php\/urun\/eger-inanirsan\/","title":{"rendered":"E\u011fer \u0130nan\u0131rsan"},"content":{"rendered":"<p>Ger\u00e7ek \u00f6zg\u00fcrl\u00fck, y\u00fcre\u011finin sesini dinleyebilmektir\u2026  Ya\u015fad\u0131\u011f\u0131 elma \u00e7iftli\u011finden bir ad\u0131m bile uzakla\u015famayan g\u00fczel ve h\u00fcz\u00fcnl\u00fc Mariah ile gitti\u011fi hi\u00e7bir yerde birka\u00e7 g\u00fcnden fazla kalamayan yak\u0131\u015f\u0131kl\u0131, umursamaz serseri Deli Fi\u015fek; birbirlerinden \u00e7ok farkl\u0131 iki insan\u0131n yollar\u0131n\u0131n kesi\u015fti\u011fi yerde do\u011fan bir a\u015fk\u0131n hik\u00e2yesi\u2026 Mariah k\u00fc\u00e7\u00fck ya\u015fta evden ayr\u0131lm\u0131\u015f, a\u015fk\u0131n en ac\u0131 verici haliyle tan\u0131\u015fm\u0131\u015f ve ailesinin yan\u0131na geri d\u00f6nmek zorunda kalm\u0131\u015ft\u0131r. Y\u00fczle\u015femedi\u011fi gizli ge\u00e7mi\u015fi onu \u00e7iftli\u011fin \u00e7itleri aras\u0131na hapsetmi\u015f, hayat\u0131n renklerinden, duygulardan uzak tutmu\u015ftur. Kendine ge\u00e7ici bir i\u015f arayan Deli Fi\u015fek \u00e7iftli\u011fe geldi\u011finde ikisinin de akl\u0131n\u0131n ucundan bile ge\u00e7meyecek bir \u015fey olur ve a\u015fk mucizevi bir \u015fekilde kalplerini ele ge\u00e7irir. Mor y\u0131ld\u0131z \u00e7i\u00e7eklerinin, k\u0131zar\u0131p olgunla\u015fm\u0131\u015f elmalar\u0131n, sonbahar r\u00fczg\u00e2rlar\u0131n\u0131n aras\u0131nda gizli bulu\u015fmalarla, ka\u00e7amak dokunu\u015flarla ya\u015fanan tutkulu bir a\u015fkt\u0131r onlar\u0131nki. Ama Deli Fi\u015fek gibi gezgin ruhlu bir adam i\u00e7in \u00f6zg\u00fcrl\u00fc\u011f\u00fcnden vazge\u00e7mek \u00e7ok zordur. Bir taraf\u0131 kalmak istese de bunu a\u015fk u\u011fruna bile yapabilece\u011finden emin de\u011fildir. B\u00f6ylece iki sevgili, h\u00fcz\u00fcnl\u00fc bir yol ayr\u0131m\u0131na gelir. A\u015fk\u0131n insan\u0131n hayat\u0131na anlam katan g\u00fczelli\u011fine, verdi\u011fi cesarete ve g\u00fcce dair y\u00fcrek burkan, \u015fa\u015f\u0131rt\u0131c\u0131 bir roman\u2026    \u201cHannah bu hik\u00e2yeyi samimiyetle, \u015fefkatle ve canl\u0131 detaylarla yaratm\u0131\u015f. Karakterlerini, \u00f6zellikle de karanl\u0131k ge\u00e7mi\u015fine ra\u011fmen dimdik ayakta duran, inan\u00e7lar\u0131na tutunan Mariah karakterini sevmemek imk\u00e2ns\u0131z.\u201d -Publishers Weekly- \u201cKarakterlerinin ruh hallerini ve duygular\u0131 resmetmekte Hannah\u2019n\u0131n \u00fcst\u00fcne yok.\u201d -The Washington Post Book World- <\/p>\n","protected":false},"excerpt":{"rendered":"<p>Ger\u00e7ek \u00f6zg\u00fcrl\u00fck, y\u00fcre\u011finin sesini dinleyebilmektir\u2026 Ya\u015fad\u0131\u011f\u0131 elma \u00e7iftli\u011finden bir ad\u0131m bile uzakla\u015famayan g\u00fczel ve h\u00fcz\u00fcnl\u00fc Mariah ile gitti\u011fi hi\u00e7bir yerde birka\u00e7 g\u00fcnden fazla kalamayan yak\u0131\u015f\u0131kl\u0131, umursamaz<span class=\"excerpt-hellip\"> [\u2026]<\/span><\/p>\n","protected":false},"featured_media":0,"template":"","meta":{"_monsterinsights_skip_tracking":false,"_monsterinsights_sitenote_active":false,"_monsterinsights_sitenote_note":"","_monsterinsights_sitenote_category":0},"product_brand":[],"product_cat":[12291,12711],"product_tag":[],"class_list":{"0":"post-711406","1":"product","2":"type-product","3":"status-publish","5":"product_cat-edebiyat","6":"product_cat-roman-oyku","7":"pa_cilt-ciltsiz","8":"pa_tur-kitap","9":"pa_yayinevi-pegasus-yayinlari","10":"pa_yazar-kristin-hannah","12":"first","13":"instock","14":"sale","15":"shipping-taxable","16":"purchasable","17":"product-type-simple"},"_links":{"self":[{"href":"https:\/\/roveyayinevi.com.tr\/index.php\/wp-json\/wp\/v2\/product\/711406","targetHints":{"allow":["GET"]}}],"collection":[{"href":"https:\/\/roveyayinevi.com.tr\/index.php\/wp-json\/wp\/v2\/product"}],"about":[{"href":"https:\/\/roveyayinevi.com.tr\/index.php\/wp-json\/wp\/v2\/types\/product"}],"wp:attachment":[{"href":"https:\/\/roveyayinevi.com.tr\/index.php\/wp-json\/wp\/v2\/media?parent=711406"}],"wp:term":[{"taxonomy":"product_brand","embeddable":true,"href":"https:\/\/roveyayinevi.com.tr\/index.php\/wp-json\/wp\/v2\/product_brand?post=711406"},{"taxonomy":"product_cat","embeddable":true,"href":"https:\/\/roveyayinevi.com.tr\/index.php\/wp-json\/wp\/v2\/product_cat?post=711406"},{"taxonomy":"product_tag","embeddable":true,"href":"https:\/\/roveyayinevi.com.tr\/index.php\/wp-json\/wp\/v2\/product_tag?post=711406"}],"curies":[{"name":"wp","href":"https:\/\/api.w.org\/{rel}","templated":true}]}}