{"id":711404,"date":"2025-08-27T16:45:04","date_gmt":"2025-08-27T13:45:04","guid":{"rendered":"https:\/\/roveyayinevi.com.tr\/index.php\/urun\/aramizda-kalsin\/"},"modified":"2026-04-16T02:19:54","modified_gmt":"2026-04-15T23:19:54","slug":"aramizda-kalsin","status":"publish","type":"product","link":"https:\/\/roveyayinevi.com.tr\/index.php\/urun\/aramizda-kalsin\/","title":{"rendered":"Aram\u0131zda Kals\u0131n"},"content":{"rendered":"<p>\u0130nan\u0131yorum ki: Bu kitab\u0131 okurken; \u00e7ok g\u00fcleceksin, heyecanlanacaks\u0131n, uykusuz kalacaks\u0131n, meraktan \u00e7atlayacaks\u0131n, kimseyi k\u0131namayacaks\u0131n, kimseyi yarg\u0131lamayacaks\u0131n, art\u0131k engel tan\u0131mayacaks\u0131n, h\u0131\u00e7k\u0131ra h\u0131\u00e7k\u0131ra a\u011flayacaks\u0131n, asla elinden b\u0131rakmayacaks\u0131n, bu kadar da olamaz diyeceksin, \u00e7ok k\u0131zacak hatta \u00f6fkeleneceksin, art\u0131k hi\u00e7 kimseyi su\u00e7lamayacaks\u0131n, hayat\u0131n\u0131 yeniden g\u00f6zden ge\u00e7ireceksin, Ve sonundaaaa&#8230;. \ufffcTan\u0131t\u0131m Metni<\/p>\n","protected":false},"excerpt":{"rendered":"<p>\u0130nan\u0131yorum ki: Bu kitab\u0131 okurken; \u00e7ok g\u00fcleceksin, heyecanlanacaks\u0131n, uykusuz kalacaks\u0131n, meraktan \u00e7atlayacaks\u0131n, kimseyi k\u0131namayacaks\u0131n, kimseyi yarg\u0131lamayacaks\u0131n, art\u0131k engel tan\u0131mayacaks\u0131n, h\u0131\u00e7k\u0131ra h\u0131\u00e7k\u0131ra a\u011flayacaks\u0131n, asla elinden b\u0131rakmayacaks\u0131n, bu<span class=\"excerpt-hellip\"> [\u2026]<\/span><\/p>\n","protected":false},"featured_media":0,"template":"","meta":{"_monsterinsights_skip_tracking":false,"_monsterinsights_sitenote_active":false,"_monsterinsights_sitenote_note":"","_monsterinsights_sitenote_category":0},"product_brand":[],"product_cat":[12364,12376],"product_tag":[],"class_list":{"0":"post-711404","1":"product","2":"type-product","3":"status-publish","5":"product_cat-genel-konular","6":"product_cat-kisisel-gelisim","7":"pa_cilt-ciltsiz","8":"pa_tur-kitap","9":"pa_yayinevi-yediveren-yayinlari","10":"pa_yazar-hatice-gurses-alisan-kapaklikaya","12":"first","13":"instock","14":"sale","15":"shipping-taxable","16":"purchasable","17":"product-type-simple"},"_links":{"self":[{"href":"https:\/\/roveyayinevi.com.tr\/index.php\/wp-json\/wp\/v2\/product\/711404","targetHints":{"allow":["GET"]}}],"collection":[{"href":"https:\/\/roveyayinevi.com.tr\/index.php\/wp-json\/wp\/v2\/product"}],"about":[{"href":"https:\/\/roveyayinevi.com.tr\/index.php\/wp-json\/wp\/v2\/types\/product"}],"wp:attachment":[{"href":"https:\/\/roveyayinevi.com.tr\/index.php\/wp-json\/wp\/v2\/media?parent=711404"}],"wp:term":[{"taxonomy":"product_brand","embeddable":true,"href":"https:\/\/roveyayinevi.com.tr\/index.php\/wp-json\/wp\/v2\/product_brand?post=711404"},{"taxonomy":"product_cat","embeddable":true,"href":"https:\/\/roveyayinevi.com.tr\/index.php\/wp-json\/wp\/v2\/product_cat?post=711404"},{"taxonomy":"product_tag","embeddable":true,"href":"https:\/\/roveyayinevi.com.tr\/index.php\/wp-json\/wp\/v2\/product_tag?post=711404"}],"curies":[{"name":"wp","href":"https:\/\/api.w.org\/{rel}","templated":true}]}}