{"id":711403,"date":"2025-08-27T16:45:04","date_gmt":"2025-08-27T13:45:04","guid":{"rendered":"https:\/\/roveyayinevi.com.tr\/index.php\/urun\/illuminae-ciltli\/"},"modified":"2025-09-22T10:56:59","modified_gmt":"2025-09-22T07:56:59","slug":"illuminae-ciltli","status":"publish","type":"product","link":"https:\/\/roveyayinevi.com.tr\/index.php\/urun\/illuminae-ciltli\/","title":{"rendered":"Illuminae (Ciltli)"},"content":{"rendered":"<p>Sabah, Kady erkek arkada\u015f\u0131 Ezra\u2019dan ayr\u0131lmaktan daha k\u00f6t\u00fcs\u00fcn\u00fcn ba\u015f\u0131na gelemeyece\u011fini d\u00fc\u015f\u00fcn\u00fcyordu. \u00d6\u011flen, gezegeni istila edildi.2575 y\u0131l\u0131nda uzay\u0131n \u00e7o\u011funu h\u00e2kimiyeti alt\u0131nda tutan iki mega\u015firketten \u2015 *******ve  *******\u2015 biri, Kady ve Ezra\u2019n\u0131n gezegenini yok ederek galaksileraras\u0131 bir sava\u015f ba\u015flat\u0131r. Binlerce m\u00fclteciyle beraber s\u0131\u011f\u0131\u015ft\u0131klar\u0131 gemilerden olu\u015fan ufak filonun pe\u015findeki d\u00fc\u015fman sava\u015f gemileri ilk ba\u015fta en b\u00fcy\u00fck sorunlar\u0131 gibi g\u00f6r\u00fcnse de ortaya daha b\u00fcy\u00fck tehditler \u00e7\u0131kacakt\u0131r. \u00d6l\u00fcmc\u00fcl bir ******** ortaya \u00e7\u0131km\u0131\u015ft\u0131r, filonun onlar\u0131 korumas\u0131 gereken yapay zek\u00e2s\u0131 d\u00fc\u015fmanca ad\u0131mlar atmaktad\u0131r, komuta kademesi ciddi sorunlar oldu\u011funu ink\u00e2r etmektedir. Kady ger\u00e7e\u011fi a\u00e7\u0131\u011fa \u00e7\u0131karmak i\u00e7in bir veri heng\u00e2mesine dalm\u0131\u015fken m\u00fcltecileri kurtarmakta ona yard\u0131m edebilecek tek ki\u015finin Ezra oldu\u011funun fark\u0131na varacakt\u0131r: Bir daha asla konu\u015fmayaca\u011f\u0131na yemin etti\u011fi eskierkek arkada\u015f\u0131. BR\u0130F\u0130NG NOTU: E-postalar, \u015femalar, askeri evraklar, \u00f6zel mesajlar, t\u0131bbi raporlar, r\u00f6portajlar ve bunun gibi pek \u00e7ok hack\u2019lenmi\u015f belge \u00fczerinden anlat\u0131lan Illuminae, dengesi bozulan hayatlar, ger\u00e7e\u011fin bedeli ve s\u0131radan insanlar\u0131n kahramanl\u0131klar\u0131na dair dur durak bilmeyen, aksiyon dolu bir destan\u0131n ilk kitab\u0131.  \u201cIlluminae sadece \u0131\u015f\u0131k h\u0131z\u0131nda seyreden heyecan dolu bir \u00f6yk\u00fc de\u011fil, ayn\u0131 zamanda roman t\u00fcr\u00fcn\u00fc yeniden tan\u0131mlayan bir eser. Daha \u00f6nce hi\u00e7 b\u00f6yle bir kitap okumam\u0131\u015ft\u0131m. Kalbimdeki Battlestar Galactica boyutundaki bo\u015flu\u011fu doldurdu.\u201d-Victoria Aveyard, K\u0131z\u0131l Krali\u00e7e\u2019nin \u00e7oksatan yazar\u0131- \u201cBiraz a\u015fkla, biraz da Stanley Kubrick\u2019in 2001\u2019ine yap\u0131lan g\u00f6ndermelerle \u00f6r\u00fclm\u00fc\u015f, ilginizin ba\u015fka bir yere kaymas\u0131na izin vermeyen bir g\u00f6rsel deneyim. Bi\u00e7im ve i\u00e7eri\u011fin m\u00fckemmel birle\u015fimi.\u201d-Booklist- \u201cUzay operas\u0131, romantizm, zombiler, hacker\u2019lar ve politik gerilimin enerjik bir kar\u0131\u015f\u0131m\u0131.\u201dScott Westerfeld, New York Times \u00e7oksatan yazar\u0131 \u201cIlluminae\u2019nin kapa\u011f\u0131n\u0131 a\u00e7\u0131p \u015f\u00f6yle bir bakt\u0131\u011f\u0131n\u0131z an s\u0131radan bir romanla kar\u015f\u0131 kar\u015f\u0131ya olmad\u0131\u011f\u0131n\u0131z\u0131 anl\u0131yorsunuz.\u201d  \u201cKendinizi Illuminae\u2019ye haz\u0131rlay\u0131n.\u201d  \u201cTam anlam\u0131yla interaktif bir deneyim\u2026 \u0130nan\u0131lmaz e\u011flenceli bir yolculuk.\u201d  \u201cD\u00fcnya d\u0131\u015f\u0131 muhte\u015femlikte.\u201d-Kirkus Reviews- \u201cBa\u015f d\u00f6nd\u00fcr\u00fcc\u00fc bir tarz.\u201d-Publishers Weekly- \u201cDevrim yaratacak bir eser.\u201d-Shelf Awareness- \u201cS\u0131k\u0131 tutunun. Hayal d\u00fcnyan\u0131zda asla d\u00f6nmek istemeyece\u011finiz bir yolculu\u011fa \u00e7\u0131kacaks\u0131n\u0131z.\u201dMarie Lu, Efsane \u00fc\u00e7lemesinin yazar\u0131 \u201cT\u00fcr\u00fc: Tan\u0131mlanamaz. Roman: Unutulmaz.\u201d-Kami Garcia, New York Times \u00e7oksatan yazar\u0131- \u201c\u0130nsan\u0131 hayrete d\u00fc\u015f\u00fcrecek kadar yarat\u0131c\u0131. Zeki, komik ve romantik.\u201dVeronica Rossi, Sonsuz G\u00f6ky\u00fcz\u00fcn\u00fcn Alt\u0131nda\u2019n\u0131n \u00e7oksatan yazar\u0131 \u201cBu, insan\u0131n kalbini delicesine att\u0131ran, hik\u00e2yenin katmanlar\u0131 \u00e7\u00f6z\u00fcl\u00fcrken sayfalar\u0131n sab\u0131rs\u0131zca \u00e7evrildi\u011fi ve sevilen karakterlerin hayatta kalmas\u0131n\u0131 dileten az say\u0131daki kitaptan biri.\u201d Beth Revis \u201cCesur k\u0131zlar, yak\u0131\u015f\u0131kl\u0131 pilotlar, bolca y\u00fcrek, bolca kalp k\u0131r\u0131kl\u0131\u011f\u0131, ak\u0131l hastas\u0131 bir uzay gemisi ve hatta pembe sa\u00e7lar! Bu kitap bir harika.\u201d Laini Taylor, New York Times \u00e7oksatan yazar\u0131 \u201cAl\u0131\u015f\u0131ld\u0131k paragraflar az\u0131nl\u0131kta olmas\u0131na ra\u011fmen, b\u00fct\u00fcn elementler bir araya gelip tatmin edici bir dosya olu\u015fturdu\u011funda \u015fa\u015f\u0131rt\u0131c\u0131 derecede ak\u0131c\u0131 bir anlat\u0131m ortaya \u00e7\u0131kar\u0131yor.\u201d School Library Journal \u201cSayfalarda aksiyon \u00f6ne \u00e7\u0131kar\u0131lsa da, duygusal ve ebed\u00ee bir a\u015fk hik\u00e2yesi de kendini g\u00f6steriyor.\u201dChildren\u2019s Literature Kirkus, Y\u0131l\u0131n En \u0130yi Kitab\u0131, 2015Booklist, Y\u0131l\u0131n En \u0130yi Gen\u00e7lik Roman\u0131, 2015YALSA, Y\u0131l\u0131n En \u0130yi Roman\u0131, 2016VOYA, 2015\u2019in En \u00c7ok Okunan Kitab\u0131Romantic Times, Y\u0131l\u0131n En \u0130yi Kitab\u0131Amazon, Y\u0131l\u0131n En \u0130yi Gen\u00e7lik Roman\u0131, 2015 <\/p>\n","protected":false},"excerpt":{"rendered":"<p>Sabah, Kady erkek arkada\u015f\u0131 Ezra\u2019dan ayr\u0131lmaktan daha k\u00f6t\u00fcs\u00fcn\u00fcn ba\u015f\u0131na gelemeyece\u011fini d\u00fc\u015f\u00fcn\u00fcyordu. \u00d6\u011flen, gezegeni istila edildi.2575 y\u0131l\u0131nda uzay\u0131n \u00e7o\u011funu h\u00e2kimiyeti alt\u0131nda tutan iki mega\u015firketten \u2015 *******ve *******\u2015<span class=\"excerpt-hellip\"> [\u2026]<\/span><\/p>\n","protected":false},"featured_media":0,"template":"","meta":{"_monsterinsights_skip_tracking":false,"_monsterinsights_sitenote_active":false,"_monsterinsights_sitenote_note":"","_monsterinsights_sitenote_category":0},"product_brand":[],"product_cat":[12540,12291],"product_tag":[],"class_list":{"0":"post-711403","1":"product","2":"type-product","3":"status-publish","5":"product_cat-bilim-kurgu","6":"product_cat-edebiyat","7":"pa_cilt-ciltli","8":"pa_tur-kitap","9":"pa_yayinevi-pegasus-yayinlari","10":"pa_yazar-amie-kaufman-jay-kristoff","12":"first","13":"instock","14":"sale","15":"shipping-taxable","16":"purchasable","17":"product-type-simple"},"_links":{"self":[{"href":"https:\/\/roveyayinevi.com.tr\/index.php\/wp-json\/wp\/v2\/product\/711403","targetHints":{"allow":["GET"]}}],"collection":[{"href":"https:\/\/roveyayinevi.com.tr\/index.php\/wp-json\/wp\/v2\/product"}],"about":[{"href":"https:\/\/roveyayinevi.com.tr\/index.php\/wp-json\/wp\/v2\/types\/product"}],"wp:attachment":[{"href":"https:\/\/roveyayinevi.com.tr\/index.php\/wp-json\/wp\/v2\/media?parent=711403"}],"wp:term":[{"taxonomy":"product_brand","embeddable":true,"href":"https:\/\/roveyayinevi.com.tr\/index.php\/wp-json\/wp\/v2\/product_brand?post=711403"},{"taxonomy":"product_cat","embeddable":true,"href":"https:\/\/roveyayinevi.com.tr\/index.php\/wp-json\/wp\/v2\/product_cat?post=711403"},{"taxonomy":"product_tag","embeddable":true,"href":"https:\/\/roveyayinevi.com.tr\/index.php\/wp-json\/wp\/v2\/product_tag?post=711403"}],"curies":[{"name":"wp","href":"https:\/\/api.w.org\/{rel}","templated":true}]}}