{"id":711402,"date":"2025-08-27T16:45:03","date_gmt":"2025-08-27T13:45:03","guid":{"rendered":"https:\/\/roveyayinevi.com.tr\/index.php\/urun\/mikro-isletmeler\/"},"modified":"2026-04-16T02:19:54","modified_gmt":"2026-04-15T23:19:54","slug":"mikro-isletmeler","status":"publish","type":"product","link":"https:\/\/roveyayinevi.com.tr\/index.php\/urun\/mikro-isletmeler\/","title":{"rendered":"Mikro \u0130\u015fletmeler"},"content":{"rendered":"<p>M\u0130KRO \u0130\u015eLETMELER M\u0130KRO \u0130\u015eLETMELER\u0130N GEL\u0130\u015eT\u0130R\u0130LMES\u0130, SOSYAL VE EKONOM\u0130K YA\u015eAMA ENTEGRASYONU, \u0130\u015eS\u0130ZL\u0130KTE M\u00dcCADELEDE ETK\u0130NL\u0130\u011e\u0130N ARTTIRILMASI G\u0130R\u0130\u015e   KOB\u0130 TANIMI VE M\u0130KRO \u0130\u015eLETMELER   M\u0130KRO \u0130\u015eLETMELER\u0130N GEL\u0130\u015eT\u0130R\u0130LMES\u0130   M\u0130KRO \u0130\u015eLETMELER\u0130N EKONOM\u0130K VE SOSYAL HAYATA ENTEGRASYONU   M\u0130KRO \u0130\u015eLETMELER\u0130N \u0130\u015eS\u0130ZL\u0130KLE M\u00dcCADELEDE ETK\u0130NLE\u015eT\u0130R\u0130LMES\u0130 <\/p>\n","protected":false},"excerpt":{"rendered":"<p>M\u0130KRO \u0130\u015eLETMELER M\u0130KRO \u0130\u015eLETMELER\u0130N GEL\u0130\u015eT\u0130R\u0130LMES\u0130, SOSYAL VE EKONOM\u0130K YA\u015eAMA ENTEGRASYONU, \u0130\u015eS\u0130ZL\u0130KTE M\u00dcCADELEDE ETK\u0130NL\u0130\u011e\u0130N ARTTIRILMASI G\u0130R\u0130\u015e KOB\u0130 TANIMI VE M\u0130KRO \u0130\u015eLETMELER M\u0130KRO \u0130\u015eLETMELER\u0130N GEL\u0130\u015eT\u0130R\u0130LMES\u0130 M\u0130KRO \u0130\u015eLETMELER\u0130N EKONOM\u0130K<span class=\"excerpt-hellip\"> [\u2026]<\/span><\/p>\n","protected":false},"featured_media":0,"template":"","meta":{"_monsterinsights_skip_tracking":false,"_monsterinsights_sitenote_active":false,"_monsterinsights_sitenote_note":"","_monsterinsights_sitenote_category":0},"product_brand":[],"product_cat":[13043,14381],"product_tag":[],"class_list":{"0":"post-711402","1":"product","2":"type-product","3":"status-publish","5":"product_cat-ekonomi","6":"product_cat-isletme-muhasebe-maliye","7":"pa_cilt-ciltsiz","8":"pa_tur-kitap","9":"pa_yayinevi-gazi-kitabevi","10":"pa_yazar-ismail-serinkan","12":"first","13":"instock","14":"sale","15":"shipping-taxable","16":"purchasable","17":"product-type-simple"},"_links":{"self":[{"href":"https:\/\/roveyayinevi.com.tr\/index.php\/wp-json\/wp\/v2\/product\/711402","targetHints":{"allow":["GET"]}}],"collection":[{"href":"https:\/\/roveyayinevi.com.tr\/index.php\/wp-json\/wp\/v2\/product"}],"about":[{"href":"https:\/\/roveyayinevi.com.tr\/index.php\/wp-json\/wp\/v2\/types\/product"}],"wp:attachment":[{"href":"https:\/\/roveyayinevi.com.tr\/index.php\/wp-json\/wp\/v2\/media?parent=711402"}],"wp:term":[{"taxonomy":"product_brand","embeddable":true,"href":"https:\/\/roveyayinevi.com.tr\/index.php\/wp-json\/wp\/v2\/product_brand?post=711402"},{"taxonomy":"product_cat","embeddable":true,"href":"https:\/\/roveyayinevi.com.tr\/index.php\/wp-json\/wp\/v2\/product_cat?post=711402"},{"taxonomy":"product_tag","embeddable":true,"href":"https:\/\/roveyayinevi.com.tr\/index.php\/wp-json\/wp\/v2\/product_tag?post=711402"}],"curies":[{"name":"wp","href":"https:\/\/api.w.org\/{rel}","templated":true}]}}