{"id":711400,"date":"2025-08-27T16:45:02","date_gmt":"2025-08-27T13:45:02","guid":{"rendered":"https:\/\/roveyayinevi.com.tr\/index.php\/urun\/okul-oncesi-muzik-egitim\/"},"modified":"2026-04-16T02:19:54","modified_gmt":"2026-04-15T23:19:54","slug":"okul-oncesi-muzik-egitim","status":"publish","type":"product","link":"https:\/\/roveyayinevi.com.tr\/index.php\/urun\/okul-oncesi-muzik-egitim\/","title":{"rendered":"Okul \u00d6ncesi M\u00fczik E\u011fitim"},"content":{"rendered":"<p>Efe Akbulut Okul \u00d6ncesi M\u00fczik e\u011fitimi, temel olarak E\u011fitim fak\u00fclteleri Okul \u00d6ncesi E\u011fitimi Anabilim Dal\u0131 \u00f6\u011frencileri i\u00e7in haz\u0131rlanm\u0131\u015ft\u0131r. Ancak, bununla birlikte, Okul \u00d6ncesi M\u00fczik E\u011fitimi, okul \u00f6ncesi ve m\u00fczik e\u011fitimi alan\u0131 ile ilgilenen b\u00fct\u00fcn e\u011fitimcilere y\u00f6nelik haz\u0131rlanm\u0131\u015f bir \u00e7al\u0131\u015fma olarak da kabul edilir.G\u00fcn\u00fcm\u00fczde e\u011fitim Fak\u00fclteleri Okul \u00d6ncesi M\u00fczik E\u011fitimine y\u00f6nelik bir ders kitab\u0131 olabilecek \u00e7al\u0131\u015fmaya rastlanmamaktad\u0131r. G\u00f6ze \u00e7arpan ilgili \u00e7al\u0131\u015fmalar olsa da, bu \u00e7al\u0131\u015fmalar ya teorik bazda kalmakta ya da sadece \u015fark\u0131 \u00f6\u011fretimine dayanmaktad\u0131r. <\/p>\n","protected":false},"excerpt":{"rendered":"<p>Efe Akbulut Okul \u00d6ncesi M\u00fczik e\u011fitimi, temel olarak E\u011fitim fak\u00fclteleri Okul \u00d6ncesi E\u011fitimi Anabilim Dal\u0131 \u00f6\u011frencileri i\u00e7in haz\u0131rlanm\u0131\u015ft\u0131r. Ancak, bununla birlikte, Okul \u00d6ncesi M\u00fczik E\u011fitimi, okul<span class=\"excerpt-hellip\"> [\u2026]<\/span><\/p>\n","protected":false},"featured_media":0,"template":"","meta":{"_monsterinsights_skip_tracking":false,"_monsterinsights_sitenote_active":false,"_monsterinsights_sitenote_note":"","_monsterinsights_sitenote_category":0},"product_brand":[],"product_cat":[15351,15350],"product_tag":[],"class_list":{"0":"post-711400","1":"product","2":"type-product","3":"status-publish","5":"product_cat-ders-kitaplari","6":"product_cat-hukuk","7":"pa_cilt-ciltsiz","8":"pa_tur-kitap","9":"pa_yayinevi-ani-yayincilik","10":"pa_yazar-efe-akbulut","12":"first","13":"instock","14":"sale","15":"shipping-taxable","16":"purchasable","17":"product-type-simple"},"_links":{"self":[{"href":"https:\/\/roveyayinevi.com.tr\/index.php\/wp-json\/wp\/v2\/product\/711400","targetHints":{"allow":["GET"]}}],"collection":[{"href":"https:\/\/roveyayinevi.com.tr\/index.php\/wp-json\/wp\/v2\/product"}],"about":[{"href":"https:\/\/roveyayinevi.com.tr\/index.php\/wp-json\/wp\/v2\/types\/product"}],"wp:attachment":[{"href":"https:\/\/roveyayinevi.com.tr\/index.php\/wp-json\/wp\/v2\/media?parent=711400"}],"wp:term":[{"taxonomy":"product_brand","embeddable":true,"href":"https:\/\/roveyayinevi.com.tr\/index.php\/wp-json\/wp\/v2\/product_brand?post=711400"},{"taxonomy":"product_cat","embeddable":true,"href":"https:\/\/roveyayinevi.com.tr\/index.php\/wp-json\/wp\/v2\/product_cat?post=711400"},{"taxonomy":"product_tag","embeddable":true,"href":"https:\/\/roveyayinevi.com.tr\/index.php\/wp-json\/wp\/v2\/product_tag?post=711400"}],"curies":[{"name":"wp","href":"https:\/\/api.w.org\/{rel}","templated":true}]}}