{"id":711398,"date":"2025-08-27T16:45:01","date_gmt":"2025-08-27T13:45:01","guid":{"rendered":"https:\/\/roveyayinevi.com.tr\/index.php\/urun\/dunyanin-en-yuksek-kitap-dagi\/"},"modified":"2026-04-16T02:19:54","modified_gmt":"2026-04-15T23:19:54","slug":"dunyanin-en-yuksek-kitap-dagi","status":"publish","type":"product","link":"https:\/\/roveyayinevi.com.tr\/index.php\/urun\/dunyanin-en-yuksek-kitap-dagi\/","title":{"rendered":"D\u00fcnyan\u0131n En Y\u00fcksek Kitap Da\u011f\u0131"},"content":{"rendered":"<p>\u00c7ocuklar hayallerine kitaplarla u\u00e7ar&#8230;\u00d6p\u00fcc\u00fck Ne Renktir? adl\u0131 resimli kitab\u0131yla \u00e7ok sevilen sanat\u00e7\u0131 Rocio Bonilla&#8217;dan yepyeni bir resimli \u00f6yk\u00fc! \u00d6d\u00fcll\u00fc sanat\u00e7\u0131, yaz\u0131p resimledi\u011fi bu \u00f6zg\u00fcn kitapta, hayal g\u00fcc\u00fcn\u00fcn s\u0131n\u0131rs\u0131zl\u0131\u011f\u0131n\u0131 reng\u00e2renk bir macerayla anlat\u0131yor. Tek iste\u011fi u\u00e7mak olan ve bu sevdas\u0131ndan asla vazge\u00e7meyen bir \u00e7ocu\u011fun kitaplarla tan\u0131\u015fmas\u0131na e\u015flik eden okur, onun okuma ser\u00fcveninin pe\u015fine tak\u0131l\u0131yor. \u015eiirsel anlat\u0131m\u0131 kadar, e\u015fsiz desenleriyle de dikkati \u00e7eken kitap, d\u00fcnyay\u0131 ke\u015ffetmeye merakl\u0131 her ya\u015ftan okuru etkileyecek nitelikte. Lukas&#8217;\u0131n tek hayali u\u00e7makt\u0131r. B\u00fcy\u00fck, k\u00fc\u00e7\u00fck, ku\u015ft\u00fcy\u00fcnden, k\u00e2\u011f\u0131ttan, kartondan&#8230; bir s\u00fcr\u00fc kanat yapmay\u0131 dener. U\u00e7man\u0131n ba\u015fka yollar\u0131 oldu\u011funu s\u00f6yleyen annesi, ona do\u011fum g\u00fcn\u00fcnde bir kitap arma\u011fan edince, Lukas&#8217;\u0131n ya\u015fam\u0131 de\u011fi\u015fmeye ba\u015flar. Bah\u00e7edeki kitap da\u011f\u0131 y\u00fckseldik\u00e7e y\u00fckselir. Lukas, annesinin ne demek istedi\u011fini bir g\u00fcn anlayacak m\u0131d\u0131r?.. Rocio Bonilla, 1970 y\u0131l\u0131nda \u0130spanya&#8217;da, Barselona&#8217;da do\u011fdu. Barselona \u00dcniversitesi G\u00fczel Sanatlar Fak\u00fcltesi&#8217;nde \u00f6\u011frenim g\u00f6rd\u00fc. Okullarda pedagog olarak \u00e7al\u0131\u015fan Bonilla, \u00fcnl\u00fc \u0130spanyol ill\u00fcstrat\u00f6rler Ignasi Blanch ve Roger Olmos&#8217;la birlikte at\u00f6lye \u00e7al\u0131\u015fmalar\u0131na kat\u0131l\u0131yor, \u0130spanya&#8217;n\u0131n \u00f6nde gelen \u00e7ocuk dergilerine \u00e7iziyor. \u00c7ocuklar i\u00e7in yaz\u0131p resimledi\u011fi Cara de p\u00e1jaro (Ku\u015fbak\u0131\u015f\u0131, 2014) ve 2016&#8217;da G\u00fcn\u0131\u015f\u0131\u011f\u0131 Kitapl\u0131\u011f\u0131 taraf\u0131ndan T\u00fcrk\u00e7e&#8217;ye kazand\u0131r\u0131lan \u00d6p\u00fcc\u00fck Ne Renktir? (\u00bfDe qu\u00e9 color es un beso?, 2015) ile 2017&#8217;de yay\u0131mlanan D\u00fcnyan\u0131n En Y\u00fcksek Kitap Da\u011f\u0131 (La monta\u00f1a de libros m\u00e1s alta del mundo, 2015) pek \u00e7ok dile \u00e7evrildi. \u00d6p\u00fcc\u00fck Ne Renktir? \u0130spanya E\u011fitim K\u00fclt\u00fcr ve Spor Bakanl\u0131\u011f\u0131&#8217;n\u0131n, edebiyat yay\u0131nc\u0131l\u0131\u011f\u0131n\u0131 destekleme ama\u00e7l\u0131 2016 Y\u0131l\u0131n En \u0130yi Kitapla\u015fan \u00c7ocuk ve Gen\u00e7lik Kitaplar\u0131 se\u00e7iminde ilk \u00fc\u00e7te yer ald\u0131. \u00c7ocuklar i\u00e7in yaz\u0131p resimledi\u011fi son kitab\u0131 Esto no es una selva (Bu Bir Orman De\u011fil, 2017) olan sanat\u00e7\u0131, Barselona&#8217;da ya\u015f\u0131yor. <\/p>\n","protected":false},"excerpt":{"rendered":"<p>\u00c7ocuklar hayallerine kitaplarla u\u00e7ar&#8230;\u00d6p\u00fcc\u00fck Ne Renktir? adl\u0131 resimli kitab\u0131yla \u00e7ok sevilen sanat\u00e7\u0131 Rocio Bonilla&#8217;dan yepyeni bir resimli \u00f6yk\u00fc! \u00d6d\u00fcll\u00fc sanat\u00e7\u0131, yaz\u0131p resimledi\u011fi bu \u00f6zg\u00fcn kitapta, hayal<span class=\"excerpt-hellip\"> [\u2026]<\/span><\/p>\n","protected":false},"featured_media":0,"template":"","meta":{"_monsterinsights_skip_tracking":false,"_monsterinsights_sitenote_active":false,"_monsterinsights_sitenote_note":"","_monsterinsights_sitenote_category":0},"product_brand":[],"product_cat":[12275,12274],"product_tag":[],"class_list":{"0":"post-711398","1":"product","2":"type-product","3":"status-publish","5":"product_cat-6-12-yas-kitaplari","6":"product_cat-cocuk-ve-genclik-kitaplari","7":"pa_cilt-ciltsiz","8":"pa_tur-kitap","9":"pa_yayinevi-gunisigi-kitapligi","10":"pa_yazar-rocio-bonilla","12":"first","13":"instock","14":"sale","15":"shipping-taxable","16":"purchasable","17":"product-type-simple"},"_links":{"self":[{"href":"https:\/\/roveyayinevi.com.tr\/index.php\/wp-json\/wp\/v2\/product\/711398","targetHints":{"allow":["GET"]}}],"collection":[{"href":"https:\/\/roveyayinevi.com.tr\/index.php\/wp-json\/wp\/v2\/product"}],"about":[{"href":"https:\/\/roveyayinevi.com.tr\/index.php\/wp-json\/wp\/v2\/types\/product"}],"wp:attachment":[{"href":"https:\/\/roveyayinevi.com.tr\/index.php\/wp-json\/wp\/v2\/media?parent=711398"}],"wp:term":[{"taxonomy":"product_brand","embeddable":true,"href":"https:\/\/roveyayinevi.com.tr\/index.php\/wp-json\/wp\/v2\/product_brand?post=711398"},{"taxonomy":"product_cat","embeddable":true,"href":"https:\/\/roveyayinevi.com.tr\/index.php\/wp-json\/wp\/v2\/product_cat?post=711398"},{"taxonomy":"product_tag","embeddable":true,"href":"https:\/\/roveyayinevi.com.tr\/index.php\/wp-json\/wp\/v2\/product_tag?post=711398"}],"curies":[{"name":"wp","href":"https:\/\/api.w.org\/{rel}","templated":true}]}}