{"id":711397,"date":"2025-08-27T16:45:00","date_gmt":"2025-08-27T13:45:00","guid":{"rendered":"https:\/\/roveyayinevi.com.tr\/index.php\/urun\/surdurulebilirlik\/"},"modified":"2026-04-16T02:19:54","modified_gmt":"2026-04-15T23:19:54","slug":"surdurulebilirlik","status":"publish","type":"product","link":"https:\/\/roveyayinevi.com.tr\/index.php\/urun\/surdurulebilirlik\/","title":{"rendered":"S\u00fcrd\u00fcr\u00fclebilirlik"},"content":{"rendered":"<p>\u2022 S\u00fcrd\u00fcr\u00fclebilirlik nedir? \u2022 D\u00fcnyam\u0131z\u0131n kaynaklar\u0131 hepimiz i\u00e7in yeterli mi? \u2022 D\u00fcnyada neden a\u00e7l\u0131k var? \u2022 Kaynaklar\u0131 kullanmadaki sorumluluklar\u0131m\u0131z nelerdir? \u2022 Temiz enerji nedir? \u2022 2100 y\u0131l\u0131nda D\u00fcnya nas\u0131l bir yer olacak? Bunlar gibi daha onlarca sorunun yan\u0131t\u0131n\u0131 bu kitapta bulacaks\u0131n\u0131z.   Bu kitapla; gezegenimizin kaynaklar\u0131n\u0131n t\u00fckenmez olmad\u0131\u011f\u0131n\u0131, s\u00fcrd\u00fcr\u00fclebilir bir d\u00fcnya i\u00e7in yap\u0131lmas\u0131 gerekenleri ve Birle\u015fmi\u015f\u0327 Milletler S\u00fcrd\u00fcr\u00fclebilir Geli\u015fme Program\u0131\u2019n\u0131 \u00f6\u011frenecek, ABD ve Hindistan\u2019daki \u00f6rnek s\u00fcrd\u00fcr\u00fclebilir yasam alanlar\u0131n\u0131 yak\u0131ndan tan\u0131yacaks\u0131n\u0131z. <\/p>\n","protected":false},"excerpt":{"rendered":"<p>\u2022 S\u00fcrd\u00fcr\u00fclebilirlik nedir? \u2022 D\u00fcnyam\u0131z\u0131n kaynaklar\u0131 hepimiz i\u00e7in yeterli mi? \u2022 D\u00fcnyada neden a\u00e7l\u0131k var? \u2022 Kaynaklar\u0131 kullanmadaki sorumluluklar\u0131m\u0131z nelerdir? \u2022 Temiz enerji nedir? \u2022 2100<span class=\"excerpt-hellip\"> [\u2026]<\/span><\/p>\n","protected":false},"featured_media":0,"template":"","meta":{"_monsterinsights_skip_tracking":false,"_monsterinsights_sitenote_active":false,"_monsterinsights_sitenote_note":"","_monsterinsights_sitenote_category":0},"product_brand":[],"product_cat":[22249,13527],"product_tag":[],"class_list":{"0":"post-711397","1":"product","2":"type-product","3":"status-publish","5":"product_cat-bilim","6":"product_cat-sureli-yayinlar","7":"pa_cilt-ciltsiz","8":"pa_tur-kitap","9":"pa_yayinevi-beta-kids","10":"pa_yazar-alper-k-ates","12":"first","13":"instock","14":"sale","15":"shipping-taxable","16":"purchasable","17":"product-type-simple"},"_links":{"self":[{"href":"https:\/\/roveyayinevi.com.tr\/index.php\/wp-json\/wp\/v2\/product\/711397","targetHints":{"allow":["GET"]}}],"collection":[{"href":"https:\/\/roveyayinevi.com.tr\/index.php\/wp-json\/wp\/v2\/product"}],"about":[{"href":"https:\/\/roveyayinevi.com.tr\/index.php\/wp-json\/wp\/v2\/types\/product"}],"wp:attachment":[{"href":"https:\/\/roveyayinevi.com.tr\/index.php\/wp-json\/wp\/v2\/media?parent=711397"}],"wp:term":[{"taxonomy":"product_brand","embeddable":true,"href":"https:\/\/roveyayinevi.com.tr\/index.php\/wp-json\/wp\/v2\/product_brand?post=711397"},{"taxonomy":"product_cat","embeddable":true,"href":"https:\/\/roveyayinevi.com.tr\/index.php\/wp-json\/wp\/v2\/product_cat?post=711397"},{"taxonomy":"product_tag","embeddable":true,"href":"https:\/\/roveyayinevi.com.tr\/index.php\/wp-json\/wp\/v2\/product_tag?post=711397"}],"curies":[{"name":"wp","href":"https:\/\/api.w.org\/{rel}","templated":true}]}}