{"id":711396,"date":"2025-08-27T16:45:00","date_gmt":"2025-08-27T13:45:00","guid":{"rendered":"https:\/\/roveyayinevi.com.tr\/index.php\/urun\/kuresel-isinma\/"},"modified":"2026-04-16T02:19:54","modified_gmt":"2026-04-15T23:19:54","slug":"kuresel-isinma","status":"publish","type":"product","link":"https:\/\/roveyayinevi.com.tr\/index.php\/urun\/kuresel-isinma\/","title":{"rendered":"K\u00fcresel Is\u0131nma"},"content":{"rendered":"<p>\u2022 K\u00fcresel \u0131s\u0131nma nedir? \u2022 D\u00fcnyam\u0131z\u0131n \u0131s\u0131nd\u0131\u011f\u0131n\u0131 nereden biliyoruz? \u2022 K\u00fcresel \u0131s\u0131nma canl\u0131lar\u0131 nas\u0131l etkiler? \u2022 D\u00fcnyam\u0131z\u0131n \u0131s\u0131nmas\u0131nda insanlar\u0131n etkisi nedir? \u2022 K\u00fcresel \u0131s\u0131nman\u0131n su\u00e7lusu inekler mi? \u2022 K\u00fcresel \u0131s\u0131nmay\u0131 nas\u0131l durdurabiliriz? Bunlar gibi daha onlarca sorunun yan\u0131t\u0131 bu kitapta&#8230;   Ortalama s\u0131cakl\u0131\u011f\u0131n ne oldu\u011funu, k\u00fcresel \u0131s\u0131nman\u0131n sonu\u00e7lar\u0131n\u0131, bu konudaki bilimsel ara\u015ft\u0131rmalar\u0131n nas\u0131l yap\u0131ld\u0131\u011f\u0131n\u0131 ve sera gazlar\u0131n\u0131n D\u00fcnya\u2019ya etkilerini bu kitapla \u00f6\u011frenecek, D\u00fcnyam\u0131z\u0131 korumak i\u00e7in yapmam\u0131z gerekenleri fark edeceksiniz. <\/p>\n","protected":false},"excerpt":{"rendered":"<p>\u2022 K\u00fcresel \u0131s\u0131nma nedir? \u2022 D\u00fcnyam\u0131z\u0131n \u0131s\u0131nd\u0131\u011f\u0131n\u0131 nereden biliyoruz? \u2022 K\u00fcresel \u0131s\u0131nma canl\u0131lar\u0131 nas\u0131l etkiler? \u2022 D\u00fcnyam\u0131z\u0131n \u0131s\u0131nmas\u0131nda insanlar\u0131n etkisi nedir? \u2022 K\u00fcresel \u0131s\u0131nman\u0131n su\u00e7lusu inekler<span class=\"excerpt-hellip\"> [\u2026]<\/span><\/p>\n","protected":false},"featured_media":0,"template":"","meta":{"_monsterinsights_skip_tracking":false,"_monsterinsights_sitenote_active":false,"_monsterinsights_sitenote_note":"","_monsterinsights_sitenote_category":0},"product_brand":[],"product_cat":[22249,13527],"product_tag":[],"class_list":{"0":"post-711396","1":"product","2":"type-product","3":"status-publish","5":"product_cat-bilim","6":"product_cat-sureli-yayinlar","7":"pa_cilt-ciltsiz","8":"pa_tur-kitap","9":"pa_yayinevi-beta-kids","10":"pa_yazar-alper-k-ates","12":"first","13":"instock","14":"sale","15":"shipping-taxable","16":"purchasable","17":"product-type-simple"},"_links":{"self":[{"href":"https:\/\/roveyayinevi.com.tr\/index.php\/wp-json\/wp\/v2\/product\/711396","targetHints":{"allow":["GET"]}}],"collection":[{"href":"https:\/\/roveyayinevi.com.tr\/index.php\/wp-json\/wp\/v2\/product"}],"about":[{"href":"https:\/\/roveyayinevi.com.tr\/index.php\/wp-json\/wp\/v2\/types\/product"}],"wp:attachment":[{"href":"https:\/\/roveyayinevi.com.tr\/index.php\/wp-json\/wp\/v2\/media?parent=711396"}],"wp:term":[{"taxonomy":"product_brand","embeddable":true,"href":"https:\/\/roveyayinevi.com.tr\/index.php\/wp-json\/wp\/v2\/product_brand?post=711396"},{"taxonomy":"product_cat","embeddable":true,"href":"https:\/\/roveyayinevi.com.tr\/index.php\/wp-json\/wp\/v2\/product_cat?post=711396"},{"taxonomy":"product_tag","embeddable":true,"href":"https:\/\/roveyayinevi.com.tr\/index.php\/wp-json\/wp\/v2\/product_tag?post=711396"}],"curies":[{"name":"wp","href":"https:\/\/api.w.org\/{rel}","templated":true}]}}