{"id":711395,"date":"2025-08-27T16:45:00","date_gmt":"2025-08-27T13:45:00","guid":{"rendered":"https:\/\/roveyayinevi.com.tr\/index.php\/urun\/suyun-hikayesi\/"},"modified":"2026-04-16T02:19:53","modified_gmt":"2026-04-15T23:19:53","slug":"suyun-hikayesi","status":"publish","type":"product","link":"https:\/\/roveyayinevi.com.tr\/index.php\/urun\/suyun-hikayesi\/","title":{"rendered":"Suyun Hikayesi"},"content":{"rendered":"<p>\u2022 Su nas\u0131l olu\u015ftu? \u2022 Su D\u00fcnya\u2019ya nereden geldi? \u2022 Suyun tehlikeli oldu\u011funu nereden biliyoruz? \u2022 Dinozorlar da bizim i\u00e7ti\u011fimiz suyu mu i\u00e7ti? \u2022 Ne kadar suyumuz kald\u0131? \u2022 Suyu nas\u0131l kullanmam\u0131z gerekir?   Bunlar gibi daha onlarca sorunun cevab\u0131n\u0131 bu kitapta bulacak, D\u00fcnyam\u0131zdaki suyun heyecanl\u0131 hik\u00e2yesine tan\u0131kl\u0131k edeceksiniz. Bu kitapla; suyun k\u00f6kenini ve yap\u0131s\u0131n\u0131, kullan\u0131m alanlar\u0131n\u0131, ya\u015fam\u0131m\u0131z\u0131 nas\u0131l \u015fekillendirdi\u011fini ve suyu nas\u0131l kullanmam\u0131z gerekti\u011fini \u00f6\u011freneceksiniz. <\/p>\n","protected":false},"excerpt":{"rendered":"<p>\u2022 Su nas\u0131l olu\u015ftu? \u2022 Su D\u00fcnya\u2019ya nereden geldi? \u2022 Suyun tehlikeli oldu\u011funu nereden biliyoruz? \u2022 Dinozorlar da bizim i\u00e7ti\u011fimiz suyu mu i\u00e7ti? \u2022 Ne kadar<span class=\"excerpt-hellip\"> [\u2026]<\/span><\/p>\n","protected":false},"featured_media":0,"template":"","meta":{"_monsterinsights_skip_tracking":false,"_monsterinsights_sitenote_active":false,"_monsterinsights_sitenote_note":"","_monsterinsights_sitenote_category":0},"product_brand":[],"product_cat":[22249,13527],"product_tag":[],"class_list":{"0":"post-711395","1":"product","2":"type-product","3":"status-publish","5":"product_cat-bilim","6":"product_cat-sureli-yayinlar","7":"pa_cilt-ciltsiz","8":"pa_tur-kitap","9":"pa_yayinevi-beta-kids","10":"pa_yazar-alper-k-ates","12":"first","13":"instock","14":"sale","15":"shipping-taxable","16":"purchasable","17":"product-type-simple"},"_links":{"self":[{"href":"https:\/\/roveyayinevi.com.tr\/index.php\/wp-json\/wp\/v2\/product\/711395","targetHints":{"allow":["GET"]}}],"collection":[{"href":"https:\/\/roveyayinevi.com.tr\/index.php\/wp-json\/wp\/v2\/product"}],"about":[{"href":"https:\/\/roveyayinevi.com.tr\/index.php\/wp-json\/wp\/v2\/types\/product"}],"wp:attachment":[{"href":"https:\/\/roveyayinevi.com.tr\/index.php\/wp-json\/wp\/v2\/media?parent=711395"}],"wp:term":[{"taxonomy":"product_brand","embeddable":true,"href":"https:\/\/roveyayinevi.com.tr\/index.php\/wp-json\/wp\/v2\/product_brand?post=711395"},{"taxonomy":"product_cat","embeddable":true,"href":"https:\/\/roveyayinevi.com.tr\/index.php\/wp-json\/wp\/v2\/product_cat?post=711395"},{"taxonomy":"product_tag","embeddable":true,"href":"https:\/\/roveyayinevi.com.tr\/index.php\/wp-json\/wp\/v2\/product_tag?post=711395"}],"curies":[{"name":"wp","href":"https:\/\/api.w.org\/{rel}","templated":true}]}}