{"id":711394,"date":"2025-08-27T16:44:59","date_gmt":"2025-08-27T13:44:59","guid":{"rendered":"https:\/\/roveyayinevi.com.tr\/index.php\/urun\/koruma-altindaki-turler\/"},"modified":"2026-04-16T02:19:53","modified_gmt":"2026-04-15T23:19:53","slug":"koruma-altindaki-turler","status":"publish","type":"product","link":"https:\/\/roveyayinevi.com.tr\/index.php\/urun\/koruma-altindaki-turler\/","title":{"rendered":"Koruma Alt\u0131ndaki T\u00fcrler"},"content":{"rendered":"<p>\u2022 T\u00fcr nedir? \u2022 Canl\u0131lar neden yok olur? \u2022 \u0130nsanlar\u0131n baz\u0131 canl\u0131lar\u0131 yok etti\u011fini nereden biliyoruz? \u2022 Korumam\u0131z gereken canl\u0131lar nelerdir? \u2022 T\u00fcrlerin yok olmas\u0131n\u0131 nas\u0131l engelleyebiliriz? \u2022 \u0130nsanlar da yok olabilir mi?   Bu sorular\u0131n cevab\u0131n\u0131 ve daha fazlas\u0131n\u0131 bu kitapta bulacaks\u0131n\u0131z. Yok olan t\u00fcrleri, koruma alt\u0131ndaki hayvan ve bitkileri bu kitapla \u00f6\u011frenecek, t\u00fcm canl\u0131lar\u0131n yasam hakk\u0131 oldu\u011funu hat\u0131rlayarak, D\u00fcnyam\u0131z\u0131 di\u011fer canl\u0131larla payla\u015ft\u0131\u011f\u0131m\u0131z\u0131 fark edeceksiniz. <\/p>\n","protected":false},"excerpt":{"rendered":"<p>\u2022 T\u00fcr nedir? \u2022 Canl\u0131lar neden yok olur? \u2022 \u0130nsanlar\u0131n baz\u0131 canl\u0131lar\u0131 yok etti\u011fini nereden biliyoruz? \u2022 Korumam\u0131z gereken canl\u0131lar nelerdir? \u2022 T\u00fcrlerin yok olmas\u0131n\u0131 nas\u0131l<span class=\"excerpt-hellip\"> [\u2026]<\/span><\/p>\n","protected":false},"featured_media":0,"template":"","meta":{"_monsterinsights_skip_tracking":false,"_monsterinsights_sitenote_active":false,"_monsterinsights_sitenote_note":"","_monsterinsights_sitenote_category":0},"product_brand":[],"product_cat":[22249,13527],"product_tag":[],"class_list":{"0":"post-711394","1":"product","2":"type-product","3":"status-publish","5":"product_cat-bilim","6":"product_cat-sureli-yayinlar","7":"pa_cilt-ciltsiz","8":"pa_tur-kitap","9":"pa_yayinevi-beta-kids","10":"pa_yazar-alper-k-ates","12":"first","13":"instock","14":"sale","15":"shipping-taxable","16":"purchasable","17":"product-type-simple"},"_links":{"self":[{"href":"https:\/\/roveyayinevi.com.tr\/index.php\/wp-json\/wp\/v2\/product\/711394","targetHints":{"allow":["GET"]}}],"collection":[{"href":"https:\/\/roveyayinevi.com.tr\/index.php\/wp-json\/wp\/v2\/product"}],"about":[{"href":"https:\/\/roveyayinevi.com.tr\/index.php\/wp-json\/wp\/v2\/types\/product"}],"wp:attachment":[{"href":"https:\/\/roveyayinevi.com.tr\/index.php\/wp-json\/wp\/v2\/media?parent=711394"}],"wp:term":[{"taxonomy":"product_brand","embeddable":true,"href":"https:\/\/roveyayinevi.com.tr\/index.php\/wp-json\/wp\/v2\/product_brand?post=711394"},{"taxonomy":"product_cat","embeddable":true,"href":"https:\/\/roveyayinevi.com.tr\/index.php\/wp-json\/wp\/v2\/product_cat?post=711394"},{"taxonomy":"product_tag","embeddable":true,"href":"https:\/\/roveyayinevi.com.tr\/index.php\/wp-json\/wp\/v2\/product_tag?post=711394"}],"curies":[{"name":"wp","href":"https:\/\/api.w.org\/{rel}","templated":true}]}}