{"id":711393,"date":"2025-08-27T16:44:59","date_gmt":"2025-08-27T13:44:59","guid":{"rendered":"https:\/\/roveyayinevi.com.tr\/index.php\/urun\/geri-donusum\/"},"modified":"2026-02-03T02:31:46","modified_gmt":"2026-02-02T23:31:46","slug":"geri-donusum","status":"publish","type":"product","link":"https:\/\/roveyayinevi.com.tr\/index.php\/urun\/geri-donusum\/","title":{"rendered":"Geri D\u00f6n\u00fc\u015f\u00fcm"},"content":{"rendered":"<p>\u2022 \u00c7\u00f6plerimiz nereye gidiyor? \u2022 B\u00fct\u00fcn \u00e7\u00f6pler do\u011fada yok olur mu? \u2022 Geri d\u00f6n\u00fc\u015f\u00fcm nedir? \u2022 \u00c7\u00f6plerimizi nas\u0131l s\u0131n\u0131fland\u0131rmal\u0131y\u0131z? \u2022 Elektronik aletler eskiyince ne yap\u0131lmal\u0131? \u2022 Geri d\u00f6n\u00fc\u015f\u00fcm neden \u00f6nemlidir? Bu sorular\u0131n ve daha fazlas\u0131n\u0131n cevab\u0131n\u0131 bu kitapta bulacaks\u0131n\u0131z. Geri d\u00f6n\u00fc\u015f\u00fcm\u00fcn \u00f6nemini, hangi maddelerin geri d\u00f6n\u00fc\u015f\u00fcm\u00fcn\u00fcn yap\u0131ld\u0131\u011f\u0131n\u0131, organik geri d\u00f6n\u00fc\u015f\u00fcm\u00fcn nas\u0131l yap\u0131ld\u0131\u011f\u0131n\u0131, \u00e7ok kullan\u0131lan nesnelerin geri d\u00f6n\u00fc\u015f\u00fcm s\u00fcrelerini, \u00e7\u00f6plerden nas\u0131l enerji \u00fcretildi\u011fini bu kitapla \u00f6\u011frenecek, geri d\u00f6n\u00fc\u015f\u00fcm konusundaki sorumluluklar\u0131m\u0131z\u0131n fark\u0131na varacaks\u0131n\u0131z. <\/p>\n","protected":false},"excerpt":{"rendered":"<p>\u2022 \u00c7\u00f6plerimiz nereye gidiyor? \u2022 B\u00fct\u00fcn \u00e7\u00f6pler do\u011fada yok olur mu? \u2022 Geri d\u00f6n\u00fc\u015f\u00fcm nedir? \u2022 \u00c7\u00f6plerimizi nas\u0131l s\u0131n\u0131fland\u0131rmal\u0131y\u0131z? \u2022 Elektronik aletler eskiyince ne yap\u0131lmal\u0131? \u2022<span class=\"excerpt-hellip\"> [\u2026]<\/span><\/p>\n","protected":false},"featured_media":0,"template":"","meta":{"_monsterinsights_skip_tracking":false,"_monsterinsights_sitenote_active":false,"_monsterinsights_sitenote_note":"","_monsterinsights_sitenote_category":0},"product_brand":[],"product_cat":[22249,13527],"product_tag":[],"class_list":{"0":"post-711393","1":"product","2":"type-product","3":"status-publish","5":"product_cat-bilim","6":"product_cat-sureli-yayinlar","7":"pa_cilt-ciltsiz","8":"pa_tur-kitap","9":"pa_yayinevi-beta-kids","10":"pa_yazar-alper-k-ates","12":"first","13":"instock","14":"sale","15":"shipping-taxable","16":"purchasable","17":"product-type-simple"},"_links":{"self":[{"href":"https:\/\/roveyayinevi.com.tr\/index.php\/wp-json\/wp\/v2\/product\/711393","targetHints":{"allow":["GET"]}}],"collection":[{"href":"https:\/\/roveyayinevi.com.tr\/index.php\/wp-json\/wp\/v2\/product"}],"about":[{"href":"https:\/\/roveyayinevi.com.tr\/index.php\/wp-json\/wp\/v2\/types\/product"}],"wp:attachment":[{"href":"https:\/\/roveyayinevi.com.tr\/index.php\/wp-json\/wp\/v2\/media?parent=711393"}],"wp:term":[{"taxonomy":"product_brand","embeddable":true,"href":"https:\/\/roveyayinevi.com.tr\/index.php\/wp-json\/wp\/v2\/product_brand?post=711393"},{"taxonomy":"product_cat","embeddable":true,"href":"https:\/\/roveyayinevi.com.tr\/index.php\/wp-json\/wp\/v2\/product_cat?post=711393"},{"taxonomy":"product_tag","embeddable":true,"href":"https:\/\/roveyayinevi.com.tr\/index.php\/wp-json\/wp\/v2\/product_tag?post=711393"}],"curies":[{"name":"wp","href":"https:\/\/api.w.org\/{rel}","templated":true}]}}