{"id":711391,"date":"2025-08-27T16:44:58","date_gmt":"2025-08-27T13:44:58","guid":{"rendered":"https:\/\/roveyayinevi.com.tr\/index.php\/urun\/egitimde-arastirme-yontemleri-ve-metodolojileri\/"},"modified":"2026-04-16T02:19:53","modified_gmt":"2026-04-15T23:19:53","slug":"egitimde-arastirme-yontemleri-ve-metodolojileri","status":"publish","type":"product","link":"https:\/\/roveyayinevi.com.tr\/index.php\/urun\/egitimde-arastirme-yontemleri-ve-metodolojileri\/","title":{"rendered":"E\u011fitimde Ara\u015ft\u0131rme Y\u00f6ntemleri Ve Metodolojileri"},"content":{"rendered":"<p>Bu kitap lisans ve lisans\u00fcst\u00fc d\u00fczeyde \u00f6\u011frenim g\u00f6ren sosyal bilimler ve daha \u00e7ok e\u011fitim bilimleri\u00f6\u011frencilerine y\u00f6nelik nitel ve nicel ara\u015ft\u0131rma y\u00f6ntemleri i\u00e7eren, y\u00f6n g\u00f6sterici bir kaynakt\u0131r. Bu kaynaktanyaralanmak i\u00e7in B\u00f6l\u00fcm 1: \u2018Bu kitap size nas\u0131l yard\u0131mc\u0131 olabilir?\u2019i okudu\u011funuzda kitab\u0131n genel kullan\u0131m\u0131hakk\u0131nda bilgi sahibi olabileceksiniz. Bu kitap, neredeyse herhangi bir t\u00fcrde e\u011fitim ara\u015ft\u0131rmas\u0131 yapmape\u015finde olan t\u00fcm seviyeden \u00f6\u011frenciler ve e\u011fitim ara\u015ft\u0131rmac\u0131lar\u0131 i\u00e7in bol miktarda kaynak sunmaktad\u0131r.Kitap, e\u011fitim bilim-lerinde farkl\u0131 y\u00f6ntemlerle ara\u015ft\u0131rma yapma f\u0131rsat\u0131 sunan b\u00f6l\u00fcmler i\u00e7ermektedir. <\/p>\n","protected":false},"excerpt":{"rendered":"<p>Bu kitap lisans ve lisans\u00fcst\u00fc d\u00fczeyde \u00f6\u011frenim g\u00f6ren sosyal bilimler ve daha \u00e7ok e\u011fitim bilimleri\u00f6\u011frencilerine y\u00f6nelik nitel ve nicel ara\u015ft\u0131rma y\u00f6ntemleri i\u00e7eren, y\u00f6n g\u00f6sterici bir kaynakt\u0131r.<span class=\"excerpt-hellip\"> [\u2026]<\/span><\/p>\n","protected":false},"featured_media":0,"template":"","meta":{"_monsterinsights_skip_tracking":false,"_monsterinsights_sitenote_active":false,"_monsterinsights_sitenote_note":"","_monsterinsights_sitenote_category":0},"product_brand":[],"product_cat":[15351,15350],"product_tag":[],"class_list":{"0":"post-711391","1":"product","2":"type-product","3":"status-publish","5":"product_cat-ders-kitaplari","6":"product_cat-hukuk","7":"pa_cilt-ciltsiz","8":"pa_tur-kitap","9":"pa_yayinevi-ani-yayincilik","10":"pa_yazar-atilgan-erozkan-engin-buyukoksuz","12":"first","13":"instock","14":"sale","15":"shipping-taxable","16":"purchasable","17":"product-type-simple"},"_links":{"self":[{"href":"https:\/\/roveyayinevi.com.tr\/index.php\/wp-json\/wp\/v2\/product\/711391","targetHints":{"allow":["GET"]}}],"collection":[{"href":"https:\/\/roveyayinevi.com.tr\/index.php\/wp-json\/wp\/v2\/product"}],"about":[{"href":"https:\/\/roveyayinevi.com.tr\/index.php\/wp-json\/wp\/v2\/types\/product"}],"wp:attachment":[{"href":"https:\/\/roveyayinevi.com.tr\/index.php\/wp-json\/wp\/v2\/media?parent=711391"}],"wp:term":[{"taxonomy":"product_brand","embeddable":true,"href":"https:\/\/roveyayinevi.com.tr\/index.php\/wp-json\/wp\/v2\/product_brand?post=711391"},{"taxonomy":"product_cat","embeddable":true,"href":"https:\/\/roveyayinevi.com.tr\/index.php\/wp-json\/wp\/v2\/product_cat?post=711391"},{"taxonomy":"product_tag","embeddable":true,"href":"https:\/\/roveyayinevi.com.tr\/index.php\/wp-json\/wp\/v2\/product_tag?post=711391"}],"curies":[{"name":"wp","href":"https:\/\/api.w.org\/{rel}","templated":true}]}}