{"id":711390,"date":"2025-08-27T16:44:57","date_gmt":"2025-08-27T13:44:57","guid":{"rendered":"https:\/\/roveyayinevi.com.tr\/index.php\/urun\/ii-abdulhamidin-cocukluk-dusleri-osmanli-sehzade-gunlukleri-1\/"},"modified":"2026-04-16T02:19:53","modified_gmt":"2026-04-15T23:19:53","slug":"ii-abdulhamidin-cocukluk-dusleri-osmanli-sehzade-gunlukleri-1","status":"publish","type":"product","link":"https:\/\/roveyayinevi.com.tr\/index.php\/urun\/ii-abdulhamidin-cocukluk-dusleri-osmanli-sehzade-gunlukleri-1\/","title":{"rendered":"II. Abd\u00fclhamid\u2019in \u00c7ocukluk D\u00fc\u015fleri &#8211; Osmanl\u0131 \u015eehzade G\u00fcnl\u00fckleri 1"},"content":{"rendered":"<p>\u015eehzade G\u00fcnl\u00fckleri ile tarihi ger\u00e7ekli\u011fe sad\u0131k kal\u0131narak haz\u0131rlanm\u0131\u015f kurgusal hik\u00e2ye i\u00e7inde bir padi\u015fah\u0131n do\u011fu\u015fu anlat\u0131l\u0131yor. Seri, \u00e7ocuklar ve yeti\u015fkinler i\u00e7in basit ama kendisi de sadece bir \u00e7ocuk olan \u015fehzadeler \u00f6zelinde \u00f6nemli sorulara yan\u0131t ar\u0131yor. Onlar d\u00fcnyan\u0131n en merak edilen evinde, Osmanl\u0131 Saray\u0131\u2019nda b\u00fcy\u00fcd\u00fcler. Etraflar\u0131nda lalalar, hizmetk\u00e2rlar, parmak \u015faklatt\u0131\u011f\u0131nda ko\u015fanlar\u2026  Masal\u0131n Kaf Da\u011f\u0131 etekleri. \u00c7ocuklar\u0131n g\u00f6rd\u00fckleri. \u015eehzade bile olsa, bir \u00e7ocu\u011fun sadece \u00e7ocuk hali. Kocaman duvarlar\u0131n aras\u0131nda duyulan k\u00fc\u00e7\u00fck ad\u0131mlar\u0131n sesleri, bu seri ile evlerimizde.. Ve \u015eehzade Hamid&#8217;i Sultan II. Abd\u00fclhamid yapan s\u0131rlar\u0131n yaz\u0131l\u0131 oldu\u011fu bu mektuplar\u0131 okumaya ba\u015fl\u0131yoruz&#8230; Siz de buyurmaz m\u0131s\u0131n\u0131z? <\/p>\n","protected":false},"excerpt":{"rendered":"<p>\u015eehzade G\u00fcnl\u00fckleri ile tarihi ger\u00e7ekli\u011fe sad\u0131k kal\u0131narak haz\u0131rlanm\u0131\u015f kurgusal hik\u00e2ye i\u00e7inde bir padi\u015fah\u0131n do\u011fu\u015fu anlat\u0131l\u0131yor. Seri, \u00e7ocuklar ve yeti\u015fkinler i\u00e7in basit ama kendisi de sadece bir<span class=\"excerpt-hellip\"> [\u2026]<\/span><\/p>\n","protected":false},"featured_media":0,"template":"","meta":{"_monsterinsights_skip_tracking":false,"_monsterinsights_sitenote_active":false,"_monsterinsights_sitenote_note":"","_monsterinsights_sitenote_category":0},"product_brand":[],"product_cat":[12275,12274],"product_tag":[],"class_list":{"0":"post-711390","1":"product","2":"type-product","3":"status-publish","5":"product_cat-6-12-yas-kitaplari","6":"product_cat-cocuk-ve-genclik-kitaplari","7":"pa_cilt-ciltsiz","8":"pa_tur-kitap","9":"pa_yayinevi-hayykitap","10":"pa_yazar-elif-ayla","12":"first","13":"instock","14":"sale","15":"shipping-taxable","16":"purchasable","17":"product-type-simple"},"_links":{"self":[{"href":"https:\/\/roveyayinevi.com.tr\/index.php\/wp-json\/wp\/v2\/product\/711390","targetHints":{"allow":["GET"]}}],"collection":[{"href":"https:\/\/roveyayinevi.com.tr\/index.php\/wp-json\/wp\/v2\/product"}],"about":[{"href":"https:\/\/roveyayinevi.com.tr\/index.php\/wp-json\/wp\/v2\/types\/product"}],"wp:attachment":[{"href":"https:\/\/roveyayinevi.com.tr\/index.php\/wp-json\/wp\/v2\/media?parent=711390"}],"wp:term":[{"taxonomy":"product_brand","embeddable":true,"href":"https:\/\/roveyayinevi.com.tr\/index.php\/wp-json\/wp\/v2\/product_brand?post=711390"},{"taxonomy":"product_cat","embeddable":true,"href":"https:\/\/roveyayinevi.com.tr\/index.php\/wp-json\/wp\/v2\/product_cat?post=711390"},{"taxonomy":"product_tag","embeddable":true,"href":"https:\/\/roveyayinevi.com.tr\/index.php\/wp-json\/wp\/v2\/product_tag?post=711390"}],"curies":[{"name":"wp","href":"https:\/\/api.w.org\/{rel}","templated":true}]}}