{"id":711386,"date":"2025-08-27T16:44:55","date_gmt":"2025-08-27T13:44:55","guid":{"rendered":"https:\/\/roveyayinevi.com.tr\/index.php\/urun\/hayat-kurtaran-oyun-akil-ve-zeka-oyunlari-2\/"},"modified":"2026-04-16T02:19:53","modified_gmt":"2026-04-15T23:19:53","slug":"hayat-kurtaran-oyun-akil-ve-zeka-oyunlari-2","status":"publish","type":"product","link":"https:\/\/roveyayinevi.com.tr\/index.php\/urun\/hayat-kurtaran-oyun-akil-ve-zeka-oyunlari-2\/","title":{"rendered":"Hayat Kurtaran Oyun \/ Ak\u0131l Ve Zeka Oyunlar\u0131 2"},"content":{"rendered":"<p>Bu kitapta, S\u00fcper Beyinler bir taraftan \u015fampiyonaya haz\u0131rlan\u0131rken bir taraftan da Filiz\u2019i tedavi ettirecek yollar ar\u0131yorlar. S\u00fcper Beyinler, Filiz\u2019i tedavi ettirecek paray\u0131 bulabilecekler mi? Ak\u0131l ve Zek\u00e2 Oyunlar\u0131&#8217;nda il \u015fampiyonu olarak Antalya\u2019ya gitme hakk\u0131n\u0131 kazanabilecekler mi? ***   S\u00fcper Beyinler\u2019in bu m\u00fcthi\u015f m\u00fccadelesini okurken onlarla birlikte heyecanlan\u0131p onlarla birlikte bu maceray\u0131 ya\u015fayacaks\u0131n\u0131z. <\/p>\n","protected":false},"excerpt":{"rendered":"<p>Bu kitapta, S\u00fcper Beyinler bir taraftan \u015fampiyonaya haz\u0131rlan\u0131rken bir taraftan da Filiz\u2019i tedavi ettirecek yollar ar\u0131yorlar. S\u00fcper Beyinler, Filiz\u2019i tedavi ettirecek paray\u0131 bulabilecekler mi? Ak\u0131l ve<span class=\"excerpt-hellip\"> [\u2026]<\/span><\/p>\n","protected":false},"featured_media":0,"template":"","meta":{"_monsterinsights_skip_tracking":false,"_monsterinsights_sitenote_active":false,"_monsterinsights_sitenote_note":"","_monsterinsights_sitenote_category":0},"product_brand":[],"product_cat":[12477,12364],"product_tag":[],"class_list":{"0":"post-711386","1":"product","2":"type-product","3":"status-publish","5":"product_cat-eglence-mizah","6":"product_cat-genel-konular","7":"pa_cilt-ciltsiz","8":"pa_tur-kitap","9":"pa_yayinevi-genc-hayat","10":"pa_yazar-oguz-saygin-ekrem-saygin","12":"first","13":"instock","14":"sale","15":"shipping-taxable","16":"purchasable","17":"product-type-simple"},"_links":{"self":[{"href":"https:\/\/roveyayinevi.com.tr\/index.php\/wp-json\/wp\/v2\/product\/711386","targetHints":{"allow":["GET"]}}],"collection":[{"href":"https:\/\/roveyayinevi.com.tr\/index.php\/wp-json\/wp\/v2\/product"}],"about":[{"href":"https:\/\/roveyayinevi.com.tr\/index.php\/wp-json\/wp\/v2\/types\/product"}],"wp:attachment":[{"href":"https:\/\/roveyayinevi.com.tr\/index.php\/wp-json\/wp\/v2\/media?parent=711386"}],"wp:term":[{"taxonomy":"product_brand","embeddable":true,"href":"https:\/\/roveyayinevi.com.tr\/index.php\/wp-json\/wp\/v2\/product_brand?post=711386"},{"taxonomy":"product_cat","embeddable":true,"href":"https:\/\/roveyayinevi.com.tr\/index.php\/wp-json\/wp\/v2\/product_cat?post=711386"},{"taxonomy":"product_tag","embeddable":true,"href":"https:\/\/roveyayinevi.com.tr\/index.php\/wp-json\/wp\/v2\/product_tag?post=711386"}],"curies":[{"name":"wp","href":"https:\/\/api.w.org\/{rel}","templated":true}]}}