{"id":711383,"date":"2025-08-27T16:44:53","date_gmt":"2025-08-27T13:44:53","guid":{"rendered":"https:\/\/roveyayinevi.com.tr\/index.php\/urun\/cahit-zarifoglu-edebiyat-kahramanlarimiz-2\/"},"modified":"2026-04-12T02:23:25","modified_gmt":"2026-04-11T23:23:25","slug":"cahit-zarifoglu-edebiyat-kahramanlarimiz-2","status":"publish","type":"product","link":"https:\/\/roveyayinevi.com.tr\/index.php\/urun\/cahit-zarifoglu-edebiyat-kahramanlarimiz-2\/","title":{"rendered":"Cahit Zarifo\u011flu \/ Edebiyat Kahramanlar\u0131m\u0131z 2"},"content":{"rendered":"<p>Zarif Adam\u2026 Suskun, i\u00e7ine kapan\u0131k, kederli\u2026 \u0130\u00e7inde ya\u015fad\u0131\u011f\u0131 topluma ait de\u011fil sanki. Bamba\u015fka bir \u00e2lemde ya\u015f\u0131yor. Hem de ne g\u00fczel bir \u00e2lemde\u2026 Hayaller kuruyor Zarif Adam. K\u00e2h g\u00f6klerde u\u00e7uyor, k\u00e2h t\u00fcm hayallerini bir valize s\u0131\u011fd\u0131r\u0131p, otostopla d\u00fcnyay\u0131 geziyor. Sandallarda yat\u0131p, denizlerle s\u00f6yle\u015fiyor. B\u00fcy\u00fcd\u00fck\u00e7e b\u00fcy\u00fcyor Zarif Adam. T\u0131pk\u0131 bir istiridye gibi, i\u00e7inde b\u00fcy\u00fctt\u00fc\u011f\u00fc inciyi sa\u00e7mak i\u00e7in b\u00fcy\u00fcyor. Dize dize, sat\u0131r sat\u0131r, m\u0131sra m\u0131sra sa\u00e7\u0131yor s\u00f6z incilerini. \u00dcsluplar\u0131n en zarifiyle nicelerinin y\u00fcre\u011fine dokunuyor. Sevdal\u0131 Zarif Adam. Edebiyata, insanl\u0131\u011fa ve Yaradan\u2019a sevdal\u0131&#8230; \u201cYedi G\u00fczel Adam\u201d diyor, sevdas\u0131n\u0131n payda\u015flar\u0131na. Bamba\u015fka bir pencereden bakt\u0131\u011f\u0131 hayata, yine kendince veda ediyor. \u201cK\u0131rlarda \u00e7i\u00e7ekler bensiz a\u00e7acak.\u201d diyerek&#8230; Bir \u015fairin destan\u0131d\u0131r bu roman. Zamana kafa tutan ve kendi yolunu \u00e7izen insanlar aras\u0131nda, zarif\u00e7e \u00e7izilmi\u015f ince bir \u00e7izgidir. O \u00e7izgiyi g\u00f6rmeyen, bilemez edebiyat\u0131n zarafetini. <\/p>\n","protected":false},"excerpt":{"rendered":"<p>Zarif Adam\u2026 Suskun, i\u00e7ine kapan\u0131k, kederli\u2026 \u0130\u00e7inde ya\u015fad\u0131\u011f\u0131 topluma ait de\u011fil sanki. Bamba\u015fka bir \u00e2lemde ya\u015f\u0131yor. Hem de ne g\u00fczel bir \u00e2lemde\u2026 Hayaller kuruyor Zarif Adam.<span class=\"excerpt-hellip\"> [\u2026]<\/span><\/p>\n","protected":false},"featured_media":0,"template":"","meta":{"_monsterinsights_skip_tracking":false,"_monsterinsights_sitenote_active":false,"_monsterinsights_sitenote_note":"","_monsterinsights_sitenote_category":0},"product_brand":[],"product_cat":[12274,12284],"product_tag":[],"class_list":{"0":"post-711383","1":"product","2":"type-product","3":"status-publish","5":"product_cat-cocuk-ve-genclik-kitaplari","6":"product_cat-hikayeler","7":"pa_cilt-ciltsiz","8":"pa_tur-kitap","9":"pa_yayinevi-genc-hayat","10":"pa_yazar-yusuf-aydogan","12":"first","13":"instock","14":"sale","15":"shipping-taxable","16":"purchasable","17":"product-type-simple"},"_links":{"self":[{"href":"https:\/\/roveyayinevi.com.tr\/index.php\/wp-json\/wp\/v2\/product\/711383","targetHints":{"allow":["GET"]}}],"collection":[{"href":"https:\/\/roveyayinevi.com.tr\/index.php\/wp-json\/wp\/v2\/product"}],"about":[{"href":"https:\/\/roveyayinevi.com.tr\/index.php\/wp-json\/wp\/v2\/types\/product"}],"wp:attachment":[{"href":"https:\/\/roveyayinevi.com.tr\/index.php\/wp-json\/wp\/v2\/media?parent=711383"}],"wp:term":[{"taxonomy":"product_brand","embeddable":true,"href":"https:\/\/roveyayinevi.com.tr\/index.php\/wp-json\/wp\/v2\/product_brand?post=711383"},{"taxonomy":"product_cat","embeddable":true,"href":"https:\/\/roveyayinevi.com.tr\/index.php\/wp-json\/wp\/v2\/product_cat?post=711383"},{"taxonomy":"product_tag","embeddable":true,"href":"https:\/\/roveyayinevi.com.tr\/index.php\/wp-json\/wp\/v2\/product_tag?post=711383"}],"curies":[{"name":"wp","href":"https:\/\/api.w.org\/{rel}","templated":true}]}}