{"id":711382,"date":"2025-08-27T16:44:52","date_gmt":"2025-08-27T13:44:52","guid":{"rendered":"https:\/\/roveyayinevi.com.tr\/index.php\/urun\/evliya-celebi-ve-kucuk-gezgin-medeniyet-mimarlarimiz-1\/"},"modified":"2026-04-16T02:19:53","modified_gmt":"2026-04-15T23:19:53","slug":"evliya-celebi-ve-kucuk-gezgin-medeniyet-mimarlarimiz-1","status":"publish","type":"product","link":"https:\/\/roveyayinevi.com.tr\/index.php\/urun\/evliya-celebi-ve-kucuk-gezgin-medeniyet-mimarlarimiz-1\/","title":{"rendered":"Evliya \u00c7elebi  Ve K\u00fc\u00e7\u00fck Gezgin \/ Medeniyet Mimarlar\u0131m\u0131z 1"},"content":{"rendered":"<p>Asas\u0131n\u0131 yere vura vura ilerliyordu Evliya \u00c7elebi. Yusuf, aksayan baca\u011f\u0131yla ona yeti\u015fmeye \u00e7al\u0131\u015f\u0131yor, s\u00fcrekli d\u00fc\u015f\u00fcn\u00fcp duruyordu; \u201cAcaba seyyah olmak nas\u0131l bir \u015feydi?\u201d Onun gibi olmak istiyordu. Sonra g\u00f6ky\u00fcz\u00fcndeki ku\u015flara \u00f6zeniyordu; \u2018Ke\u015fke kanatlar\u0131m olsayd\u0131 benim, t\u00fcm d\u00fcnyay\u0131 dola\u015fabilirdim.\u2019 diyordu. Evliya \u00c7elebi, g\u00fcnd\u00fcz\u00fcn kavurucu s\u0131ca\u011f\u0131nda, gecenin dondurucu so\u011fu\u011funda yapt\u0131\u011f\u0131 \u00e7\u00f6l yolculuklar\u0131ndan s\u00f6z ediyordu Yusuf\u2019a ve sonra ona G\u00f6kkuzgunu\u2019nun hik\u00e2yesini anlat\u0131yordu. Yusuf, k\u00fc\u00e7\u00fck bir gezgin olmaya merak salm\u0131\u015ft\u0131. \u2018Kim bilir, G\u00f6kkuzgunu\u2019nu da bulurum gezerken.\u2019 diyordu. Ku\u015fa\u011f\u0131na saklad\u0131klar\u0131 ferman ile birlikte heybesindeki haritay\u0131 g\u00f6z\u00fc gibi korumas\u0131n\u0131 s\u00f6yl\u00fcyordu Evliya \u00c7elebi ona.   Yusuf, onlar\u0131 g\u00f6z\u00fc gibi koruyordu. <\/p>\n","protected":false},"excerpt":{"rendered":"<p>Asas\u0131n\u0131 yere vura vura ilerliyordu Evliya \u00c7elebi. Yusuf, aksayan baca\u011f\u0131yla ona yeti\u015fmeye \u00e7al\u0131\u015f\u0131yor, s\u00fcrekli d\u00fc\u015f\u00fcn\u00fcp duruyordu; \u201cAcaba seyyah olmak nas\u0131l bir \u015feydi?\u201d Onun gibi olmak istiyordu.<span class=\"excerpt-hellip\"> [\u2026]<\/span><\/p>\n","protected":false},"featured_media":0,"template":"","meta":{"_monsterinsights_skip_tracking":false,"_monsterinsights_sitenote_active":false,"_monsterinsights_sitenote_note":"","_monsterinsights_sitenote_category":0},"product_brand":[],"product_cat":[12274,12284],"product_tag":[],"class_list":{"0":"post-711382","1":"product","2":"type-product","3":"status-publish","5":"product_cat-cocuk-ve-genclik-kitaplari","6":"product_cat-hikayeler","7":"pa_cilt-ciltsiz","8":"pa_tur-kitap","9":"pa_yayinevi-genc-hayat","10":"pa_yazar-eda-bildek","12":"first","13":"instock","14":"sale","15":"shipping-taxable","16":"purchasable","17":"product-type-simple"},"_links":{"self":[{"href":"https:\/\/roveyayinevi.com.tr\/index.php\/wp-json\/wp\/v2\/product\/711382","targetHints":{"allow":["GET"]}}],"collection":[{"href":"https:\/\/roveyayinevi.com.tr\/index.php\/wp-json\/wp\/v2\/product"}],"about":[{"href":"https:\/\/roveyayinevi.com.tr\/index.php\/wp-json\/wp\/v2\/types\/product"}],"wp:attachment":[{"href":"https:\/\/roveyayinevi.com.tr\/index.php\/wp-json\/wp\/v2\/media?parent=711382"}],"wp:term":[{"taxonomy":"product_brand","embeddable":true,"href":"https:\/\/roveyayinevi.com.tr\/index.php\/wp-json\/wp\/v2\/product_brand?post=711382"},{"taxonomy":"product_cat","embeddable":true,"href":"https:\/\/roveyayinevi.com.tr\/index.php\/wp-json\/wp\/v2\/product_cat?post=711382"},{"taxonomy":"product_tag","embeddable":true,"href":"https:\/\/roveyayinevi.com.tr\/index.php\/wp-json\/wp\/v2\/product_tag?post=711382"}],"curies":[{"name":"wp","href":"https:\/\/api.w.org\/{rel}","templated":true}]}}