{"id":711381,"date":"2025-08-27T16:44:52","date_gmt":"2025-08-27T13:44:52","guid":{"rendered":"https:\/\/roveyayinevi.com.tr\/index.php\/urun\/buyuk-soygun-seruven-pesinde-14\/"},"modified":"2026-04-11T13:39:38","modified_gmt":"2026-04-11T10:39:38","slug":"buyuk-soygun-seruven-pesinde-14","status":"publish","type":"product","link":"https:\/\/roveyayinevi.com.tr\/index.php\/urun\/buyuk-soygun-seruven-pesinde-14\/","title":{"rendered":"B\u00fcy\u00fck Soygun Ser\u00fcven Pe\u015finde 14"},"content":{"rendered":"<p>Ufakl\u0131k&#8217;la Gizem, kat\u0131ld\u0131klar\u0131 bir bisiklet yar\u0131\u015f\u0131 s\u0131ras\u0131nda, ormanda kaybolurlar. \u00c7\u0131k\u0131\u015f yolu ararken rastlad\u0131klar\u0131 kul\u00fcbede, s\u0131ms\u0131k\u0131 ba\u011flanm\u0131\u015f k\u00fc\u00e7\u00fck bir k\u0131z bulurlar. Onu kurtar\u0131p ailesine teslim etmeye \u00e7al\u0131\u015f\u0131rlar. Ancak pe\u015flerine motosikletli bir avc\u0131 d\u00fc\u015fer. Bu adam, \u0130stanbul&#8217;a soygun yapmak i\u00e7in gelen bir \u00e7etenin \u00fcyesidir. Ka\u00e7\u0131r\u0131lan k\u0131z\u0131n babas\u0131 da, ayn\u0131 \u00e7ete taraf\u0131ndan tutsak edilmi\u015ftir. \u00c7ete, bu k\u0131z\u0131n babas\u0131ndan ne istemektedir? K\u0131z\u0131n \u00f6ld\u00fc san\u0131lan annesi, \u00e7ete reisinin i\u015fbirlik\u00e7isi midir? Daha \u00f6nce \u0130ngiltere&#8217;de yap\u0131lan b\u00fcy\u00fck soygun, acaba ayn\u0131 \u00e7ete taraf\u0131ndan m\u0131 ger\u00e7ekle\u015ftirilmi\u015ftir? \u00c7etenin \u0130stanbul&#8217;da soymaya haz\u0131rland\u0131\u011f\u0131 yer, neresidir? Ufakl\u0131k&#8217;la Gizem, k\u00fc\u00e7\u00fck k\u0131za yard\u0131m etmek isterken, i\u015fte bu sorulara yan\u0131t ararlar. Tabii bu durumda, \u00e7eteyle kar\u015f\u0131 sava\u015f a\u00e7arlar. \u00c7ocuklar bundan sonra kendilerini, soluk solu\u011fa ya\u015fayacaklar\u0131 \u00e7ok tehlikeli bir ser\u00fcvenin i\u00e7inde bulurlar. \u00c7\u00fcnk\u00fc kar\u015f\u0131lar\u0131nda o g\u00fcne kadar hi\u00e7 g\u00f6rmedikleri kadar zeki ve ac\u0131mas\u0131z bir \u00e7ete reisi vard\u0131r. Tehlikelerle dolu bu benzersiz ser\u00fcvende, siz de Ufakl\u0131k ve Gizem&#8217;le birlikte olmak ister misiniz? O zaman;   HAYD\u0130 \u00c7OCUKLAR, SER\u00dcVEN PE\u015e\u0130NE! <\/p>\n","protected":false},"excerpt":{"rendered":"<p>Ufakl\u0131k&#8217;la Gizem, kat\u0131ld\u0131klar\u0131 bir bisiklet yar\u0131\u015f\u0131 s\u0131ras\u0131nda, ormanda kaybolurlar. \u00c7\u0131k\u0131\u015f yolu ararken rastlad\u0131klar\u0131 kul\u00fcbede, s\u0131ms\u0131k\u0131 ba\u011flanm\u0131\u015f k\u00fc\u00e7\u00fck bir k\u0131z bulurlar. Onu kurtar\u0131p ailesine teslim etmeye \u00e7al\u0131\u015f\u0131rlar.<span class=\"excerpt-hellip\"> [\u2026]<\/span><\/p>\n","protected":false},"featured_media":0,"template":"","meta":{"_monsterinsights_skip_tracking":false,"_monsterinsights_sitenote_active":false,"_monsterinsights_sitenote_note":"","_monsterinsights_sitenote_category":0},"product_brand":[],"product_cat":[12274,12284],"product_tag":[],"class_list":{"0":"post-711381","1":"product","2":"type-product","3":"status-publish","5":"product_cat-cocuk-ve-genclik-kitaplari","6":"product_cat-hikayeler","7":"pa_cilt-ciltsiz","8":"pa_tur-kitap","9":"pa_yayinevi-genc-hayat","10":"pa_yazar-tuncel-altinkopru","12":"first","13":"instock","14":"sale","15":"shipping-taxable","16":"purchasable","17":"product-type-simple"},"_links":{"self":[{"href":"https:\/\/roveyayinevi.com.tr\/index.php\/wp-json\/wp\/v2\/product\/711381","targetHints":{"allow":["GET"]}}],"collection":[{"href":"https:\/\/roveyayinevi.com.tr\/index.php\/wp-json\/wp\/v2\/product"}],"about":[{"href":"https:\/\/roveyayinevi.com.tr\/index.php\/wp-json\/wp\/v2\/types\/product"}],"wp:attachment":[{"href":"https:\/\/roveyayinevi.com.tr\/index.php\/wp-json\/wp\/v2\/media?parent=711381"}],"wp:term":[{"taxonomy":"product_brand","embeddable":true,"href":"https:\/\/roveyayinevi.com.tr\/index.php\/wp-json\/wp\/v2\/product_brand?post=711381"},{"taxonomy":"product_cat","embeddable":true,"href":"https:\/\/roveyayinevi.com.tr\/index.php\/wp-json\/wp\/v2\/product_cat?post=711381"},{"taxonomy":"product_tag","embeddable":true,"href":"https:\/\/roveyayinevi.com.tr\/index.php\/wp-json\/wp\/v2\/product_tag?post=711381"}],"curies":[{"name":"wp","href":"https:\/\/api.w.org\/{rel}","templated":true}]}}