{"id":711380,"date":"2025-08-27T16:44:51","date_gmt":"2025-08-27T13:44:51","guid":{"rendered":"https:\/\/roveyayinevi.com.tr\/index.php\/urun\/tutsaklar-gezegeninden-kacis-uzay-maceralari-5\/"},"modified":"2026-04-16T02:19:53","modified_gmt":"2026-04-15T23:19:53","slug":"tutsaklar-gezegeninden-kacis-uzay-maceralari-5","status":"publish","type":"product","link":"https:\/\/roveyayinevi.com.tr\/index.php\/urun\/tutsaklar-gezegeninden-kacis-uzay-maceralari-5\/","title":{"rendered":"Tutsaklar Gezegenin&#8217;den Ka\u00e7\u0131\u015f \/ Uzay Maceralar\u0131 5"},"content":{"rendered":"<p>Nihayet uzay yolculu\u011fumuzun son gezegeni Orega\u2019day\u0131z. Gezginlerimizi bu gezegende acaba ne t\u00fcr s\u00fcrprizler bekliyor? Biyo Gezegeni&#8217;nde bulduklar\u0131 Orikalkum kutuyu a\u00e7t\u0131klar\u0131nda hangi \u00f6nemli bilgilerle kar\u015f\u0131la\u015facaklar? Haydutlar Gezegeni Orega&#8217;da Selami adl\u0131 T\u00fcrk\u2019\u00fcn ne i\u015fi var? Orega&#8217;n\u0131n ba\u015f haydudu H\u00f6rlok\u2019un sinsi planlar\u0131 neler? Aygez ve G\u00fcngez karde\u015fler, bu gezegende tutsak edilmi\u015f anne ve babalar\u0131n\u0131 bulup kurtarabilecekler mi? Enerjisi t\u00fckenmek \u00fczere olan U\u00e7ukka\u00e7\u0131kya Gezegeni&#8217;nin ak\u0131beti ne olacak? Cevriye Teyze ve torunu \u015eakir Burak, D\u00fcnya\u2019ya d\u00f6nebilecekler mi? Evrenin ke\u015ffedilmemi\u015f k\u00f6\u015felerindeki tuhaf gezegenlerde ya\u015fanan maceralara kat\u0131lmak istiyorsan kitab\u0131n kapa\u011f\u0131n\u0131 arala&#8230; Uzay Macerac\u0131lar\u0131yla birlikte sen de kat\u0131l bu yolculu\u011fa&#8230; <\/p>\n","protected":false},"excerpt":{"rendered":"<p>Nihayet uzay yolculu\u011fumuzun son gezegeni Orega\u2019day\u0131z. Gezginlerimizi bu gezegende acaba ne t\u00fcr s\u00fcrprizler bekliyor? Biyo Gezegeni&#8217;nde bulduklar\u0131 Orikalkum kutuyu a\u00e7t\u0131klar\u0131nda hangi \u00f6nemli bilgilerle kar\u015f\u0131la\u015facaklar? Haydutlar Gezegeni<span class=\"excerpt-hellip\"> [\u2026]<\/span><\/p>\n","protected":false},"featured_media":0,"template":"","meta":{"_monsterinsights_skip_tracking":false,"_monsterinsights_sitenote_active":false,"_monsterinsights_sitenote_note":"","_monsterinsights_sitenote_category":0},"product_brand":[],"product_cat":[12291,14777],"product_tag":[],"class_list":{"0":"post-711380","1":"product","2":"type-product","3":"status-publish","5":"product_cat-edebiyat","6":"product_cat-fantastik","7":"pa_cilt-ciltsiz","8":"pa_tur-kitap","9":"pa_yayinevi-genc-hayat","10":"pa_yazar-nazli-aspay-sener","12":"first","13":"instock","14":"sale","15":"shipping-taxable","16":"purchasable","17":"product-type-simple"},"_links":{"self":[{"href":"https:\/\/roveyayinevi.com.tr\/index.php\/wp-json\/wp\/v2\/product\/711380","targetHints":{"allow":["GET"]}}],"collection":[{"href":"https:\/\/roveyayinevi.com.tr\/index.php\/wp-json\/wp\/v2\/product"}],"about":[{"href":"https:\/\/roveyayinevi.com.tr\/index.php\/wp-json\/wp\/v2\/types\/product"}],"wp:attachment":[{"href":"https:\/\/roveyayinevi.com.tr\/index.php\/wp-json\/wp\/v2\/media?parent=711380"}],"wp:term":[{"taxonomy":"product_brand","embeddable":true,"href":"https:\/\/roveyayinevi.com.tr\/index.php\/wp-json\/wp\/v2\/product_brand?post=711380"},{"taxonomy":"product_cat","embeddable":true,"href":"https:\/\/roveyayinevi.com.tr\/index.php\/wp-json\/wp\/v2\/product_cat?post=711380"},{"taxonomy":"product_tag","embeddable":true,"href":"https:\/\/roveyayinevi.com.tr\/index.php\/wp-json\/wp\/v2\/product_tag?post=711380"}],"curies":[{"name":"wp","href":"https:\/\/api.w.org\/{rel}","templated":true}]}}