{"id":711379,"date":"2025-08-27T16:44:51","date_gmt":"2025-08-27T13:44:51","guid":{"rendered":"https:\/\/roveyayinevi.com.tr\/index.php\/urun\/altin-anahtarin-gizemi-hiper-cemil-1\/"},"modified":"2026-04-16T02:19:53","modified_gmt":"2026-04-15T23:19:53","slug":"altin-anahtarin-gizemi-hiper-cemil-1","status":"publish","type":"product","link":"https:\/\/roveyayinevi.com.tr\/index.php\/urun\/altin-anahtarin-gizemi-hiper-cemil-1\/","title":{"rendered":"Alt\u0131n Anahtar&#8217;\u0131n Gizemi Hiper Cemil 1"},"content":{"rendered":"<p>Merhaba arkada\u015flar! Benim ad\u0131m Cemil. Hareketli oldu\u011fum i\u00e7in okuldaki arkada\u015flar\u0131m hatta m\u00fcd\u00fcr\u00fcm\u00fcz Cing\u00f6z \u015einasi bile bana Hiper Cemil diye sesleniyor. Evde, mahallede, okulda ne olsa herkes benden biliyor. Eeee, ad\u0131m\u0131z \u00e7\u0131km\u0131\u015f dokuza inmez sekize! \u015eaka bir yana bu aralar ba\u015f\u0131m ger\u00e7ekten dertte. Okulumuzun sembol\u00fc olan Alt\u0131n Anahtar yere d\u00fc\u015f\u00fcp \u201c\u015eang\u0131\u0131rrrttttt!\u201d diye k\u0131r\u0131l\u0131nca herkes beni su\u00e7lad\u0131. D\u00f6nem sonuna kadar Alt\u0131n Anahtar&#8217;\u0131 kimin k\u0131rd\u0131\u011f\u0131n\u0131 bulamazsam Cing\u00f6z \u015einasi beni okuldan g\u00f6nderecek. Acaba Alt\u0131n Anahtar\u2019\u0131 kim k\u0131rd\u0131? Ger\u00e7ekten herkesin dedi\u011fi gibi ben k\u0131rm\u0131\u015f olabilir miyim? Alt\u0131n Anahtar&#8217;\u0131 kimin k\u0131rd\u0131\u011f\u0131n\u0131 \u00f6\u011frenmenin bir tek yolu var: Bana yard\u0131mc\u0131 olman\u0131z.   Hadi o zaman sayfalar\u0131 \u00e7evirmeye ba\u015flayal\u0131m ve Alt\u0131n Anahtar&#8217;\u0131 kimin k\u0131rd\u0131\u011f\u0131n\u0131 birlikte bulal\u0131m. <\/p>\n","protected":false},"excerpt":{"rendered":"<p>Merhaba arkada\u015flar! Benim ad\u0131m Cemil. Hareketli oldu\u011fum i\u00e7in okuldaki arkada\u015flar\u0131m hatta m\u00fcd\u00fcr\u00fcm\u00fcz Cing\u00f6z \u015einasi bile bana Hiper Cemil diye sesleniyor. Evde, mahallede, okulda ne olsa herkes<span class=\"excerpt-hellip\"> [\u2026]<\/span><\/p>\n","protected":false},"featured_media":0,"template":"","meta":{"_monsterinsights_skip_tracking":false,"_monsterinsights_sitenote_active":false,"_monsterinsights_sitenote_note":"","_monsterinsights_sitenote_category":0},"product_brand":[],"product_cat":[12291,14825],"product_tag":[],"class_list":{"0":"post-711379","1":"product","2":"type-product","3":"status-publish","5":"product_cat-edebiyat","6":"product_cat-mizah","7":"pa_cilt-ciltsiz","8":"pa_tur-kitap","9":"pa_yayinevi-genc-hayat","10":"pa_yazar-mustafa-kemal-celik","12":"first","13":"instock","14":"sale","15":"shipping-taxable","16":"purchasable","17":"product-type-simple"},"_links":{"self":[{"href":"https:\/\/roveyayinevi.com.tr\/index.php\/wp-json\/wp\/v2\/product\/711379","targetHints":{"allow":["GET"]}}],"collection":[{"href":"https:\/\/roveyayinevi.com.tr\/index.php\/wp-json\/wp\/v2\/product"}],"about":[{"href":"https:\/\/roveyayinevi.com.tr\/index.php\/wp-json\/wp\/v2\/types\/product"}],"wp:attachment":[{"href":"https:\/\/roveyayinevi.com.tr\/index.php\/wp-json\/wp\/v2\/media?parent=711379"}],"wp:term":[{"taxonomy":"product_brand","embeddable":true,"href":"https:\/\/roveyayinevi.com.tr\/index.php\/wp-json\/wp\/v2\/product_brand?post=711379"},{"taxonomy":"product_cat","embeddable":true,"href":"https:\/\/roveyayinevi.com.tr\/index.php\/wp-json\/wp\/v2\/product_cat?post=711379"},{"taxonomy":"product_tag","embeddable":true,"href":"https:\/\/roveyayinevi.com.tr\/index.php\/wp-json\/wp\/v2\/product_tag?post=711379"}],"curies":[{"name":"wp","href":"https:\/\/api.w.org\/{rel}","templated":true}]}}