{"id":711378,"date":"2025-08-27T16:44:50","date_gmt":"2025-08-27T13:44:50","guid":{"rendered":"https:\/\/roveyayinevi.com.tr\/index.php\/urun\/gizli-hazine-pesinde-sakar-bora-2\/"},"modified":"2026-04-16T02:19:53","modified_gmt":"2026-04-15T23:19:53","slug":"gizli-hazine-pesinde-sakar-bora-2","status":"publish","type":"product","link":"https:\/\/roveyayinevi.com.tr\/index.php\/urun\/gizli-hazine-pesinde-sakar-bora-2\/","title":{"rendered":"Gizli Hazine Pe\u015finde Sakar Bora 2"},"content":{"rendered":"<p>Merhaba arkada\u015flar! Hi\u00e7 okul gezisine \u00e7\u0131kt\u0131n\u0131z m\u0131? Peki gezerken hi\u00e7 hazine arad\u0131n\u0131z m\u0131? Haydaa! \u015eimdi, \u201cNereden \u00e7\u0131kt\u0131 bu hazine?\u201d der gibisiniz de\u011fil mi? Ben de aynen \u00f6yle dedim zaten. Siz de benim ya\u015f\u0131mda, bir hazine bulsan\u0131z neler yapard\u0131n\u0131z neler, oh oh! Bu kitapta ya\u015fad\u0131\u011f\u0131m maceralar anlatmakla bitmez. T\u00fcrkiye\u2019nin d\u00f6rt bir yan\u0131n\u0131 gezdim. Harika m\u0131 harika y\u00f6resel yemekler yedim. Ormanlar, da\u011flar, g\u00f6ller, nehirler g\u00f6rd\u00fcm. Camiler, tarih\u00ee kaleler, manast\u0131rlar, k\u00f6pr\u00fcler gezdim. Bir yandan da hazineyi arad\u0131m tabii! Gezerken neler mi oldu? Onu da kitab\u0131 okuyunca g\u00f6receksiniz. Bu maceray\u0131 bitirince inan\u0131n siz de bir hazine sahibi olacaks\u0131n\u0131z. Demedi demeyin!.. <\/p>\n","protected":false},"excerpt":{"rendered":"<p>Merhaba arkada\u015flar! Hi\u00e7 okul gezisine \u00e7\u0131kt\u0131n\u0131z m\u0131? Peki gezerken hi\u00e7 hazine arad\u0131n\u0131z m\u0131? Haydaa! \u015eimdi, \u201cNereden \u00e7\u0131kt\u0131 bu hazine?\u201d der gibisiniz de\u011fil mi? Ben de aynen<span class=\"excerpt-hellip\"> [\u2026]<\/span><\/p>\n","protected":false},"featured_media":0,"template":"","meta":{"_monsterinsights_skip_tracking":false,"_monsterinsights_sitenote_active":false,"_monsterinsights_sitenote_note":"","_monsterinsights_sitenote_category":0},"product_brand":[],"product_cat":[12291,14825],"product_tag":[],"class_list":{"0":"post-711378","1":"product","2":"type-product","3":"status-publish","5":"product_cat-edebiyat","6":"product_cat-mizah","7":"pa_cilt-ciltsiz","8":"pa_tur-kitap","9":"pa_yayinevi-genc-hayat","10":"pa_yazar-cagri-cebeci","12":"first","13":"instock","14":"sale","15":"shipping-taxable","16":"purchasable","17":"product-type-simple"},"_links":{"self":[{"href":"https:\/\/roveyayinevi.com.tr\/index.php\/wp-json\/wp\/v2\/product\/711378","targetHints":{"allow":["GET"]}}],"collection":[{"href":"https:\/\/roveyayinevi.com.tr\/index.php\/wp-json\/wp\/v2\/product"}],"about":[{"href":"https:\/\/roveyayinevi.com.tr\/index.php\/wp-json\/wp\/v2\/types\/product"}],"wp:attachment":[{"href":"https:\/\/roveyayinevi.com.tr\/index.php\/wp-json\/wp\/v2\/media?parent=711378"}],"wp:term":[{"taxonomy":"product_brand","embeddable":true,"href":"https:\/\/roveyayinevi.com.tr\/index.php\/wp-json\/wp\/v2\/product_brand?post=711378"},{"taxonomy":"product_cat","embeddable":true,"href":"https:\/\/roveyayinevi.com.tr\/index.php\/wp-json\/wp\/v2\/product_cat?post=711378"},{"taxonomy":"product_tag","embeddable":true,"href":"https:\/\/roveyayinevi.com.tr\/index.php\/wp-json\/wp\/v2\/product_tag?post=711378"}],"curies":[{"name":"wp","href":"https:\/\/api.w.org\/{rel}","templated":true}]}}