{"id":711377,"date":"2025-08-27T16:44:49","date_gmt":"2025-08-27T13:44:49","guid":{"rendered":"https:\/\/roveyayinevi.com.tr\/index.php\/urun\/aziz-nesin-tahsin-sarac-mektuplasmalari-buyuk-dostum-can-dostum\/"},"modified":"2026-04-16T02:19:53","modified_gmt":"2026-04-15T23:19:53","slug":"aziz-nesin-tahsin-sarac-mektuplasmalari-buyuk-dostum-can-dostum","status":"publish","type":"product","link":"https:\/\/roveyayinevi.com.tr\/index.php\/urun\/aziz-nesin-tahsin-sarac-mektuplasmalari-buyuk-dostum-can-dostum\/","title":{"rendered":"Aziz Nesin \u2013 Tahsin Sara\u00e7 Mektupla\u015fmalar\u0131 \u2013 B\u00fcy\u00fck Dostum  Can Dostum"},"content":{"rendered":"<p>Yaz\u0131n\u0131n bir\u00e7ok alan\u0131nda yap\u0131t vermi\u015f, birbirinin hem okuru hem ele\u015ftirmeni olmu\u015f iki insan: Aziz Nesin ve Tahsin Sara\u00e7.Birbirlerinden saklayacak hi\u00e7bir \u015feyleri yok ve birbirleri i\u00e7in yapamayacaklar\u0131 \u015fey de&#8230; Nesin ile Sara\u00e7`\u0131n mektuplar\u0131, \u00fcst\u00fcn bir i\u015f a\u015fk\u0131 ve g\u00f6rev bilinciyle, batakl\u0131k olarak g\u00f6rd\u00fckleri bir \u00e7a\u011f ve \u00e7evrede verdikleri erdem ve onur sava\u015f\u0131m\u0131n\u0131n yan\u0131s\u0131ra, ender tan\u0131k olunan bir dostlu\u011fun, sevginin, i\u00e7tenli\u011fin belgeleri.&#8221;Mektupla\u015fmalar\u0131m\u0131z bir dosya dolusu. Mektuplar\u0131m\u0131z\u0131 bir kitapta derleyece\u011fim. Ben onu, dikenli kabu\u011fu soyulmam\u0131\u015f, kabuklar\u0131 soyulunca en i\u00e7ten apak yemi\u015fi \u00e7\u0131kan kestaneye benzetirim. D\u0131\u015f\u0131ndan sert ve dikenlidir. \u0130\u00e7i ar\u0131 duru, apak, tatl\u0131&#8230;Sevgili Tahsin \u00f6lmekle en b\u00fcy\u00fck k\u00f6t\u00fcl\u00fc\u011f\u00fc kendisine yapt\u0131 ama, bundan haberi bile yok. Oysa \u00f6lmekle bana yapt\u0131\u011f\u0131 k\u00f6t\u00fcl\u00fc\u011f\u00fc ben ya\u015fad\u0131k\u00e7a hep duyumsayaca\u011f\u0131m.&#8221;Aziz Nesin`in \u00f6ns\u00f6z\u00fcnden <\/p>\n","protected":false},"excerpt":{"rendered":"<p>Yaz\u0131n\u0131n bir\u00e7ok alan\u0131nda yap\u0131t vermi\u015f, birbirinin hem okuru hem ele\u015ftirmeni olmu\u015f iki insan: Aziz Nesin ve Tahsin Sara\u00e7.Birbirlerinden saklayacak hi\u00e7bir \u015feyleri yok ve birbirleri i\u00e7in yapamayacaklar\u0131<span class=\"excerpt-hellip\"> [\u2026]<\/span><\/p>\n","protected":false},"featured_media":0,"template":"","meta":{"_monsterinsights_skip_tracking":false,"_monsterinsights_sitenote_active":false,"_monsterinsights_sitenote_note":"","_monsterinsights_sitenote_category":0},"product_brand":[],"product_cat":[13701,12291],"product_tag":[],"class_list":{"0":"post-711377","1":"product","2":"type-product","3":"status-publish","5":"product_cat-ani-mektup-gunluk","6":"product_cat-edebiyat","7":"pa_cilt-ciltli","8":"pa_tur-kitap","9":"pa_yayinevi-nesin-yayinlari","10":"pa_yazar-aziz-nesin-tahsin-sarac","12":"first","13":"instock","14":"sale","15":"shipping-taxable","16":"purchasable","17":"product-type-simple"},"_links":{"self":[{"href":"https:\/\/roveyayinevi.com.tr\/index.php\/wp-json\/wp\/v2\/product\/711377","targetHints":{"allow":["GET"]}}],"collection":[{"href":"https:\/\/roveyayinevi.com.tr\/index.php\/wp-json\/wp\/v2\/product"}],"about":[{"href":"https:\/\/roveyayinevi.com.tr\/index.php\/wp-json\/wp\/v2\/types\/product"}],"wp:attachment":[{"href":"https:\/\/roveyayinevi.com.tr\/index.php\/wp-json\/wp\/v2\/media?parent=711377"}],"wp:term":[{"taxonomy":"product_brand","embeddable":true,"href":"https:\/\/roveyayinevi.com.tr\/index.php\/wp-json\/wp\/v2\/product_brand?post=711377"},{"taxonomy":"product_cat","embeddable":true,"href":"https:\/\/roveyayinevi.com.tr\/index.php\/wp-json\/wp\/v2\/product_cat?post=711377"},{"taxonomy":"product_tag","embeddable":true,"href":"https:\/\/roveyayinevi.com.tr\/index.php\/wp-json\/wp\/v2\/product_tag?post=711377"}],"curies":[{"name":"wp","href":"https:\/\/api.w.org\/{rel}","templated":true}]}}