{"id":711374,"date":"2025-08-27T16:44:48","date_gmt":"2025-08-27T13:44:48","guid":{"rendered":"https:\/\/roveyayinevi.com.tr\/index.php\/urun\/cesar-millandan-kopegim-mutlu-ben-mutlu\/"},"modified":"2026-04-16T02:19:53","modified_gmt":"2026-04-15T23:19:53","slug":"cesar-millandan-kopegim-mutlu-ben-mutlu","status":"publish","type":"product","link":"https:\/\/roveyayinevi.com.tr\/index.php\/urun\/cesar-millandan-kopegim-mutlu-ben-mutlu\/","title":{"rendered":"Cesar Millan\u2019dan K\u00f6pe\u011fim Mutlu, Ben Mutlu"},"content":{"rendered":"<p>Televizyondaki 9 sezonluk K\u00f6peklere F\u0131s\u0131ldayan Adam\u2019dan sonra, CesarMillan yeni bir misyona sahiptir: insanlar\u0131 k\u00f6pek arkada\u015flar\u0131yla daha g\u00fc\u00e7l\u00fc ve daha mutlu ili\u015fkiler yaratmak i\u00e7in k\u00f6pek psikolojisi hakk\u0131ndaki benzersiz anlay\u0131\u015flar\u0131n\u0131 kullanmak.   \u015eimdi, bu ilham verici ve pratik k\u0131lavuz 98 temel dersi sunmak i\u00e7in d\u00fcnyan\u0131n d\u00f6rt bir yan\u0131ndaki binlerce e\u011fitim g\u00f6r\u00fc\u015fmelerine dayanmaktad\u0131r. Birlikte ele al\u0131nd\u0131\u011f\u0131nda, k\u00f6pek sahiplerinin k\u00f6pekleriyle m\u00fcmk\u00fcn olan en iyi ya\u015fam\u0131 yaratmalar\u0131na yard\u0131mc\u0131 olacakt\u0131r.   Bu sayfalarda Cesar, sevdi\u011finiz evcil hayvanlar\u0131n kalplerini ve zihinlerini ortaya \u00e7\u0131karmak i\u00e7in en \u00f6nemli 98 temek ipucu ve tekni\u011fi g\u00f6zler \u00f6n\u00fcne seriyor:   \u2022 K\u00f6pek psikolojisinin temelleri \u2022 \u0130\u00e7g\u00fcd\u00fcsel davran\u0131\u015flar \u2022 Denge ve s\u0131n\u0131rlar\u0131 yaratmak \u2022 S\u0131k g\u00f6r\u00fclen davran\u0131\u015f bozukluklar\u0131yla ba\u015fa \u00e7\u0131kma \u2022 Aileniz i\u00e7in do\u011fru k\u00f6pe\u011fi se\u00e7me \u2022 K\u00f6pe\u011finizin hayat\u0131ndaki de\u011fi\u015fikliklere uyum sa\u011flamas\u0131na yard\u0131mc\u0131 olmak   K\u00f6pe\u011fim Mutlu, Ben Mutlu, Cesar\u2019\u0131n vaka dosyalar\u0131ndan, ilham veren \u00f6yk\u00fcler, TV \u015fovu S\u00fcr\u00fcn\u00fcn Lideri\u2019nden ger\u00e7ek uygulamalar ve \u015fa\u015f\u0131rt\u0131c\u0131 ya\u015fam dersleri sunuyor. Bu kitap, ailenin sevilen \u00fcyesiyle iyi bir hayat ya\u015famak isteyen herkese ilham verecektir. <\/p>\n","protected":false},"excerpt":{"rendered":"<p>Televizyondaki 9 sezonluk K\u00f6peklere F\u0131s\u0131ldayan Adam\u2019dan sonra, CesarMillan yeni bir misyona sahiptir: insanlar\u0131 k\u00f6pek arkada\u015flar\u0131yla daha g\u00fc\u00e7l\u00fc ve daha mutlu ili\u015fkiler yaratmak i\u00e7in k\u00f6pek psikolojisi hakk\u0131ndaki<span class=\"excerpt-hellip\"> [\u2026]<\/span><\/p>\n","protected":false},"featured_media":0,"template":"","meta":{"_monsterinsights_skip_tracking":false,"_monsterinsights_sitenote_active":false,"_monsterinsights_sitenote_note":"","_monsterinsights_sitenote_category":0},"product_brand":[],"product_cat":[21076,15563],"product_tag":[],"class_list":{"0":"post-711374","1":"product","2":"type-product","3":"status-publish","5":"product_cat-hayvan-bakimi-ve-egitimi","6":"product_cat-hobi","7":"pa_cilt-ciltsiz","8":"pa_tur-kitap","9":"pa_yayinevi-beta-kitap","10":"pa_yazar-cesar-millan","12":"first","13":"instock","14":"sale","15":"shipping-taxable","16":"purchasable","17":"product-type-simple"},"_links":{"self":[{"href":"https:\/\/roveyayinevi.com.tr\/index.php\/wp-json\/wp\/v2\/product\/711374","targetHints":{"allow":["GET"]}}],"collection":[{"href":"https:\/\/roveyayinevi.com.tr\/index.php\/wp-json\/wp\/v2\/product"}],"about":[{"href":"https:\/\/roveyayinevi.com.tr\/index.php\/wp-json\/wp\/v2\/types\/product"}],"wp:attachment":[{"href":"https:\/\/roveyayinevi.com.tr\/index.php\/wp-json\/wp\/v2\/media?parent=711374"}],"wp:term":[{"taxonomy":"product_brand","embeddable":true,"href":"https:\/\/roveyayinevi.com.tr\/index.php\/wp-json\/wp\/v2\/product_brand?post=711374"},{"taxonomy":"product_cat","embeddable":true,"href":"https:\/\/roveyayinevi.com.tr\/index.php\/wp-json\/wp\/v2\/product_cat?post=711374"},{"taxonomy":"product_tag","embeddable":true,"href":"https:\/\/roveyayinevi.com.tr\/index.php\/wp-json\/wp\/v2\/product_tag?post=711374"}],"curies":[{"name":"wp","href":"https:\/\/api.w.org\/{rel}","templated":true}]}}