{"id":711368,"date":"2025-08-27T16:44:44","date_gmt":"2025-08-27T13:44:44","guid":{"rendered":"https:\/\/roveyayinevi.com.tr\/index.php\/urun\/lunaparkta-korku-sivridis-ailesi\/"},"modified":"2025-10-20T04:21:46","modified_gmt":"2025-10-20T01:21:46","slug":"lunaparkta-korku-sivridis-ailesi","status":"publish","type":"product","link":"https:\/\/roveyayinevi.com.tr\/index.php\/urun\/lunaparkta-korku-sivridis-ailesi\/","title":{"rendered":"Lunaparkta Korku Sivridi\u015f Ailesi"},"content":{"rendered":"<p>Sivridi\u015f Ailesi\u2019yle tan\u0131\u015fmaya haz\u0131r m\u0131s\u0131n\u0131z? Baba Sivridi\u015f, Anne Sivridi\u015f, B\u00fcy\u00fckbaba Sivridi\u015f, K\u00fc\u00e7\u00fck Sivridi\u015f, Bebek Sivridi\u015f ve vampir k\u00f6pek Damarc\u0131k. T\u00fcm vampirler gibi, Sivridi\u015f Ailesi\u2019nin \u00fcyeleri de k\u0131rm\u0131z\u0131 g\u00f6zlere ve sivri di\u015flere sahiptir. I\u015f\u0131ktan nefret ederler. Kan\u0131n tad\u0131naysa bay\u0131l\u0131rlar. \u0130stedikleri zaman yarasaya d\u00f6n\u00fc\u015febilirler. Bug\u00fcn Anne Sivridi\u015f\u2019in do\u011fum g\u00fcn\u00fc ve ona s\u00fcrpriz olarak Sivridi\u015f Ailesi lunaparka gidiyor! Ba\u015flar\u0131na ne gibi bir bela gelebilir ki? <\/p>\n","protected":false},"excerpt":{"rendered":"<p>Sivridi\u015f Ailesi\u2019yle tan\u0131\u015fmaya haz\u0131r m\u0131s\u0131n\u0131z? Baba Sivridi\u015f, Anne Sivridi\u015f, B\u00fcy\u00fckbaba Sivridi\u015f, K\u00fc\u00e7\u00fck Sivridi\u015f, Bebek Sivridi\u015f ve vampir k\u00f6pek Damarc\u0131k. T\u00fcm vampirler gibi, Sivridi\u015f Ailesi\u2019nin \u00fcyeleri de<span class=\"excerpt-hellip\"> [\u2026]<\/span><\/p>\n","protected":false},"featured_media":0,"template":"","meta":{"_monsterinsights_skip_tracking":false,"_monsterinsights_sitenote_active":false,"_monsterinsights_sitenote_note":"","_monsterinsights_sitenote_category":0},"product_brand":[],"product_cat":[12275,12274],"product_tag":[],"class_list":{"0":"post-711368","1":"product","2":"type-product","3":"status-publish","5":"product_cat-6-12-yas-kitaplari","6":"product_cat-cocuk-ve-genclik-kitaplari","7":"pa_cilt-ciltsiz","8":"pa_tur-kitap","9":"pa_yayinevi-beta-kids","10":"pa_yazar-sheryl-webster","12":"first","13":"instock","14":"sale","15":"shipping-taxable","16":"purchasable","17":"product-type-simple"},"_links":{"self":[{"href":"https:\/\/roveyayinevi.com.tr\/index.php\/wp-json\/wp\/v2\/product\/711368","targetHints":{"allow":["GET"]}}],"collection":[{"href":"https:\/\/roveyayinevi.com.tr\/index.php\/wp-json\/wp\/v2\/product"}],"about":[{"href":"https:\/\/roveyayinevi.com.tr\/index.php\/wp-json\/wp\/v2\/types\/product"}],"wp:attachment":[{"href":"https:\/\/roveyayinevi.com.tr\/index.php\/wp-json\/wp\/v2\/media?parent=711368"}],"wp:term":[{"taxonomy":"product_brand","embeddable":true,"href":"https:\/\/roveyayinevi.com.tr\/index.php\/wp-json\/wp\/v2\/product_brand?post=711368"},{"taxonomy":"product_cat","embeddable":true,"href":"https:\/\/roveyayinevi.com.tr\/index.php\/wp-json\/wp\/v2\/product_cat?post=711368"},{"taxonomy":"product_tag","embeddable":true,"href":"https:\/\/roveyayinevi.com.tr\/index.php\/wp-json\/wp\/v2\/product_tag?post=711368"}],"curies":[{"name":"wp","href":"https:\/\/api.w.org\/{rel}","templated":true}]}}