{"id":711364,"date":"2025-08-27T16:44:41","date_gmt":"2025-08-27T13:44:41","guid":{"rendered":"https:\/\/roveyayinevi.com.tr\/index.php\/urun\/kuklaci-cocuklar-2\/"},"modified":"2026-04-16T02:19:53","modified_gmt":"2026-04-15T23:19:53","slug":"kuklaci-cocuklar-2","status":"publish","type":"product","link":"https:\/\/roveyayinevi.com.tr\/index.php\/urun\/kuklaci-cocuklar-2\/","title":{"rendered":"Kuklac\u0131 \u00c7ocuklar"},"content":{"rendered":"<p>Merhaba, benim ad\u0131m Can. Bir g\u00fcn kom\u015fular\u0131m\u0131z Mahmut Amca\u2019yla Ayla Teyze\u2019nin evinde bir dergi buldum. Bu dergide ip kuklalarla ilgili bir yaz\u0131 vard\u0131. O g\u00fcnden sonra kukla yapmak ve bir kukla tiyatrosu kurmak en b\u00fcy\u00fck hayalim oldu. Bu kitab\u0131 okursan\u0131z ba\u015far\u0131p ba\u015farmad\u0131\u011f\u0131m\u0131 \u00f6\u011frenebilirsiniz! \ufffcTan\u0131t\u0131m Metni<\/p>\n","protected":false},"excerpt":{"rendered":"<p>Merhaba, benim ad\u0131m Can. Bir g\u00fcn kom\u015fular\u0131m\u0131z Mahmut Amca\u2019yla Ayla Teyze\u2019nin evinde bir dergi buldum. Bu dergide ip kuklalarla ilgili bir yaz\u0131 vard\u0131. O g\u00fcnden sonra<span class=\"excerpt-hellip\"> [\u2026]<\/span><\/p>\n","protected":false},"featured_media":0,"template":"","meta":{"_monsterinsights_skip_tracking":false,"_monsterinsights_sitenote_active":false,"_monsterinsights_sitenote_note":"","_monsterinsights_sitenote_category":0},"product_brand":[],"product_cat":[12275,12274],"product_tag":[],"class_list":{"0":"post-711364","1":"product","2":"type-product","3":"status-publish","5":"product_cat-6-12-yas-kitaplari","6":"product_cat-cocuk-ve-genclik-kitaplari","7":"pa_cilt-ciltsiz","8":"pa_tur-kitap","9":"pa_yayinevi-kirmizi-kedi-yayinevi","10":"pa_yazar-burcu-bahar","12":"first","13":"instock","14":"sale","15":"shipping-taxable","16":"purchasable","17":"product-type-simple"},"_links":{"self":[{"href":"https:\/\/roveyayinevi.com.tr\/index.php\/wp-json\/wp\/v2\/product\/711364","targetHints":{"allow":["GET"]}}],"collection":[{"href":"https:\/\/roveyayinevi.com.tr\/index.php\/wp-json\/wp\/v2\/product"}],"about":[{"href":"https:\/\/roveyayinevi.com.tr\/index.php\/wp-json\/wp\/v2\/types\/product"}],"wp:attachment":[{"href":"https:\/\/roveyayinevi.com.tr\/index.php\/wp-json\/wp\/v2\/media?parent=711364"}],"wp:term":[{"taxonomy":"product_brand","embeddable":true,"href":"https:\/\/roveyayinevi.com.tr\/index.php\/wp-json\/wp\/v2\/product_brand?post=711364"},{"taxonomy":"product_cat","embeddable":true,"href":"https:\/\/roveyayinevi.com.tr\/index.php\/wp-json\/wp\/v2\/product_cat?post=711364"},{"taxonomy":"product_tag","embeddable":true,"href":"https:\/\/roveyayinevi.com.tr\/index.php\/wp-json\/wp\/v2\/product_tag?post=711364"}],"curies":[{"name":"wp","href":"https:\/\/api.w.org\/{rel}","templated":true}]}}