{"id":711363,"date":"2025-08-27T16:44:41","date_gmt":"2025-08-27T13:44:41","guid":{"rendered":"https:\/\/roveyayinevi.com.tr\/index.php\/urun\/zaman-carki-serisi-11-cilt-dus-hanceri-ciltli\/"},"modified":"2026-04-16T02:19:53","modified_gmt":"2026-04-15T23:19:53","slug":"zaman-carki-serisi-11-cilt-dus-hanceri-ciltli","status":"publish","type":"product","link":"https:\/\/roveyayinevi.com.tr\/index.php\/urun\/zaman-carki-serisi-11-cilt-dus-hanceri-ciltli\/","title":{"rendered":"Zaman \u00c7ark\u0131 Serisi 11. Cilt D\u00fc\u015f Han\u00e7eri (Ciltli)"},"content":{"rendered":"<p>Tarmon Gai&#8217;don gittik\u00e7e yakla\u015f\u0131rken, Zaman \u00c7ark\u0131 d\u00fcnyas\u0131nda taraflar netle\u015fmeye ba\u015fl\u0131yor. Perrin, kar\u0131s\u0131n\u0131n Shaidolar\u0131n ellerinden kurtarmak i\u00e7in plan yaparken, Faile de kendi ka\u00e7\u0131s\u0131n\u0131 planlamaya \u00e7al\u0131\u015f\u0131yor. Mat, evlenmeye yazg\u0131l\u0131 oldu\u011fu Tuon hakk\u0131ndaki duygular\u0131ndan emin olmaya \u00e7al\u0131\u015f\u0131rken, Tuon&#8217;u kendi halk\u0131ndan kurtarmas\u0131 gerekecek. Egwene sava\u015f\u0131 hem G\u00f6lge&#8217;ye, hem Andor aht\u0131nda g\u00f6z\u00fc olanlara kar\u015f\u0131. Rand al&#8217;Thor ise I\u015f\u0131k&#8217;\u0131n g\u00fc\u00e7lerini G\u00f6lge&#8217;ye kar\u015f\u0131 birle\u015ftirmeye \u00e7al\u0131\u015f\u0131yor.Robert Jordan&#8217;\u0131n destan\u0131 sonuna yakla\u015f\u0131rken, d\u00fcnya nefesini tutmu\u015f Son Sava\u015f&#8217;\u0131 bekliyor.D\u00fc\u015f Han\u00e7eri Zaman \u00c7ark\u0131 Serisi 11. Cilt, 1. ve 2. Kitap Bir Arada <\/p>\n","protected":false},"excerpt":{"rendered":"<p>Tarmon Gai&#8217;don gittik\u00e7e yakla\u015f\u0131rken, Zaman \u00c7ark\u0131 d\u00fcnyas\u0131nda taraflar netle\u015fmeye ba\u015fl\u0131yor. Perrin, kar\u0131s\u0131n\u0131n Shaidolar\u0131n ellerinden kurtarmak i\u00e7in plan yaparken, Faile de kendi ka\u00e7\u0131s\u0131n\u0131 planlamaya \u00e7al\u0131\u015f\u0131yor. Mat, evlenmeye<span class=\"excerpt-hellip\"> [\u2026]<\/span><\/p>\n","protected":false},"featured_media":0,"template":"","meta":{"_monsterinsights_skip_tracking":false,"_monsterinsights_sitenote_active":false,"_monsterinsights_sitenote_note":"","_monsterinsights_sitenote_category":0},"product_brand":[],"product_cat":[12291,14777],"product_tag":[],"class_list":{"0":"post-711363","1":"product","2":"type-product","3":"status-publish","5":"product_cat-edebiyat","6":"product_cat-fantastik","7":"pa_cilt-ciltli","8":"pa_tur-kitap","9":"pa_yayinevi-ithaki-yayinlari","10":"pa_yazar-robert-jordan","12":"first","13":"instock","14":"sale","15":"shipping-taxable","16":"purchasable","17":"product-type-simple"},"_links":{"self":[{"href":"https:\/\/roveyayinevi.com.tr\/index.php\/wp-json\/wp\/v2\/product\/711363","targetHints":{"allow":["GET"]}}],"collection":[{"href":"https:\/\/roveyayinevi.com.tr\/index.php\/wp-json\/wp\/v2\/product"}],"about":[{"href":"https:\/\/roveyayinevi.com.tr\/index.php\/wp-json\/wp\/v2\/types\/product"}],"wp:attachment":[{"href":"https:\/\/roveyayinevi.com.tr\/index.php\/wp-json\/wp\/v2\/media?parent=711363"}],"wp:term":[{"taxonomy":"product_brand","embeddable":true,"href":"https:\/\/roveyayinevi.com.tr\/index.php\/wp-json\/wp\/v2\/product_brand?post=711363"},{"taxonomy":"product_cat","embeddable":true,"href":"https:\/\/roveyayinevi.com.tr\/index.php\/wp-json\/wp\/v2\/product_cat?post=711363"},{"taxonomy":"product_tag","embeddable":true,"href":"https:\/\/roveyayinevi.com.tr\/index.php\/wp-json\/wp\/v2\/product_tag?post=711363"}],"curies":[{"name":"wp","href":"https:\/\/api.w.org\/{rel}","templated":true}]}}