{"id":711362,"date":"2025-08-27T16:44:40","date_gmt":"2025-08-27T13:44:40","guid":{"rendered":"https:\/\/roveyayinevi.com.tr\/index.php\/urun\/islam-metafiziginde-tanri-ve-insan\/"},"modified":"2026-04-16T02:19:53","modified_gmt":"2026-04-15T23:19:53","slug":"islam-metafiziginde-tanri-ve-insan","status":"publish","type":"product","link":"https:\/\/roveyayinevi.com.tr\/index.php\/urun\/islam-metafiziginde-tanri-ve-insan\/","title":{"rendered":"\u0130slam Metafizi\u011finde Tanr\u0131 Ve \u0130nsan"},"content":{"rendered":"<p>Sufiler insan\u0131 anlatmak i\u00e7in ibn\u00fc\u2019l-vakt, yani \u201cvaktin o\u011flu\u201d demi\u015flerdi. \u00d6nemli bir d\u00fc\u015f\u00fcnceyi i\u00e7eren bu ifadenin, \u00e7a\u011f\u0131m\u0131zda ge\u00e7mi\u015ften ve gelecekten soyutlanarak ya\u015fad\u0131\u011f\u0131 anda hapis kalm\u0131\u015f ve bu an\u0131n d\u0131\u015f\u0131ndaki her \u015feyi \u00f6nemsiz sayan insan\u0131 anlataca\u011f\u0131n\u0131 hi\u00e7 d\u00fc\u015f\u00fcnmemi\u015flerdi herhalde. \u00c7a\u011fda\u015f insan\u0131 anlatan en iyi ifadelerden biri, onu insanl\u0131k ailesinden kopartarak, belirli bir zaman dilimine hapseden bu \u201cya\u015fanan ana ve \u015fimdiye\u201d hapsedilmi\u015flik ve ku\u015fat\u0131lm\u0131\u015fl\u0131k olabilirdi. Bu durum tarih anlay\u0131\u015f\u0131n\u0131n ve d\u00fc\u015f\u00fcncenin etkisizle\u015fti\u011fi \u00fclkemizde daha a\u00e7\u0131k g\u00f6zlenir. \u00c7a\u011fda\u015f insan\u0131n en b\u00fcy\u00fck ihtiyac\u0131, kendini insanl\u0131k ailesininferdi sayabilece\u011fi bir zaman ve tarih bilincidir. <\/p>\n","protected":false},"excerpt":{"rendered":"<p>Sufiler insan\u0131 anlatmak i\u00e7in ibn\u00fc\u2019l-vakt, yani \u201cvaktin o\u011flu\u201d demi\u015flerdi. \u00d6nemli bir d\u00fc\u015f\u00fcnceyi i\u00e7eren bu ifadenin, \u00e7a\u011f\u0131m\u0131zda ge\u00e7mi\u015ften ve gelecekten soyutlanarak ya\u015fad\u0131\u011f\u0131 anda hapis kalm\u0131\u015f ve bu<span class=\"excerpt-hellip\"> [\u2026]<\/span><\/p>\n","protected":false},"featured_media":0,"template":"","meta":{"_monsterinsights_skip_tracking":false,"_monsterinsights_sitenote_active":false,"_monsterinsights_sitenote_note":"","_monsterinsights_sitenote_category":0},"product_brand":[],"product_cat":[13036,12718,12719],"product_tag":[],"class_list":{"0":"post-711362","1":"product","2":"type-product","3":"status-publish","5":"product_cat-arastirma-inceleme-islam","6":"product_cat-din","7":"product_cat-islam","8":"pa_cilt-ciltsiz","9":"pa_tur-kitap","10":"pa_yayinevi-alfa-yayinlari","11":"pa_yazar-ekrem-demirli","13":"first","14":"instock","15":"sale","16":"shipping-taxable","17":"purchasable","18":"product-type-simple"},"_links":{"self":[{"href":"https:\/\/roveyayinevi.com.tr\/index.php\/wp-json\/wp\/v2\/product\/711362","targetHints":{"allow":["GET"]}}],"collection":[{"href":"https:\/\/roveyayinevi.com.tr\/index.php\/wp-json\/wp\/v2\/product"}],"about":[{"href":"https:\/\/roveyayinevi.com.tr\/index.php\/wp-json\/wp\/v2\/types\/product"}],"wp:attachment":[{"href":"https:\/\/roveyayinevi.com.tr\/index.php\/wp-json\/wp\/v2\/media?parent=711362"}],"wp:term":[{"taxonomy":"product_brand","embeddable":true,"href":"https:\/\/roveyayinevi.com.tr\/index.php\/wp-json\/wp\/v2\/product_brand?post=711362"},{"taxonomy":"product_cat","embeddable":true,"href":"https:\/\/roveyayinevi.com.tr\/index.php\/wp-json\/wp\/v2\/product_cat?post=711362"},{"taxonomy":"product_tag","embeddable":true,"href":"https:\/\/roveyayinevi.com.tr\/index.php\/wp-json\/wp\/v2\/product_tag?post=711362"}],"curies":[{"name":"wp","href":"https:\/\/api.w.org\/{rel}","templated":true}]}}