{"id":711360,"date":"2025-08-27T16:44:39","date_gmt":"2025-08-27T13:44:39","guid":{"rendered":"https:\/\/roveyayinevi.com.tr\/index.php\/urun\/cinayet-randevusu\/"},"modified":"2026-04-16T02:19:53","modified_gmt":"2026-04-15T23:19:53","slug":"cinayet-randevusu","status":"publish","type":"product","link":"https:\/\/roveyayinevi.com.tr\/index.php\/urun\/cinayet-randevusu\/","title":{"rendered":"Cinayet Randevusu"},"content":{"rendered":"<p>Her dedektifin, ister kad\u0131n olsun ister erkek, kendine \u00f6zg\u00fc bir ara\u015ft\u0131rma y\u00f6ntemi vard\u0131r. Parker Pyne, Pollensa Koyu\u2019ndaki Sorun adl\u0131 \u00f6yk\u00fcde sorunu \u00e7\u00f6zerken insan do\u011fas\u0131na ili\u015fkin sezgilerine g\u00fcvenir&#8230; Harlequin \u00c7ay Tak\u0131m\u0131\u2019nda Bay Satterthwaite, ilham\u0131 gizemli Bay Quin ile i\u015fbirli\u011finde arar&#8230;Sar\u0131 \u0130ris adl\u0131 \u00f6yk\u00fcde ise Hercule Poirot esrarengiz birinden gelen telefonla \u00f6\u011frendi\u011fi bir cinayet te\u015febb\u00fcs\u00fcnde yeni ba\u015ftan test edilir. Birbirinden farkl\u0131 ve s\u0131ra d\u0131\u015f\u0131 \u00f6yk\u00fcleriyle dikkat \u00e7eken Cinayet Randevusu\u2019nda Agatha Christie\u2019nin kahramanlar\u0131 yine ola\u011fan\u00fcst\u00fc. \u201cPolisiye romanlar\u0131n krali\u00e7esi.\u201d Observer <\/p>\n","protected":false},"excerpt":{"rendered":"<p>Her dedektifin, ister kad\u0131n olsun ister erkek, kendine \u00f6zg\u00fc bir ara\u015ft\u0131rma y\u00f6ntemi vard\u0131r. Parker Pyne, Pollensa Koyu\u2019ndaki Sorun adl\u0131 \u00f6yk\u00fcde sorunu \u00e7\u00f6zerken insan do\u011fas\u0131na ili\u015fkin sezgilerine<span class=\"excerpt-hellip\"> [\u2026]<\/span><\/p>\n","protected":false},"featured_media":0,"template":"","meta":{"_monsterinsights_skip_tracking":false,"_monsterinsights_sitenote_active":false,"_monsterinsights_sitenote_note":"","_monsterinsights_sitenote_category":0},"product_brand":[],"product_cat":[12291,15445],"product_tag":[],"class_list":{"0":"post-711360","1":"product","2":"type-product","3":"status-publish","5":"product_cat-edebiyat","6":"product_cat-polisiye","7":"pa_cilt-ciltsiz","8":"pa_tur-kitap","9":"pa_yayinevi-altin-kitaplar","10":"pa_yazar-agatha-christie","12":"first","13":"instock","14":"sale","15":"shipping-taxable","16":"purchasable","17":"product-type-simple"},"_links":{"self":[{"href":"https:\/\/roveyayinevi.com.tr\/index.php\/wp-json\/wp\/v2\/product\/711360","targetHints":{"allow":["GET"]}}],"collection":[{"href":"https:\/\/roveyayinevi.com.tr\/index.php\/wp-json\/wp\/v2\/product"}],"about":[{"href":"https:\/\/roveyayinevi.com.tr\/index.php\/wp-json\/wp\/v2\/types\/product"}],"wp:attachment":[{"href":"https:\/\/roveyayinevi.com.tr\/index.php\/wp-json\/wp\/v2\/media?parent=711360"}],"wp:term":[{"taxonomy":"product_brand","embeddable":true,"href":"https:\/\/roveyayinevi.com.tr\/index.php\/wp-json\/wp\/v2\/product_brand?post=711360"},{"taxonomy":"product_cat","embeddable":true,"href":"https:\/\/roveyayinevi.com.tr\/index.php\/wp-json\/wp\/v2\/product_cat?post=711360"},{"taxonomy":"product_tag","embeddable":true,"href":"https:\/\/roveyayinevi.com.tr\/index.php\/wp-json\/wp\/v2\/product_tag?post=711360"}],"curies":[{"name":"wp","href":"https:\/\/api.w.org\/{rel}","templated":true}]}}