{"id":711359,"date":"2025-08-27T16:44:38","date_gmt":"2025-08-27T13:44:38","guid":{"rendered":"https:\/\/roveyayinevi.com.tr\/index.php\/urun\/absurd-yeni-dunya\/"},"modified":"2026-04-16T02:19:53","modified_gmt":"2026-04-15T23:19:53","slug":"absurd-yeni-dunya","status":"publish","type":"product","link":"https:\/\/roveyayinevi.com.tr\/index.php\/urun\/absurd-yeni-dunya\/","title":{"rendered":"Abs\u00fcrd Yeni D\u00fcnya"},"content":{"rendered":"<p>Fatih Alt\u0131n\u00f6z, denemelerinde korkun\u00e7 bir e\u015fitsizlik i\u00e7indeki d\u00fcnyaya mercek tutuyor.     Fatih Alt\u0131n\u00f6z, Abs\u00fcrd Yeni D\u00fcnya\u2019da g\u00fcndelik hayat\u0131n i\u00e7inde sorgulamadan kabul etti\u011fimiz \u015feylerin asl\u0131nda ne kadar tuhaf, sa\u00e7ma ve hatta anlams\u0131z oldu\u011funu anlat\u0131yor. Alt\u0131n\u00f6z\u2019\u00fcn Kutsal Aile ve \u0130ktidars\u0131zlar romanlar\u0131n\u0131 sevenler bu denemeleri de sevecek.   \u201cSonu\u00e7ta bu gezegene gelmi\u015f bulundum, gelmi\u015fken ayakkab\u0131lar\u0131m\u0131 giyip sokaklar\u0131nda, caddelerinde gezerek g\u00f6zlemler yapt\u0131m ve ne kadar kald\u0131\u011f\u0131n\u0131 bilemedi\u011fim bir s\u00fcrenin sonunda da m\u00fcsaadenizi isteyece\u011fim. \u2018Ee geldin de ne buldun peki?\u2019 diye sorarsan\u0131z, \u2018Korkun\u00e7 bir e\u015fitsizlik i\u00e7inde koskocaman bir sa\u00e7mal\u0131k!\u2019 derim size.\u201d <\/p>\n","protected":false},"excerpt":{"rendered":"<p>Fatih Alt\u0131n\u00f6z, denemelerinde korkun\u00e7 bir e\u015fitsizlik i\u00e7indeki d\u00fcnyaya mercek tutuyor. Fatih Alt\u0131n\u00f6z, Abs\u00fcrd Yeni D\u00fcnya\u2019da g\u00fcndelik hayat\u0131n i\u00e7inde sorgulamadan kabul etti\u011fimiz \u015feylerin asl\u0131nda ne kadar tuhaf,<span class=\"excerpt-hellip\"> [\u2026]<\/span><\/p>\n","protected":false},"featured_media":0,"template":"","meta":{"_monsterinsights_skip_tracking":false,"_monsterinsights_sitenote_active":false,"_monsterinsights_sitenote_note":"","_monsterinsights_sitenote_category":0},"product_brand":[],"product_cat":[12777,12291],"product_tag":[],"class_list":{"0":"post-711359","1":"product","2":"type-product","3":"status-publish","5":"product_cat-deneme","6":"product_cat-edebiyat","7":"pa_cilt-ciltsiz","8":"pa_tur-kitap","9":"pa_yayinevi-cinar-yayinlari","10":"pa_yazar-fatih-altinoz","12":"first","13":"instock","14":"sale","15":"shipping-taxable","16":"purchasable","17":"product-type-simple"},"_links":{"self":[{"href":"https:\/\/roveyayinevi.com.tr\/index.php\/wp-json\/wp\/v2\/product\/711359","targetHints":{"allow":["GET"]}}],"collection":[{"href":"https:\/\/roveyayinevi.com.tr\/index.php\/wp-json\/wp\/v2\/product"}],"about":[{"href":"https:\/\/roveyayinevi.com.tr\/index.php\/wp-json\/wp\/v2\/types\/product"}],"wp:attachment":[{"href":"https:\/\/roveyayinevi.com.tr\/index.php\/wp-json\/wp\/v2\/media?parent=711359"}],"wp:term":[{"taxonomy":"product_brand","embeddable":true,"href":"https:\/\/roveyayinevi.com.tr\/index.php\/wp-json\/wp\/v2\/product_brand?post=711359"},{"taxonomy":"product_cat","embeddable":true,"href":"https:\/\/roveyayinevi.com.tr\/index.php\/wp-json\/wp\/v2\/product_cat?post=711359"},{"taxonomy":"product_tag","embeddable":true,"href":"https:\/\/roveyayinevi.com.tr\/index.php\/wp-json\/wp\/v2\/product_tag?post=711359"}],"curies":[{"name":"wp","href":"https:\/\/api.w.org\/{rel}","templated":true}]}}