{"id":711358,"date":"2025-08-27T16:44:37","date_gmt":"2025-08-27T13:44:37","guid":{"rendered":"https:\/\/roveyayinevi.com.tr\/index.php\/urun\/babaya-mektup-4\/"},"modified":"2026-04-16T02:19:53","modified_gmt":"2026-04-15T23:19:53","slug":"babaya-mektup-4","status":"publish","type":"product","link":"https:\/\/roveyayinevi.com.tr\/index.php\/urun\/babaya-mektup-4\/","title":{"rendered":"Babaya Mektup"},"content":{"rendered":"<p>\u201cKafka\u2019n\u0131n kendini anlatmaya giri\u015fti\u011fi bu mektup, ayn\u0131 zamanda edebiyat\u0131n en b\u00fcy\u00fck itiraflar\u0131ndan biri.\u201d _ F. W. DupeeFranz Kafka otuz alt\u0131 ya\u015f\u0131ndayken, o zamana dek hep sorunlu bir ili\u015fki ya\u015fad\u0131\u011f\u0131 babas\u0131na bir mektup yazd\u0131. Bu mektubunda hem babas\u0131yla olan ili\u015fkisini tahlil etmek, hem bu baba-o\u011ful etkile\u015fiminin kendi ki\u015fili\u011finin olu\u015fumu \u00fczerindeki etkilerini a\u00e7\u0131k y\u00fcreklilikle anlatmak hem de belki bu vesileyle babas\u0131yla bir t\u00fcr uzla\u015fmaya varabilmek istiyordu. Kafka\u2019n\u0131n \u00f6l\u00fcm\u00fcnden sonra yak\u0131lmas\u0131n\u0131 istedi\u011fi eserlerini ve ki\u015fisel belgelerini \u2013bu vasiyete bir anlamda ihanet ederek\u2013 yay\u0131nlamaya karar veren arkada\u015f\u0131 Max Brod sayesinde g\u00fcn\u00fcm\u00fcze ula\u015fan Babaya Mektup, 20. y\u00fczy\u0131l\u0131n en b\u00fcy\u00fck yazarlar\u0131ndan Franz Kafka\u2019n\u0131n, kendi ki\u015fili\u011finin olu\u015fumunu b\u00fcy\u00fck bir i\u00e7g\u00f6r\u00fcyle ele ald\u0131\u011f\u0131 ve belki de onu Kafka yapan \u00e7ocukluk ve gen\u00e7lik tecr\u00fcbelerini bizzat \u00e7\u00f6z\u00fcmleyerek bizlere eserlerinin ipu\u00e7lar\u0131n\u0131 verdi\u011fi \u00e7ok \u00f6nemli bir belge. <\/p>\n","protected":false},"excerpt":{"rendered":"<p>\u201cKafka\u2019n\u0131n kendini anlatmaya giri\u015fti\u011fi bu mektup, ayn\u0131 zamanda edebiyat\u0131n en b\u00fcy\u00fck itiraflar\u0131ndan biri.\u201d _ F. W. DupeeFranz Kafka otuz alt\u0131 ya\u015f\u0131ndayken, o zamana dek hep sorunlu<span class=\"excerpt-hellip\"> [\u2026]<\/span><\/p>\n","protected":false},"featured_media":0,"template":"","meta":{"_monsterinsights_skip_tracking":false,"_monsterinsights_sitenote_active":false,"_monsterinsights_sitenote_note":"","_monsterinsights_sitenote_category":0},"product_brand":[],"product_cat":[12291,12711],"product_tag":[],"class_list":{"0":"post-711358","1":"product","2":"type-product","3":"status-publish","5":"product_cat-edebiyat","6":"product_cat-roman-oyku","7":"pa_cilt-ciltsiz","8":"pa_tur-kitap","9":"pa_yayinevi-epsilon-yayinlari","10":"pa_yazar-franz-kafka","12":"first","13":"instock","14":"sale","15":"shipping-taxable","16":"purchasable","17":"product-type-simple"},"_links":{"self":[{"href":"https:\/\/roveyayinevi.com.tr\/index.php\/wp-json\/wp\/v2\/product\/711358","targetHints":{"allow":["GET"]}}],"collection":[{"href":"https:\/\/roveyayinevi.com.tr\/index.php\/wp-json\/wp\/v2\/product"}],"about":[{"href":"https:\/\/roveyayinevi.com.tr\/index.php\/wp-json\/wp\/v2\/types\/product"}],"wp:attachment":[{"href":"https:\/\/roveyayinevi.com.tr\/index.php\/wp-json\/wp\/v2\/media?parent=711358"}],"wp:term":[{"taxonomy":"product_brand","embeddable":true,"href":"https:\/\/roveyayinevi.com.tr\/index.php\/wp-json\/wp\/v2\/product_brand?post=711358"},{"taxonomy":"product_cat","embeddable":true,"href":"https:\/\/roveyayinevi.com.tr\/index.php\/wp-json\/wp\/v2\/product_cat?post=711358"},{"taxonomy":"product_tag","embeddable":true,"href":"https:\/\/roveyayinevi.com.tr\/index.php\/wp-json\/wp\/v2\/product_tag?post=711358"}],"curies":[{"name":"wp","href":"https:\/\/api.w.org\/{rel}","templated":true}]}}