{"id":711356,"date":"2025-08-27T16:44:36","date_gmt":"2025-08-27T13:44:36","guid":{"rendered":"https:\/\/roveyayinevi.com.tr\/index.php\/urun\/tus-beyinli-4-basim-aklimda-degil-ciltli\/"},"modified":"2026-04-16T02:19:53","modified_gmt":"2026-04-15T23:19:53","slug":"tus-beyinli-4-basim-aklimda-degil-ciltli","status":"publish","type":"product","link":"https:\/\/roveyayinevi.com.tr\/index.php\/urun\/tus-beyinli-4-basim-aklimda-degil-ciltli\/","title":{"rendered":"Tu\u015f Beyinli 4 &#8211; Ba\u015f\u0131m Akl\u0131mda De\u011fil (Ciltli)"},"content":{"rendered":"<p>\u0130tiraf ediyorum: Ben ola\u011fan\u00fcst\u00fc bir \u00e7ocu\u011fum. Bir d\u00fcnya yetene\u011fim var. Yeteneklerimin ne oldu\u011funu sormay\u0131n; \u00e7\u00fcnk\u00fc ben de bilmiyorum. Ama su\u00e7lu ben de\u011filim. Su\u00e7lu kim, biliyor musunuz? Yeteneklerimi g\u00f6rmezden gelen herkes! Nazl\u0131, Yi\u011fit, karde\u015fim, \u00f6\u011fretmenim, annem ve babam. Baz\u0131lar\u0131n\u0131n \u201cSenin hi\u00e7 mi su\u00e7un yok?\u201d dedi\u011fini duyar gibi oluyorum. Cevap veriyorum: Benim hi\u00e7 su\u00e7um yok!Not: Sahi siz kimden yanas\u0131n\u0131z? Benden yana de\u011filseniz l\u00fctfen bu kitab\u0131 ald\u0131\u011f\u0131n\u0131z yere koyun! <\/p>\n","protected":false},"excerpt":{"rendered":"<p>\u0130tiraf ediyorum: Ben ola\u011fan\u00fcst\u00fc bir \u00e7ocu\u011fum. Bir d\u00fcnya yetene\u011fim var. Yeteneklerimin ne oldu\u011funu sormay\u0131n; \u00e7\u00fcnk\u00fc ben de bilmiyorum. Ama su\u00e7lu ben de\u011filim. Su\u00e7lu kim, biliyor musunuz?<span class=\"excerpt-hellip\"> [\u2026]<\/span><\/p>\n","protected":false},"featured_media":0,"template":"","meta":{"_monsterinsights_skip_tracking":false,"_monsterinsights_sitenote_active":false,"_monsterinsights_sitenote_note":"","_monsterinsights_sitenote_category":0},"product_brand":[],"product_cat":[12275,12274],"product_tag":[],"class_list":{"0":"post-711356","1":"product","2":"type-product","3":"status-publish","5":"product_cat-6-12-yas-kitaplari","6":"product_cat-cocuk-ve-genclik-kitaplari","7":"pa_cilt-ciltli","8":"pa_tur-kitap","9":"pa_yayinevi-nesil-yayinlari","10":"pa_yazar-yusuf-asal","12":"first","13":"instock","14":"sale","15":"shipping-taxable","16":"purchasable","17":"product-type-simple"},"_links":{"self":[{"href":"https:\/\/roveyayinevi.com.tr\/index.php\/wp-json\/wp\/v2\/product\/711356","targetHints":{"allow":["GET"]}}],"collection":[{"href":"https:\/\/roveyayinevi.com.tr\/index.php\/wp-json\/wp\/v2\/product"}],"about":[{"href":"https:\/\/roveyayinevi.com.tr\/index.php\/wp-json\/wp\/v2\/types\/product"}],"wp:attachment":[{"href":"https:\/\/roveyayinevi.com.tr\/index.php\/wp-json\/wp\/v2\/media?parent=711356"}],"wp:term":[{"taxonomy":"product_brand","embeddable":true,"href":"https:\/\/roveyayinevi.com.tr\/index.php\/wp-json\/wp\/v2\/product_brand?post=711356"},{"taxonomy":"product_cat","embeddable":true,"href":"https:\/\/roveyayinevi.com.tr\/index.php\/wp-json\/wp\/v2\/product_cat?post=711356"},{"taxonomy":"product_tag","embeddable":true,"href":"https:\/\/roveyayinevi.com.tr\/index.php\/wp-json\/wp\/v2\/product_tag?post=711356"}],"curies":[{"name":"wp","href":"https:\/\/api.w.org\/{rel}","templated":true}]}}