{"id":711355,"date":"2025-08-27T16:44:36","date_gmt":"2025-08-27T13:44:36","guid":{"rendered":"https:\/\/roveyayinevi.com.tr\/index.php\/urun\/eyvah-cocugum-bagimli-mi\/"},"modified":"2026-04-16T02:19:53","modified_gmt":"2026-04-15T23:19:53","slug":"eyvah-cocugum-bagimli-mi","status":"publish","type":"product","link":"https:\/\/roveyayinevi.com.tr\/index.php\/urun\/eyvah-cocugum-bagimli-mi\/","title":{"rendered":"Eyvah! \u00c7ocu\u011fum Ba\u011f\u0131ml\u0131 m\u0131?"},"content":{"rendered":"<p>Ba\u011f\u0131ml\u0131l\u0131k tam bir utan\u00e7!Kurtulmak i\u00e7in utanmamay\u0131 se\u00e7memiz gerek!Hayat d\u00fc\u015fler treni gibi! Y\u00fcre\u011fimizin k\u0131rlar\u0131nda yol al\u0131p duruyoruz. En b\u00fcy\u00fck istasyonsa \u00e7ocuklar\u0131m\u0131z! Her \u015fey onlar i\u00e7in, se\u00e7imlerimiz onlara g\u00f6re, \u00e7abalar\u0131m\u0131z onlar mutlu olsun diye.Y\u0131llard\u0131r yapt\u0131\u011f\u0131m psikolojik dan\u0131\u015fmanl\u0131k mesle\u011fim bana ne \u00f6\u011fretti biliyor musunuz? Heveslerinin k\u0131z\u0131ll\u0131\u011f\u0131 y\u00fcz\u00fcne vurmu\u015f anne babalar\u0131n en b\u00fcy\u00fck handikab\u0131 \u2018gerek\u00e7elere\u2019 ba\u011f\u0131ml\u0131 olmas\u0131!\u201cR\u00fcyamda g\u00f6rsem inanmazd\u0131m b\u00f6yle davranaca\u011f\u0131ma.\u201d diyen anne babalar olmay\u0131n, i\u00e7inizin penceresinden karanl\u0131\u011fa bakmay\u0131n, gemileriniz hep umuda yolculuk etsin diye s\u00f6yledi\u011fimiz \u00e7o\u011fu \u00f6neriyi, devle\u015ftirdi\u011finiz gerek\u00e7elerinizin arkas\u0131na itiyorsunuz.Ba\u011f\u0131ml\u0131l\u0131klar\u0131n ad\u0131 ne olursa olsun zemininde hep ayn\u0131 mant\u0131k var; bilin\u00e7sizlik ve yaln\u0131zl\u0131k!Teknolojinin zirvesine yol ald\u0131\u011f\u0131 g\u00fcn\u00fcm\u00fczde, sevgi ba\u011flar\u0131m\u0131z\u0131 h\u0131zla b\u00fcy\u00fctelim, ne dersiniz?\u00dcmidim o ki, Rabbimizin emretti\u011fi \u015fekliyle \u00e7ocuk b\u00fcy\u00fctmenize vesile olabileyim&#8230;Yavrular\u0131n\u0131z\u0131, o emirdeki tarife uygun davranarak b\u00fcy\u00fct\u00fcn l\u00fctfen&#8230;\u201cNadide bir \u00e7i\u00e7ek gibi&#8230;\u201d <\/p>\n","protected":false},"excerpt":{"rendered":"<p>Ba\u011f\u0131ml\u0131l\u0131k tam bir utan\u00e7!Kurtulmak i\u00e7in utanmamay\u0131 se\u00e7memiz gerek!Hayat d\u00fc\u015fler treni gibi! Y\u00fcre\u011fimizin k\u0131rlar\u0131nda yol al\u0131p duruyoruz. En b\u00fcy\u00fck istasyonsa \u00e7ocuklar\u0131m\u0131z! Her \u015fey onlar i\u00e7in, se\u00e7imlerimiz onlara<span class=\"excerpt-hellip\"> [\u2026]<\/span><\/p>\n","protected":false},"featured_media":0,"template":"","meta":{"_monsterinsights_skip_tracking":false,"_monsterinsights_sitenote_active":false,"_monsterinsights_sitenote_note":"","_monsterinsights_sitenote_category":0},"product_brand":[],"product_cat":[12831,12324],"product_tag":[],"class_list":{"0":"post-711355","1":"product","2":"type-product","3":"status-publish","5":"product_cat-aile-ve-cocuk","6":"product_cat-sosyoloji","7":"pa_cilt-ciltsiz","8":"pa_tur-kitap","9":"pa_yayinevi-nesil-yayinlari","10":"pa_yazar-mehtap-kayaoglu","12":"first","13":"instock","14":"sale","15":"shipping-taxable","16":"purchasable","17":"product-type-simple"},"_links":{"self":[{"href":"https:\/\/roveyayinevi.com.tr\/index.php\/wp-json\/wp\/v2\/product\/711355","targetHints":{"allow":["GET"]}}],"collection":[{"href":"https:\/\/roveyayinevi.com.tr\/index.php\/wp-json\/wp\/v2\/product"}],"about":[{"href":"https:\/\/roveyayinevi.com.tr\/index.php\/wp-json\/wp\/v2\/types\/product"}],"wp:attachment":[{"href":"https:\/\/roveyayinevi.com.tr\/index.php\/wp-json\/wp\/v2\/media?parent=711355"}],"wp:term":[{"taxonomy":"product_brand","embeddable":true,"href":"https:\/\/roveyayinevi.com.tr\/index.php\/wp-json\/wp\/v2\/product_brand?post=711355"},{"taxonomy":"product_cat","embeddable":true,"href":"https:\/\/roveyayinevi.com.tr\/index.php\/wp-json\/wp\/v2\/product_cat?post=711355"},{"taxonomy":"product_tag","embeddable":true,"href":"https:\/\/roveyayinevi.com.tr\/index.php\/wp-json\/wp\/v2\/product_tag?post=711355"}],"curies":[{"name":"wp","href":"https:\/\/api.w.org\/{rel}","templated":true}]}}