{"id":711353,"date":"2025-08-27T16:44:35","date_gmt":"2025-08-27T13:44:35","guid":{"rendered":"https:\/\/roveyayinevi.com.tr\/index.php\/urun\/cinayetin-pariltisi\/"},"modified":"2026-04-16T02:19:53","modified_gmt":"2026-04-15T23:19:53","slug":"cinayetin-pariltisi","status":"publish","type":"product","link":"https:\/\/roveyayinevi.com.tr\/index.php\/urun\/cinayetin-pariltisi\/","title":{"rendered":"Cinayetin Par\u0131lt\u0131s\u0131"},"content":{"rendered":"<p>\u201cK\u00f6t\u00fclerin uzun ya\u015famas\u0131 ne fena,\u201d dedi. \u201cK\u00f6t\u00fcler i\u00e7in yani.\u201d   John Le Carr\u00e9\u2019nin T\u00fcrk\u00e7eye ilk kez \u00e7evrilen roman\u0131 Cinayetin Par\u0131lt\u0131s\u0131, okurlar\u0131 G\u00fcney \u0130ngiltere\u2019deki k\u00fc\u00e7\u00fck bir kasaba olan Dorset\u2019e ve b\u00f6lgenin se\u00e7kin yat\u0131l\u0131 okuluna g\u00f6t\u00fcr\u00fcyor. Polisiye edebiyat\u0131n benzersiz karakteri George Smiley, Londra\u2019da k\u00f6\u015fesine \u00e7ekilmi\u015fken,  Dorset\u2019te i\u015flenen cinayet \u00fczerine gizem dolu bir ser\u00fcvene at\u0131l\u0131yor ve \u201ckimse taraf\u0131ndan fark edilmeme duas\u0131\u201d etmekten bir s\u00fcreli\u011fine vazge\u00e7iyor.   \u201cBir centilmen yaratmak, as\u0131rlar alan bir s\u00fcre\u00e7tir\u201d prensibine s\u0131k\u0131 s\u0131k\u0131ya ba\u011fl\u0131 bir okul\u2026 \u00d6\u011fretmenler, \u00f6\u011frenciler ve kasaba sakinlerini ku\u015fatan tekinsiz atmosfer\u2026    Le Carr\u00e9 tutkunlar\u0131, Cinayetin Par\u0131lt\u0131s\u0131\u2019n\u0131 t\u0131pk\u0131 di\u011fer Smiley romanlar\u0131 gibi \u2013So\u011fuktan Gelen Casus, K\u00f6stebek, \u00d6l\u00fcme \u00c7a\u011fr\u0131\u2013  ellerinden b\u0131rakamayacak.    \u201cEtkileyici, zek\u00e2 dolu, ironik, i\u011fneleyici&#8230;\u201d Daily Telegraph   \u201cDickens ve Austen romanlar\u0131 gibi\u2026\u201d Financial Times <\/p>\n","protected":false},"excerpt":{"rendered":"<p>\u201cK\u00f6t\u00fclerin uzun ya\u015famas\u0131 ne fena,\u201d dedi. \u201cK\u00f6t\u00fcler i\u00e7in yani.\u201d John Le Carr\u00e9\u2019nin T\u00fcrk\u00e7eye ilk kez \u00e7evrilen roman\u0131 Cinayetin Par\u0131lt\u0131s\u0131, okurlar\u0131 G\u00fcney \u0130ngiltere\u2019deki k\u00fc\u00e7\u00fck bir kasaba olan<span class=\"excerpt-hellip\"> [\u2026]<\/span><\/p>\n","protected":false},"featured_media":0,"template":"","meta":{"_monsterinsights_skip_tracking":false,"_monsterinsights_sitenote_active":false,"_monsterinsights_sitenote_note":"","_monsterinsights_sitenote_category":0},"product_brand":[],"product_cat":[12291,15445],"product_tag":[],"class_list":{"0":"post-711353","1":"product","2":"type-product","3":"status-publish","5":"product_cat-edebiyat","6":"product_cat-polisiye","7":"pa_cilt-ciltsiz","8":"pa_tur-kitap","9":"pa_yayinevi-kirmizi-kedi-yayinevi","10":"pa_yazar-john-le-carre","12":"first","13":"instock","14":"sale","15":"shipping-taxable","16":"purchasable","17":"product-type-simple"},"_links":{"self":[{"href":"https:\/\/roveyayinevi.com.tr\/index.php\/wp-json\/wp\/v2\/product\/711353","targetHints":{"allow":["GET"]}}],"collection":[{"href":"https:\/\/roveyayinevi.com.tr\/index.php\/wp-json\/wp\/v2\/product"}],"about":[{"href":"https:\/\/roveyayinevi.com.tr\/index.php\/wp-json\/wp\/v2\/types\/product"}],"wp:attachment":[{"href":"https:\/\/roveyayinevi.com.tr\/index.php\/wp-json\/wp\/v2\/media?parent=711353"}],"wp:term":[{"taxonomy":"product_brand","embeddable":true,"href":"https:\/\/roveyayinevi.com.tr\/index.php\/wp-json\/wp\/v2\/product_brand?post=711353"},{"taxonomy":"product_cat","embeddable":true,"href":"https:\/\/roveyayinevi.com.tr\/index.php\/wp-json\/wp\/v2\/product_cat?post=711353"},{"taxonomy":"product_tag","embeddable":true,"href":"https:\/\/roveyayinevi.com.tr\/index.php\/wp-json\/wp\/v2\/product_tag?post=711353"}],"curies":[{"name":"wp","href":"https:\/\/api.w.org\/{rel}","templated":true}]}}