{"id":711352,"date":"2025-08-27T16:44:34","date_gmt":"2025-08-27T13:44:34","guid":{"rendered":"https:\/\/roveyayinevi.com.tr\/index.php\/urun\/cadilar-disarida\/"},"modified":"2026-04-16T02:19:53","modified_gmt":"2026-04-15T23:19:53","slug":"cadilar-disarida","status":"publish","type":"product","link":"https:\/\/roveyayinevi.com.tr\/index.php\/urun\/cadilar-disarida\/","title":{"rendered":"Cad\u0131lar D\u0131\u015far\u0131da"},"content":{"rendered":"<p>\u201cHayal g\u00f6rmenin l\u00fczumu yok,\u201d dedi Havamumu Nine.\u201cHer \u015fey zaten yeterince k\u00f6t\u00fc.\u201dBirbirinden ate\u015f, barut ve su kadar farkl\u0131 olan \u00fc\u00e7 cad\u0131, zorlu bir hedef ve \u00f6ng\u00f6r\u00fclemeyen tehlikelerle dolu upuzun bir yolculuk. Hem de maalesef\u2026 hep birlikte.K\u00fclt yazar S\u00f6r Terry Pratchett\u2019\u0131n, d\u00fcnya \u00e7ap\u0131nda 85 milyonun \u00fczerinde satan 41 kitapl\u0131k \u201cDiskD\u00fcnya\u201d serisi, on ikinci kitab\u0131nda, Ko\u00e7ba\u015f\u0131 Da\u011flar\u0131\u2019n\u0131n \u00fc\u00e7 cad\u0131s\u0131 Havamumu Nine, Ogg Ana ve Magrat Sar\u0131msak\u2019\u0131n amans\u0131z bir g\u00f6rev u\u011fruna yaban ellere gittikleri Cad\u0131lar D\u0131\u015far\u0131da\u2019n\u0131n s\u0131rad\u0131\u015f\u0131 hik\u00e2yesi ile yoluna devam ediyor.Epik destanlardan beslenen, g\u00fcc\u00fcn\u00fc masallardan alan ve mutlu sonlara kar\u015f\u0131m\u00fccadele eden kitapta; DiskD\u00fcnya\u2019y\u0131 \u00e7etrefilli ve \u00f6l\u00fcmc\u00fcl bir sava\u015f sar\u0131yor.\u201cHik\u00e2yeler \u00f6nemlidir. Ve hik\u00e2yeler, sadece bitmek ister. Daha sonra ne oldu\u011funa ise hi\u00e7 ald\u0131rmazlar\u2026\u201dHik\u00e2yelerin \u00f6nemini en iyi bilen cad\u0131lard\u0131r ve tabii ki cad\u0131lar i\u00e7in bu hik\u00e2yeleri kullanman\u0131n bin bir t\u00fcrl\u00fc yolu vard\u0131r. Bu kez, \u00e7\u0131kt\u0131klar\u0131 alengirli yolun sonunda, cad\u0131lar\u0131 bamba\u015fka bir cad\u0131 bekliyor. \u00dcstelik g\u00f6z ard\u0131 ettikleri bu cad\u0131, hik\u00e2yeleri hunharca ve \u015feytanice kullanan, son derece k\u00f6t\u00fcc\u00fcl biri&#8230; Hem de tan\u0131d\u0131k biri&#8230;DiskD\u00fcnya\u2019n\u0131n en sevilen karakterlerinden Havamumu Nine, Ogg Ana ve Magrat Sar\u0131msak i\u00e7in \u015fimdi tek y\u00fcrek olma, batakl\u0131k b\u00fcy\u00fcs\u00fcyle ve \u015fehri ele ge\u00e7iren sihirle sava\u015fmak \u00fczere bilenme zaman\u0131!Niran El\u00e7i\u2019nin p\u00fcr\u00fczs\u00fcz T\u00fcrk\u00e7esi ve Delidolu\u2019nun \u00f6zenli bask\u0131s\u0131yla okurlar\u0131n\u0131n be\u011fenisine sunulan Cad\u0131lar D\u0131\u015far\u0131da, kulak y\u0131rt\u0131c\u0131 cad\u0131 sesleri e\u015fli\u011finde ak\u0131p giden ayk\u0131r\u0131 maceras\u0131yla &#8220;DiskD\u00fcnya&#8221; hayranlar\u0131n\u0131n akl\u0131n\u0131 ba\u015f\u0131ndan al\u0131yor! \u00dcstelik bu kez her zamankinden de komik! <\/p>\n","protected":false},"excerpt":{"rendered":"<p>\u201cHayal g\u00f6rmenin l\u00fczumu yok,\u201d dedi Havamumu Nine.\u201cHer \u015fey zaten yeterince k\u00f6t\u00fc.\u201dBirbirinden ate\u015f, barut ve su kadar farkl\u0131 olan \u00fc\u00e7 cad\u0131, zorlu bir hedef ve \u00f6ng\u00f6r\u00fclemeyen tehlikelerle<span class=\"excerpt-hellip\"> [\u2026]<\/span><\/p>\n","protected":false},"featured_media":0,"template":"","meta":{"_monsterinsights_skip_tracking":false,"_monsterinsights_sitenote_active":false,"_monsterinsights_sitenote_note":"","_monsterinsights_sitenote_category":0},"product_brand":[],"product_cat":[12291,14777],"product_tag":[],"class_list":{"0":"post-711352","1":"product","2":"type-product","3":"status-publish","5":"product_cat-edebiyat","6":"product_cat-fantastik","7":"pa_cilt-ciltsiz","8":"pa_tur-kitap","9":"pa_yayinevi-delidolu","10":"pa_yazar-terry-pratchett","12":"first","13":"instock","14":"sale","15":"shipping-taxable","16":"purchasable","17":"product-type-simple"},"_links":{"self":[{"href":"https:\/\/roveyayinevi.com.tr\/index.php\/wp-json\/wp\/v2\/product\/711352","targetHints":{"allow":["GET"]}}],"collection":[{"href":"https:\/\/roveyayinevi.com.tr\/index.php\/wp-json\/wp\/v2\/product"}],"about":[{"href":"https:\/\/roveyayinevi.com.tr\/index.php\/wp-json\/wp\/v2\/types\/product"}],"wp:attachment":[{"href":"https:\/\/roveyayinevi.com.tr\/index.php\/wp-json\/wp\/v2\/media?parent=711352"}],"wp:term":[{"taxonomy":"product_brand","embeddable":true,"href":"https:\/\/roveyayinevi.com.tr\/index.php\/wp-json\/wp\/v2\/product_brand?post=711352"},{"taxonomy":"product_cat","embeddable":true,"href":"https:\/\/roveyayinevi.com.tr\/index.php\/wp-json\/wp\/v2\/product_cat?post=711352"},{"taxonomy":"product_tag","embeddable":true,"href":"https:\/\/roveyayinevi.com.tr\/index.php\/wp-json\/wp\/v2\/product_tag?post=711352"}],"curies":[{"name":"wp","href":"https:\/\/api.w.org\/{rel}","templated":true}]}}