{"id":711350,"date":"2025-08-27T16:44:33","date_gmt":"2025-08-27T13:44:33","guid":{"rendered":"https:\/\/roveyayinevi.com.tr\/index.php\/urun\/sinifin-gizli-yaralari\/"},"modified":"2026-04-16T02:19:53","modified_gmt":"2026-04-15T23:19:53","slug":"sinifin-gizli-yaralari","status":"publish","type":"product","link":"https:\/\/roveyayinevi.com.tr\/index.php\/urun\/sinifin-gizli-yaralari\/","title":{"rendered":"S\u0131n\u0131f\u0131n Gizli Yaralar\u0131"},"content":{"rendered":"<p>Sadece ekonomik bir s\u00f6m\u00fcr\u00fcye tabi oldu\u011funu ve d\u00fc\u015f\u00fck bir \u00fccretle ya\u015famak zorunda b\u0131rak\u0131ld\u0131\u011f\u0131n\u0131 biliyorsak bir i\u015f\u00e7i hakk\u0131nda \u00e7ok az \u015fey s\u00f6yl\u00fcyoruz demektir. Ama k\u0131yafetinden ve konu\u015fmas\u0131ndan dolay\u0131 k\u00fc\u00e7\u00fck g\u00f6r\u00fclmekten korktu\u011funu, nas\u0131rla\u015fm\u0131\u015f ve b\u00fcy\u00fck ellerinden utand\u0131\u011f\u0131 i\u00e7in ba\u015fka insanlar\u0131n yan\u0131nda ellerini saklamaya \u00e7al\u0131\u015ft\u0131\u011f\u0131n\u0131, \u00e7ocuklar\u0131n\u0131n kendisi gibi i\u015f\u00e7i olmas\u0131n\u0131 istememesine ra\u011fmen i\u015f\u00e7i olduklar\u0131n\u0131 g\u00f6r\u00fcp \u00fcz\u00fcld\u00fc\u011f\u00fcn\u00fc, \u00fcst-orta s\u0131n\u0131ftan insanlar\u0131n \u00e7o\u011fu zaman kendisine selam vermeden ge\u00e7ip gitti\u011fini, kendisine sayg\u0131 g\u00f6sterilmezken ba\u015fkalar\u0131na s\u00fcrekli sayg\u0131l\u0131 davranmak zorunda kald\u0131\u011f\u0131n\u0131, ona ismiyle hitap edilirken ba\u015fkalar\u0131na \u201cbey\u201d demek zorunda oldu\u011funu biliyorsak, i\u015f\u00e7i olman\u0131n k\u00fclt\u00fcrel anlam\u0131 konusunda \u00e7ok daha fazla \u015fey s\u00f6yl\u00fcyoruz demektir. Sennett ve Cobb, S\u0131n\u0131f\u0131n Gizli Yaralar\u0131 ba\u015fl\u0131kl\u0131 elinizdeki bu \u00e7al\u0131\u015fmada \u201chayat\u0131n sadece ekmekle ya\u015fanmad\u0131\u011f\u0131na\u201d ili\u015fkin y\u0131\u011f\u0131nla \u00f6rnek sunmaktad\u0131r. Dolay\u0131s\u0131yla bu \u00e7al\u0131\u015fman\u0131n \u00f6nemi, s\u0131n\u0131f bilincinin tek belirleyeninin i\u015f\u00e7ilerin \u00fcretim s\u00fcrecinde ya\u015fad\u0131klar\u0131 deneyimlerden ibaret olmad\u0131\u011f\u0131n\u0131, buna ek olarak i\u015fyeri d\u0131\u015f\u0131nda girilen toplumsal ili\u015fkilerin, g\u00fcndelik ya\u015fam pratiklerinin, k\u00fclt\u00fcrel de\u011ferlerin s\u0131n\u0131f bilincinin \u015fekillenmesinde olduk\u00e7a \u00f6nemli oldu\u011funu g\u00f6stermesinde yatmaktad\u0131r. <\/p>\n","protected":false},"excerpt":{"rendered":"<p>Sadece ekonomik bir s\u00f6m\u00fcr\u00fcye tabi oldu\u011funu ve d\u00fc\u015f\u00fck bir \u00fccretle ya\u015famak zorunda b\u0131rak\u0131ld\u0131\u011f\u0131n\u0131 biliyorsak bir i\u015f\u00e7i hakk\u0131nda \u00e7ok az \u015fey s\u00f6yl\u00fcyoruz demektir. Ama k\u0131yafetinden ve konu\u015fmas\u0131ndan<span class=\"excerpt-hellip\"> [\u2026]<\/span><\/p>\n","protected":false},"featured_media":0,"template":"","meta":{"_monsterinsights_skip_tracking":false,"_monsterinsights_sitenote_active":false,"_monsterinsights_sitenote_note":"","_monsterinsights_sitenote_category":0},"product_brand":[],"product_cat":[12324],"product_tag":[],"class_list":{"0":"post-711350","1":"product","2":"type-product","3":"status-publish","5":"product_cat-sosyoloji","6":"pa_cilt-ciltsiz","7":"pa_tur-kitap","8":"pa_yayinevi-heretik-yayincilik","9":"pa_yazar-richard-sennett-jonathan-cobb","11":"first","12":"instock","13":"sale","14":"shipping-taxable","15":"purchasable","16":"product-type-simple"},"_links":{"self":[{"href":"https:\/\/roveyayinevi.com.tr\/index.php\/wp-json\/wp\/v2\/product\/711350","targetHints":{"allow":["GET"]}}],"collection":[{"href":"https:\/\/roveyayinevi.com.tr\/index.php\/wp-json\/wp\/v2\/product"}],"about":[{"href":"https:\/\/roveyayinevi.com.tr\/index.php\/wp-json\/wp\/v2\/types\/product"}],"wp:attachment":[{"href":"https:\/\/roveyayinevi.com.tr\/index.php\/wp-json\/wp\/v2\/media?parent=711350"}],"wp:term":[{"taxonomy":"product_brand","embeddable":true,"href":"https:\/\/roveyayinevi.com.tr\/index.php\/wp-json\/wp\/v2\/product_brand?post=711350"},{"taxonomy":"product_cat","embeddable":true,"href":"https:\/\/roveyayinevi.com.tr\/index.php\/wp-json\/wp\/v2\/product_cat?post=711350"},{"taxonomy":"product_tag","embeddable":true,"href":"https:\/\/roveyayinevi.com.tr\/index.php\/wp-json\/wp\/v2\/product_tag?post=711350"}],"curies":[{"name":"wp","href":"https:\/\/api.w.org\/{rel}","templated":true}]}}