{"id":711349,"date":"2025-08-27T16:44:32","date_gmt":"2025-08-27T13:44:32","guid":{"rendered":"https:\/\/roveyayinevi.com.tr\/index.php\/urun\/ben-kaybolmam-ki\/"},"modified":"2026-04-16T02:19:52","modified_gmt":"2026-04-15T23:19:52","slug":"ben-kaybolmam-ki","status":"publish","type":"product","link":"https:\/\/roveyayinevi.com.tr\/index.php\/urun\/ben-kaybolmam-ki\/","title":{"rendered":"Ben Kaybolmam ki!"},"content":{"rendered":"<p>Lu ve annesi al\u0131\u015fveri\u015fe gidiyor. Ekmek sat\u0131n almak istiyorlar. Bir de muz. Ayr\u0131ca Lu i\u00e7ink\u0131rm\u0131z\u0131-beyaz \u00e7izgili \u00e7orap. Lu\u2019nun b\u00fct\u00fcn bunlara gereksinimi var. Pazar bug\u00fcn \u00e7okkalabal\u0131k. \u201cUmar\u0131m bu kalabal\u0131kta kaybolmazs\u0131n,\u201d diyor annesi. \u201cBen kaybolmam ki!\u201d diyorLu.\u201cKaybolursam ya da yolumu \u015fa\u015f\u0131r\u0131rsam yabanc\u0131lardan yard\u0131m almal\u0131 m\u0131y\u0131m?Tan\u0131mad\u0131\u011f\u0131m insanlara inanmal\u0131 m\u0131y\u0131m? Kime g\u00fcvenebilirim?\u201dHem aileler hem de \u00e7ocuklar i\u00e7in kaybolma d\u00fc\u015f\u00fcncesi, tam bir k\u00e2bustur. \u00c7ocuklar bir kaybolmadurumunda ne yapacaklar\u0131n\u0131, &#8211; kimlerden yard\u0131m isteyebileceklerini- \u00e7o\u011fu kez bilmezler.Aileler, miz\u00e2hi bir dille kaleme al\u0131nm\u0131\u015f bu kitab\u0131 \u00e7ocuklar\u0131yla okurken, olumsuz bir durumue\u011fitsel bir oyuna d\u00f6n\u00fc\u015ft\u00fcrebilirler.<\/p>\n","protected":false},"excerpt":{"rendered":"<p>Lu ve annesi al\u0131\u015fveri\u015fe gidiyor. Ekmek sat\u0131n almak istiyorlar. Bir de muz. Ayr\u0131ca Lu i\u00e7ink\u0131rm\u0131z\u0131-beyaz \u00e7izgili \u00e7orap. Lu\u2019nun b\u00fct\u00fcn bunlara gereksinimi var. Pazar bug\u00fcn \u00e7okkalabal\u0131k. \u201cUmar\u0131m<span class=\"excerpt-hellip\"> [\u2026]<\/span><\/p>\n","protected":false},"featured_media":0,"template":"","meta":{"_monsterinsights_skip_tracking":false,"_monsterinsights_sitenote_active":false,"_monsterinsights_sitenote_note":"","_monsterinsights_sitenote_category":0},"product_brand":[],"product_cat":[12274,12518],"product_tag":[],"class_list":{"0":"post-711349","1":"product","2":"type-product","3":"status-publish","5":"product_cat-cocuk-ve-genclik-kitaplari","6":"product_cat-okul-oncesi-kitaplar","7":"pa_cilt-ciltsiz","8":"pa_tur-kitap","9":"pa_yayinevi-gergedan-yayinlari","10":"pa_yazar-dagmar-geisler","12":"first","13":"instock","14":"sale","15":"shipping-taxable","16":"purchasable","17":"product-type-simple"},"_links":{"self":[{"href":"https:\/\/roveyayinevi.com.tr\/index.php\/wp-json\/wp\/v2\/product\/711349","targetHints":{"allow":["GET"]}}],"collection":[{"href":"https:\/\/roveyayinevi.com.tr\/index.php\/wp-json\/wp\/v2\/product"}],"about":[{"href":"https:\/\/roveyayinevi.com.tr\/index.php\/wp-json\/wp\/v2\/types\/product"}],"wp:attachment":[{"href":"https:\/\/roveyayinevi.com.tr\/index.php\/wp-json\/wp\/v2\/media?parent=711349"}],"wp:term":[{"taxonomy":"product_brand","embeddable":true,"href":"https:\/\/roveyayinevi.com.tr\/index.php\/wp-json\/wp\/v2\/product_brand?post=711349"},{"taxonomy":"product_cat","embeddable":true,"href":"https:\/\/roveyayinevi.com.tr\/index.php\/wp-json\/wp\/v2\/product_cat?post=711349"},{"taxonomy":"product_tag","embeddable":true,"href":"https:\/\/roveyayinevi.com.tr\/index.php\/wp-json\/wp\/v2\/product_tag?post=711349"}],"curies":[{"name":"wp","href":"https:\/\/api.w.org\/{rel}","templated":true}]}}