{"id":711347,"date":"2025-08-27T16:44:32","date_gmt":"2025-08-27T13:44:32","guid":{"rendered":"https:\/\/roveyayinevi.com.tr\/index.php\/urun\/osmanli-imparatorlugunun-kurulusu\/"},"modified":"2026-04-16T02:19:52","modified_gmt":"2026-04-15T23:19:52","slug":"osmanli-imparatorlugunun-kurulusu","status":"publish","type":"product","link":"https:\/\/roveyayinevi.com.tr\/index.php\/urun\/osmanli-imparatorlugunun-kurulusu\/","title":{"rendered":"Osmanl\u0131 \u0130mparatorlu\u011funun Kurulu\u015fu"},"content":{"rendered":"<p>Osmanl\u0131 \u0130mpatarorlu\u011funun Kurulu\u015fu kitab\u0131 bilimsel temelde tarih yaz\u0131m\u0131n\u0131n \u015faheseridir. Gibbons Osmanl\u0131 tarihinin ula\u015fabildi\u011fi b\u00fct\u00fcn kaynaklar\u0131nakitapta yer vermi\u015ftir. Gibbonsun tezleri bat\u0131da kabul g\u00f6rmeye ba\u015flay\u0131nca ilk ku\u015fak Avrupal\u0131 Osmanl\u0131 tarih\u00e7ileri aras\u0131nda olan  Paul Wittek ve T\u00fcrkiyede bir ekol\u00fcn temsilcisi olan Prof.Dr. Fuad K\u00f6pr\u00fcl\u00fc kar\u015f\u0131 tezler yazm\u0131\u015flard\u0131r. Prof. Dr. Fuad K\u00f6pr\u00fcl\u00fc\u2019n\u00fcn Herbert Adams Gibbons\u2019un tezlerine kar\u015f\u0131 cevaplar\u0131ndan \u00f6nemli noktalar\u0131, Anadolu Beyliklerine  dair ek bir b\u00f6l\u00fcm ve kaynaklara ili\u015fkin kitabiyat kitab\u0131n sonuna eklenmi\u015ftir. <\/p>\n","protected":false},"excerpt":{"rendered":"<p>Osmanl\u0131 \u0130mpatarorlu\u011funun Kurulu\u015fu kitab\u0131 bilimsel temelde tarih yaz\u0131m\u0131n\u0131n \u015faheseridir. Gibbons Osmanl\u0131 tarihinin ula\u015fabildi\u011fi b\u00fct\u00fcn kaynaklar\u0131nakitapta yer vermi\u015ftir. Gibbonsun tezleri bat\u0131da kabul g\u00f6rmeye ba\u015flay\u0131nca ilk ku\u015fak Avrupal\u0131<span class=\"excerpt-hellip\"> [\u2026]<\/span><\/p>\n","protected":false},"featured_media":0,"template":"","meta":{"_monsterinsights_skip_tracking":false,"_monsterinsights_sitenote_active":false,"_monsterinsights_sitenote_note":"","_monsterinsights_sitenote_category":0},"product_brand":[],"product_cat":[13517,12304],"product_tag":[],"class_list":{"0":"post-711347","1":"product","2":"type-product","3":"status-publish","5":"product_cat-osmanli-tarihi","6":"product_cat-tarih","7":"pa_cilt-ciltsiz","8":"pa_tur-kitap","9":"pa_yayinevi-altinordu-yayinlari","10":"pa_yazar-herbert-adams-gibbons","12":"first","13":"instock","14":"sale","15":"shipping-taxable","16":"purchasable","17":"product-type-simple"},"_links":{"self":[{"href":"https:\/\/roveyayinevi.com.tr\/index.php\/wp-json\/wp\/v2\/product\/711347","targetHints":{"allow":["GET"]}}],"collection":[{"href":"https:\/\/roveyayinevi.com.tr\/index.php\/wp-json\/wp\/v2\/product"}],"about":[{"href":"https:\/\/roveyayinevi.com.tr\/index.php\/wp-json\/wp\/v2\/types\/product"}],"wp:attachment":[{"href":"https:\/\/roveyayinevi.com.tr\/index.php\/wp-json\/wp\/v2\/media?parent=711347"}],"wp:term":[{"taxonomy":"product_brand","embeddable":true,"href":"https:\/\/roveyayinevi.com.tr\/index.php\/wp-json\/wp\/v2\/product_brand?post=711347"},{"taxonomy":"product_cat","embeddable":true,"href":"https:\/\/roveyayinevi.com.tr\/index.php\/wp-json\/wp\/v2\/product_cat?post=711347"},{"taxonomy":"product_tag","embeddable":true,"href":"https:\/\/roveyayinevi.com.tr\/index.php\/wp-json\/wp\/v2\/product_tag?post=711347"}],"curies":[{"name":"wp","href":"https:\/\/api.w.org\/{rel}","templated":true}]}}