{"id":711343,"date":"2025-08-27T16:44:29","date_gmt":"2025-08-27T13:44:29","guid":{"rendered":"https:\/\/roveyayinevi.com.tr\/index.php\/urun\/ayaktaki-son-adam-tinseltown-hikayeleri\/"},"modified":"2026-04-16T02:19:52","modified_gmt":"2026-04-15T23:19:52","slug":"ayaktaki-son-adam-tinseltown-hikayeleri","status":"publish","type":"product","link":"https:\/\/roveyayinevi.com.tr\/index.php\/urun\/ayaktaki-son-adam-tinseltown-hikayeleri\/","title":{"rendered":"Ayaktaki Son Adam &#8211; Tinseltown Hikayeleri"},"content":{"rendered":"<p>70 y\u0131ll\u0131k kariyeri boyunca Roger Moore, g\u00f6steri d\u00fcnyas\u0131n\u0131n kalbinde yer ald\u0131. Onu d\u00fcnya \u00e7ap\u0131nda \u00fcne kavu\u015fturan filmlerin yan\u0131nda Moore, olduk\u00e7a esprili bir ki\u015filik ve ba\u015far\u0131l\u0131 bir anlat\u0131c\u0131yd\u0131; bu da onun sekt\u00f6rdeki en iyi, en ho\u015fsohbet, e\u011flenceli insanlardan biri olarak tan\u0131nmas\u0131n\u0131 sa\u011flad\u0131.Ger\u00e7ek hik\u00e2yelerinin yer ald\u0131\u011f\u0131 koleksiyonunda Moore, Hollywood\u2019dan Pinewood\u2019a uzanan film sekt\u00f6r\u00fcne bir \u0131\u015f\u0131k tutuyor. Kariyerinden inan\u0131lmaz an\u0131lar\u0131n\u0131n yan\u0131 s\u0131ra Tony Curtis, Lana Turner, Michael Caine, Joan Collins, David Niven, Frank Sinatra, Gregory Peck, John Mills, Peter Sellers, Michael Winner, Cubby Broccoli gibi \u00fcnl\u00fc oyuncu ve yap\u0131mc\u0131lar\u0131n anlatt\u0131klar\u0131n\u0131 da kendi anlat\u0131m\u0131 ile harmanlayan Roger Moore, karakteristik zek\u00e2s\u0131 ve ola\u011fand\u0131\u015f\u0131 mizah\u0131n\u0131 bu eserle g\u00f6z \u00f6n\u00fcne \u00e7\u0131kar\u0131yor. <\/p>\n","protected":false},"excerpt":{"rendered":"<p>70 y\u0131ll\u0131k kariyeri boyunca Roger Moore, g\u00f6steri d\u00fcnyas\u0131n\u0131n kalbinde yer ald\u0131. Onu d\u00fcnya \u00e7ap\u0131nda \u00fcne kavu\u015fturan filmlerin yan\u0131nda Moore, olduk\u00e7a esprili bir ki\u015filik ve ba\u015far\u0131l\u0131 bir<span class=\"excerpt-hellip\"> [\u2026]<\/span><\/p>\n","protected":false},"featured_media":0,"template":"","meta":{"_monsterinsights_skip_tracking":false,"_monsterinsights_sitenote_active":false,"_monsterinsights_sitenote_note":"","_monsterinsights_sitenote_category":0},"product_brand":[],"product_cat":[13701,12291],"product_tag":[],"class_list":{"0":"post-711343","1":"product","2":"type-product","3":"status-publish","5":"product_cat-ani-mektup-gunluk","6":"product_cat-edebiyat","7":"pa_cilt-ciltsiz","8":"pa_tur-kitap","9":"pa_yayinevi-alabanda-yayin","10":"pa_yazar-roger-moore","12":"first","13":"instock","14":"sale","15":"shipping-taxable","16":"purchasable","17":"product-type-simple"},"_links":{"self":[{"href":"https:\/\/roveyayinevi.com.tr\/index.php\/wp-json\/wp\/v2\/product\/711343","targetHints":{"allow":["GET"]}}],"collection":[{"href":"https:\/\/roveyayinevi.com.tr\/index.php\/wp-json\/wp\/v2\/product"}],"about":[{"href":"https:\/\/roveyayinevi.com.tr\/index.php\/wp-json\/wp\/v2\/types\/product"}],"wp:attachment":[{"href":"https:\/\/roveyayinevi.com.tr\/index.php\/wp-json\/wp\/v2\/media?parent=711343"}],"wp:term":[{"taxonomy":"product_brand","embeddable":true,"href":"https:\/\/roveyayinevi.com.tr\/index.php\/wp-json\/wp\/v2\/product_brand?post=711343"},{"taxonomy":"product_cat","embeddable":true,"href":"https:\/\/roveyayinevi.com.tr\/index.php\/wp-json\/wp\/v2\/product_cat?post=711343"},{"taxonomy":"product_tag","embeddable":true,"href":"https:\/\/roveyayinevi.com.tr\/index.php\/wp-json\/wp\/v2\/product_tag?post=711343"}],"curies":[{"name":"wp","href":"https:\/\/api.w.org\/{rel}","templated":true}]}}