{"id":711340,"date":"2025-08-27T16:44:28","date_gmt":"2025-08-27T13:44:28","guid":{"rendered":"https:\/\/roveyayinevi.com.tr\/index.php\/urun\/kayip-ruhlar-kitabi\/"},"modified":"2026-04-16T02:19:52","modified_gmt":"2026-04-15T23:19:52","slug":"kayip-ruhlar-kitabi","status":"publish","type":"product","link":"https:\/\/roveyayinevi.com.tr\/index.php\/urun\/kayip-ruhlar-kitabi\/","title":{"rendered":"Kay\u0131p Ruhlar Kitab\u0131"},"content":{"rendered":"<p>Tanr\u0131lar\u0131nkiyle, biz fanilerin d\u00fcnyas\u0131 aras\u0131nda pek de fark olmad\u0131\u011f\u0131n\u0131 anlatan bir roman.\u00d6zlem Anar, Kay\u0131p Ruhlar Kitab\u0131\u2019nda Antik Yunan Tanr\u0131lar\u0131&#8217;n\u0131n ya\u015fad\u0131\u011f\u0131 d\u00f6nemlere g\u00f6t\u00fcr\u00fcyor okuru. Tanr\u0131lar\u0131nkiyle, biz fanilerin d\u00fcnyas\u0131 aras\u0131nda pek de fark olmad\u0131\u011f\u0131n\u0131 keyifli bir dille anlat\u0131yor.\u201cEvren basitti. S\u0131rlarsa adeta insanlar taraf\u0131ndan uyduruluyordu. G\u00fcnah i\u015flemenin \u00e7ok elveri\u015fli olmas\u0131n\u0131 sa\u011flayan zaaflar\u0131n\u0131n k\u00f6lesi olduklar\u0131 i\u00e7in \u00e7aresizlik \u00fczerine \u00e7aresizlik \u00fcretiyorlard\u0131. Su\u00e7lar\u0131 b\u00fcy\u00fcd\u00fck\u00e7e tap\u0131naklar\u0131 da devle\u015fiyordu. Olympos\u2019un bu kadar y\u00fckseklerde olmas\u0131n\u0131n sebebi belki buydu.\u201d <\/p>\n","protected":false},"excerpt":{"rendered":"<p>Tanr\u0131lar\u0131nkiyle, biz fanilerin d\u00fcnyas\u0131 aras\u0131nda pek de fark olmad\u0131\u011f\u0131n\u0131 anlatan bir roman.\u00d6zlem Anar, Kay\u0131p Ruhlar Kitab\u0131\u2019nda Antik Yunan Tanr\u0131lar\u0131&#8217;n\u0131n ya\u015fad\u0131\u011f\u0131 d\u00f6nemlere g\u00f6t\u00fcr\u00fcyor okuru. Tanr\u0131lar\u0131nkiyle, biz fanilerin<span class=\"excerpt-hellip\"> [\u2026]<\/span><\/p>\n","protected":false},"featured_media":0,"template":"","meta":{"_monsterinsights_skip_tracking":false,"_monsterinsights_sitenote_active":false,"_monsterinsights_sitenote_note":"","_monsterinsights_sitenote_category":0},"product_brand":[],"product_cat":[12291,12711],"product_tag":[],"class_list":{"0":"post-711340","1":"product","2":"type-product","3":"status-publish","5":"product_cat-edebiyat","6":"product_cat-roman-oyku","7":"pa_cilt-ciltsiz","8":"pa_tur-kitap","9":"pa_yayinevi-cinar-yayinlari","10":"pa_yazar-ozlem-anar","12":"first","13":"instock","14":"sale","15":"shipping-taxable","16":"purchasable","17":"product-type-simple"},"_links":{"self":[{"href":"https:\/\/roveyayinevi.com.tr\/index.php\/wp-json\/wp\/v2\/product\/711340","targetHints":{"allow":["GET"]}}],"collection":[{"href":"https:\/\/roveyayinevi.com.tr\/index.php\/wp-json\/wp\/v2\/product"}],"about":[{"href":"https:\/\/roveyayinevi.com.tr\/index.php\/wp-json\/wp\/v2\/types\/product"}],"wp:attachment":[{"href":"https:\/\/roveyayinevi.com.tr\/index.php\/wp-json\/wp\/v2\/media?parent=711340"}],"wp:term":[{"taxonomy":"product_brand","embeddable":true,"href":"https:\/\/roveyayinevi.com.tr\/index.php\/wp-json\/wp\/v2\/product_brand?post=711340"},{"taxonomy":"product_cat","embeddable":true,"href":"https:\/\/roveyayinevi.com.tr\/index.php\/wp-json\/wp\/v2\/product_cat?post=711340"},{"taxonomy":"product_tag","embeddable":true,"href":"https:\/\/roveyayinevi.com.tr\/index.php\/wp-json\/wp\/v2\/product_tag?post=711340"}],"curies":[{"name":"wp","href":"https:\/\/api.w.org\/{rel}","templated":true}]}}