{"id":711339,"date":"2025-08-27T16:44:27","date_gmt":"2025-08-27T13:44:27","guid":{"rendered":"https:\/\/roveyayinevi.com.tr\/index.php\/urun\/yatirim-101\/"},"modified":"2026-04-16T02:19:52","modified_gmt":"2026-04-15T23:19:52","slug":"yatirim-101","status":"publish","type":"product","link":"https:\/\/roveyayinevi.com.tr\/index.php\/urun\/yatirim-101\/","title":{"rendered":"Yat\u0131r\u0131m 101"},"content":{"rendered":"<p>K\u00c2RLI B\u0130R YATIRIM PORTF\u00d6Y\u00dc OLU\u015eTURUN! Gelece\u011finizi garantiye almak m\u0131 istiyorsunuz? Bunu elinizdeki t\u00fcm paray\u0131 harcayarak yapamazs\u0131n\u0131z. Ama hemen s\u00f6yleyelim: Bunu para biriktirerek de yapamazs\u0131n\u0131z.  Yat\u0131r\u0131m yapman\u0131z gerek. Yat\u0131r\u0131m, paran\u0131z\u0131n \u00e7al\u0131\u015f\u0131p sizin i\u00e7in para kazanmas\u0131 demektir. B\u00f6ylece birikimleriniz h\u0131zla b\u00fcy\u00fcr. Yat\u0131r\u0131m 101 size para biriktirmekle yat\u0131r\u0131m yapman\u0131n ayn\u0131 \u015fey olmad\u0131\u011f\u0131n\u0131 g\u00f6stermekle kalmayacak, paran\u0131z\u0131 i\u015fletmenin t\u00fcm \u00e7a\u011fda\u015f y\u00f6ntemleri hakk\u0131nda bilgi sahibi olman\u0131z\u0131 sa\u011flayacak. Benim \u00e7ok param yok demeyin. \u00c7ok k\u00fc\u00e7\u00fck rakamlarla yat\u0131r\u0131m yapmaya ba\u015flayabilirsiniz.  Yat\u0131r\u0131m yapmak i\u00e7in zengin olmaya gerek yok! Ama zengin olmak i\u00e7in yat\u0131r\u0131m yapmaya gerek var! \u0130\u015fte Yat\u0131r\u0131m 101\u2019den size birka\u00e7 \u00f6neri: Yat\u0131r\u0131ma hemen ba\u015flay\u0131n. L\u00fcks harcamalardan vazge\u00e7in. Piyasalar\u0131 takip edin. Ne kadar gen\u00e7seniz o kadar \u00e7ok risk al\u0131n. <\/p>\n","protected":false},"excerpt":{"rendered":"<p>K\u00c2RLI B\u0130R YATIRIM PORTF\u00d6Y\u00dc OLU\u015eTURUN! Gelece\u011finizi garantiye almak m\u0131 istiyorsunuz? Bunu elinizdeki t\u00fcm paray\u0131 harcayarak yapamazs\u0131n\u0131z. Ama hemen s\u00f6yleyelim: Bunu para biriktirerek de yapamazs\u0131n\u0131z. Yat\u0131r\u0131m yapman\u0131z<span class=\"excerpt-hellip\"> [\u2026]<\/span><\/p>\n","protected":false},"featured_media":0,"template":"","meta":{"_monsterinsights_skip_tracking":false,"_monsterinsights_sitenote_active":false,"_monsterinsights_sitenote_note":"","_monsterinsights_sitenote_category":0},"product_brand":[],"product_cat":[13043,17647],"product_tag":[],"class_list":{"0":"post-711339","1":"product","2":"type-product","3":"status-publish","5":"product_cat-ekonomi","6":"product_cat-is-dunyasi","7":"pa_cilt-ciltsiz","8":"pa_tur-kitap","9":"pa_yayinevi-say-yayinlari","10":"pa_yazar-michelle-cagan","12":"first","13":"instock","14":"sale","15":"shipping-taxable","16":"purchasable","17":"product-type-simple"},"_links":{"self":[{"href":"https:\/\/roveyayinevi.com.tr\/index.php\/wp-json\/wp\/v2\/product\/711339","targetHints":{"allow":["GET"]}}],"collection":[{"href":"https:\/\/roveyayinevi.com.tr\/index.php\/wp-json\/wp\/v2\/product"}],"about":[{"href":"https:\/\/roveyayinevi.com.tr\/index.php\/wp-json\/wp\/v2\/types\/product"}],"wp:attachment":[{"href":"https:\/\/roveyayinevi.com.tr\/index.php\/wp-json\/wp\/v2\/media?parent=711339"}],"wp:term":[{"taxonomy":"product_brand","embeddable":true,"href":"https:\/\/roveyayinevi.com.tr\/index.php\/wp-json\/wp\/v2\/product_brand?post=711339"},{"taxonomy":"product_cat","embeddable":true,"href":"https:\/\/roveyayinevi.com.tr\/index.php\/wp-json\/wp\/v2\/product_cat?post=711339"},{"taxonomy":"product_tag","embeddable":true,"href":"https:\/\/roveyayinevi.com.tr\/index.php\/wp-json\/wp\/v2\/product_tag?post=711339"}],"curies":[{"name":"wp","href":"https:\/\/api.w.org\/{rel}","templated":true}]}}