{"id":711338,"date":"2025-08-27T16:44:27","date_gmt":"2025-08-27T13:44:27","guid":{"rendered":"https:\/\/roveyayinevi.com.tr\/index.php\/urun\/psikanaliz-ve-zen-budizm-insan-ruhuna-iki-farkli-yaklasim\/"},"modified":"2026-04-16T02:19:52","modified_gmt":"2026-04-15T23:19:52","slug":"psikanaliz-ve-zen-budizm-insan-ruhuna-iki-farkli-yaklasim","status":"publish","type":"product","link":"https:\/\/roveyayinevi.com.tr\/index.php\/urun\/psikanaliz-ve-zen-budizm-insan-ruhuna-iki-farkli-yaklasim\/","title":{"rendered":"Psikanaliz ve Zen-Budizm &#8211; \u0130nsan Ruhuna \u0130ki Farkl\u0131 Yakla\u015f\u0131m"},"content":{"rendered":"<p>Psikanaliz ve Zen, insan\u0131n do\u011fas\u0131yla ve d\u00f6n\u00fc\u015f\u00fcm\u00fcne yol a\u00e7an bir pratikle ilgili olmalar\u0131na ra\u011fmen aralar\u0131ndaki farkl\u0131l\u0131klar benzerliklerden daha a\u011f\u0131r basar. Psikanaliz bilimsel bir y\u00f6ntemdir, dinden tamamen ba\u011f\u0131ms\u0131zd\u0131r. Zen, \u201cayd\u0131nlanmaya\u201d eri\u015fme tekni\u011fi ve teorisi olup Bat\u0131\u2019da dini veya mistik olarak g\u00f6r\u00fclebilecek bir deneyimdir. Psikanaliz ruhsal bozukluklara dair bir tedavidir, Zen ise bir tinsel kurtulu\u015f yoludur. Psikanaliz ile Zen-Budizm aras\u0131ndaki ili\u015fkiye dair bir inceleme, aralar\u0131nda k\u00f6kl\u00fc ve ba\u011flant\u0131 kurulamayacak derecede farkl\u0131l\u0131k bulundu\u011funa dair bir a\u00e7\u0131klamadan ba\u015fka bizi hangi sonuca g\u00f6t\u00fcrebilir? \ufffcTan\u0131t\u0131m Metni<\/p>\n","protected":false},"excerpt":{"rendered":"<p>Psikanaliz ve Zen, insan\u0131n do\u011fas\u0131yla ve d\u00f6n\u00fc\u015f\u00fcm\u00fcne yol a\u00e7an bir pratikle ilgili olmalar\u0131na ra\u011fmen aralar\u0131ndaki farkl\u0131l\u0131klar benzerliklerden daha a\u011f\u0131r basar. Psikanaliz bilimsel bir y\u00f6ntemdir, dinden tamamen<span class=\"excerpt-hellip\"> [\u2026]<\/span><\/p>\n","protected":false},"featured_media":0,"template":"","meta":{"_monsterinsights_skip_tracking":false,"_monsterinsights_sitenote_active":false,"_monsterinsights_sitenote_note":"","_monsterinsights_sitenote_category":0},"product_brand":[],"product_cat":[20502,12357],"product_tag":[],"class_list":{"0":"post-711338","1":"product","2":"type-product","3":"status-publish","5":"product_cat-basvuru-kitaplari-psikoloji","6":"product_cat-psikoloji","7":"pa_cilt-ciltsiz","8":"pa_tur-kitap","9":"pa_yayinevi-say-yayinlari","10":"pa_yazar-erich-fromm","12":"first","13":"instock","14":"sale","15":"shipping-taxable","16":"purchasable","17":"product-type-simple"},"_links":{"self":[{"href":"https:\/\/roveyayinevi.com.tr\/index.php\/wp-json\/wp\/v2\/product\/711338","targetHints":{"allow":["GET"]}}],"collection":[{"href":"https:\/\/roveyayinevi.com.tr\/index.php\/wp-json\/wp\/v2\/product"}],"about":[{"href":"https:\/\/roveyayinevi.com.tr\/index.php\/wp-json\/wp\/v2\/types\/product"}],"wp:attachment":[{"href":"https:\/\/roveyayinevi.com.tr\/index.php\/wp-json\/wp\/v2\/media?parent=711338"}],"wp:term":[{"taxonomy":"product_brand","embeddable":true,"href":"https:\/\/roveyayinevi.com.tr\/index.php\/wp-json\/wp\/v2\/product_brand?post=711338"},{"taxonomy":"product_cat","embeddable":true,"href":"https:\/\/roveyayinevi.com.tr\/index.php\/wp-json\/wp\/v2\/product_cat?post=711338"},{"taxonomy":"product_tag","embeddable":true,"href":"https:\/\/roveyayinevi.com.tr\/index.php\/wp-json\/wp\/v2\/product_tag?post=711338"}],"curies":[{"name":"wp","href":"https:\/\/api.w.org\/{rel}","templated":true}]}}