{"id":711336,"date":"2025-08-27T16:44:26","date_gmt":"2025-08-27T13:44:26","guid":{"rendered":"https:\/\/roveyayinevi.com.tr\/index.php\/urun\/arizali-tiplerle-mucadele-rehberi-nassiztler-fesatlar-paranoyaklar-ve-diger-beseri-zararlilar\/"},"modified":"2026-04-16T02:19:52","modified_gmt":"2026-04-15T23:19:52","slug":"arizali-tiplerle-mucadele-rehberi-nassiztler-fesatlar-paranoyaklar-ve-diger-beseri-zararlilar","status":"publish","type":"product","link":"https:\/\/roveyayinevi.com.tr\/index.php\/urun\/arizali-tiplerle-mucadele-rehberi-nassiztler-fesatlar-paranoyaklar-ve-diger-beseri-zararlilar\/","title":{"rendered":"Ar\u0131zal\u0131 Tiplerle M\u00fccadele Rehberi Nassiztler, Fesatlar, Paranoyaklar ve Di\u011fer Be\u015feri Zararl\u0131lar"},"content":{"rendered":"<p>Patronunuz sizi sabahtan ak\u015fama kadar ko\u015fturan bir hiperaktif mi? K\u00f6pe\u011finin ihtiya\u00e7lar\u0131n\u0131 kap\u0131n\u0131z\u0131n \u00f6n\u00fcnde gidermesine izin verecek kadar fesat, art niyetli bir kom\u015funuz mu var? Partnerinizde narsistik e\u011filimler oldu\u011funu mu d\u00fc\u015f\u00fcn\u00fcyorsunuz? Yoksa siz de biraz paranoyak m\u0131s\u0131n\u0131z? Evet, \u00e7evremizde birtak\u0131m sorunlar\u0131 olan t\u00fcrl\u00fc t\u00fcrl\u00fc insan var ve bazen onlarla birlikte ya\u015famak, birlikte \u00e7al\u0131\u015fmak zorunda kalabiliyoruz. Bu sorunlu (i\u00e7ten olmak gerekirse \u00e7atlak!) insanlar\u0131n ni\u00e7in b\u00f6yle tuhaf davrand\u0131klar\u0131n\u0131, kar\u015f\u0131la\u015ft\u0131\u011f\u0131m\u0131zda ne yapmam\u0131z veya yapmamam\u0131z gerekti\u011fini anlayarak onlarla birlikte ya\u015famay\u0131 \u00f6\u011frenebilir, hayat\u0131m\u0131z\u0131 kolayla\u015ft\u0131rabiliriz. Christophe Andr\u00e9 &amp; Muzo, Ar\u0131zal\u0131 Tiplerle M\u00fccadele Rehberi ad\u0131n\u0131 verdikleri bu kitapta meseleye pedagojik bak\u0131\u015f a\u00e7\u0131s\u0131yla yakla\u015f\u0131p zor ki\u015filiklerle ba\u015fa \u00e7\u0131kabilme y\u00f6ntemlerini e\u011flenceli bir \u00fcslupta, karikat\u00fcrlerle birlikte aktar\u0131yorlar.<\/p>\n","protected":false},"excerpt":{"rendered":"<p>Patronunuz sizi sabahtan ak\u015fama kadar ko\u015fturan bir hiperaktif mi? K\u00f6pe\u011finin ihtiya\u00e7lar\u0131n\u0131 kap\u0131n\u0131z\u0131n \u00f6n\u00fcnde gidermesine izin verecek kadar fesat, art niyetli bir kom\u015funuz mu var? Partnerinizde narsistik<span class=\"excerpt-hellip\"> [\u2026]<\/span><\/p>\n","protected":false},"featured_media":0,"template":"","meta":{"_monsterinsights_skip_tracking":false,"_monsterinsights_sitenote_active":false,"_monsterinsights_sitenote_note":"","_monsterinsights_sitenote_category":0},"product_brand":[],"product_cat":[20502,12357],"product_tag":[],"class_list":{"0":"post-711336","1":"product","2":"type-product","3":"status-publish","5":"product_cat-basvuru-kitaplari-psikoloji","6":"product_cat-psikoloji","7":"pa_cilt-ciltsiz","8":"pa_tur-kitap","9":"pa_yayinevi-say-yayinlari","10":"pa_yazar-christophe-andre-muzo","12":"first","13":"instock","14":"sale","15":"shipping-taxable","16":"purchasable","17":"product-type-simple"},"_links":{"self":[{"href":"https:\/\/roveyayinevi.com.tr\/index.php\/wp-json\/wp\/v2\/product\/711336","targetHints":{"allow":["GET"]}}],"collection":[{"href":"https:\/\/roveyayinevi.com.tr\/index.php\/wp-json\/wp\/v2\/product"}],"about":[{"href":"https:\/\/roveyayinevi.com.tr\/index.php\/wp-json\/wp\/v2\/types\/product"}],"wp:attachment":[{"href":"https:\/\/roveyayinevi.com.tr\/index.php\/wp-json\/wp\/v2\/media?parent=711336"}],"wp:term":[{"taxonomy":"product_brand","embeddable":true,"href":"https:\/\/roveyayinevi.com.tr\/index.php\/wp-json\/wp\/v2\/product_brand?post=711336"},{"taxonomy":"product_cat","embeddable":true,"href":"https:\/\/roveyayinevi.com.tr\/index.php\/wp-json\/wp\/v2\/product_cat?post=711336"},{"taxonomy":"product_tag","embeddable":true,"href":"https:\/\/roveyayinevi.com.tr\/index.php\/wp-json\/wp\/v2\/product_tag?post=711336"}],"curies":[{"name":"wp","href":"https:\/\/api.w.org\/{rel}","templated":true}]}}