{"id":711335,"date":"2025-08-27T16:44:26","date_gmt":"2025-08-27T13:44:26","guid":{"rendered":"https:\/\/roveyayinevi.com.tr\/index.php\/urun\/anabasis\/"},"modified":"2026-04-16T02:19:52","modified_gmt":"2026-04-15T23:19:52","slug":"anabasis","status":"publish","type":"product","link":"https:\/\/roveyayinevi.com.tr\/index.php\/urun\/anabasis\/","title":{"rendered":"Anabasis"},"content":{"rendered":"<p>Yunancada \u201cT\u0131rman\u0131\u015f\u201d anlam\u0131na gelen Anabasis, Yunan yazar ve tarih\u00e7i Ksenophon\u2019un en \u00f6nemli eserlerinden biridir. \u0130\u00d6 401 y\u0131l\u0131nda Pers Kral\u0131 Artakserkses\u2019in karde\u015fi Kyros, a\u011fabeyine kar\u015f\u0131 sava\u015fmak i\u00e7in aralar\u0131nda Yunan \u00fccretli askerlerin de bulundu\u011fu bir ordu toplar. Sava\u015fta Kyros\u2019un hayat\u0131n\u0131 kaybetmesinden sonra Yunan askerleri bilmedikleri topraklarda, d\u00f6rt bir yanlar\u0131 d\u00fc\u015fmanlarla \u00e7evrili bir \u015fekilde kalakal\u0131rlar. Yunan ordusunda sava\u015fa g\u00f6zlemci olarak kat\u0131lan Ksenophon komutanlar\u0131n\u0131n \u00f6ld\u00fcr\u00fclmesinden sonra askerlerin ba\u015f\u0131na ge\u00e7er ve Babil civar\u0131ndan ba\u015flay\u0131p Karadeniz\u2019e ve oradan Yunanistan\u2019a d\u00f6nen orduyu sevk ve idare eder. \u0130lerleyen y\u0131llarda B\u00fcy\u00fck \u0130skender\u2019in Pers seferinde kaynak olarak kulland\u0131\u011f\u0131 ve On Binlerin D\u00f6n\u00fc\u015f\u00fc ismiyle de bilinen bu eser insanl\u0131k tarihinin en b\u00fcy\u00fck maceralar\u0131ndan birini yans\u0131tmaktad\u0131r. <\/p>\n","protected":false},"excerpt":{"rendered":"<p>Yunancada \u201cT\u0131rman\u0131\u015f\u201d anlam\u0131na gelen Anabasis, Yunan yazar ve tarih\u00e7i Ksenophon\u2019un en \u00f6nemli eserlerinden biridir. \u0130\u00d6 401 y\u0131l\u0131nda Pers Kral\u0131 Artakserkses\u2019in karde\u015fi Kyros, a\u011fabeyine kar\u015f\u0131 sava\u015fmak i\u00e7in<span class=\"excerpt-hellip\"> [\u2026]<\/span><\/p>\n","protected":false},"featured_media":0,"template":"","meta":{"_monsterinsights_skip_tracking":false,"_monsterinsights_sitenote_active":false,"_monsterinsights_sitenote_note":"","_monsterinsights_sitenote_category":0},"product_brand":[],"product_cat":[20351,12388],"product_tag":[],"class_list":{"0":"post-711335","1":"product","2":"type-product","3":"status-publish","5":"product_cat-dusunce","6":"product_cat-felsefe","7":"pa_cilt-ciltsiz","8":"pa_tur-kitap","9":"pa_yayinevi-say-yayinlari","10":"pa_yazar-ksenophon","12":"first","13":"instock","14":"sale","15":"shipping-taxable","16":"purchasable","17":"product-type-simple"},"_links":{"self":[{"href":"https:\/\/roveyayinevi.com.tr\/index.php\/wp-json\/wp\/v2\/product\/711335","targetHints":{"allow":["GET"]}}],"collection":[{"href":"https:\/\/roveyayinevi.com.tr\/index.php\/wp-json\/wp\/v2\/product"}],"about":[{"href":"https:\/\/roveyayinevi.com.tr\/index.php\/wp-json\/wp\/v2\/types\/product"}],"wp:attachment":[{"href":"https:\/\/roveyayinevi.com.tr\/index.php\/wp-json\/wp\/v2\/media?parent=711335"}],"wp:term":[{"taxonomy":"product_brand","embeddable":true,"href":"https:\/\/roveyayinevi.com.tr\/index.php\/wp-json\/wp\/v2\/product_brand?post=711335"},{"taxonomy":"product_cat","embeddable":true,"href":"https:\/\/roveyayinevi.com.tr\/index.php\/wp-json\/wp\/v2\/product_cat?post=711335"},{"taxonomy":"product_tag","embeddable":true,"href":"https:\/\/roveyayinevi.com.tr\/index.php\/wp-json\/wp\/v2\/product_tag?post=711335"}],"curies":[{"name":"wp","href":"https:\/\/api.w.org\/{rel}","templated":true}]}}