{"id":711332,"date":"2025-08-27T16:44:24","date_gmt":"2025-08-27T13:44:24","guid":{"rendered":"https:\/\/roveyayinevi.com.tr\/index.php\/urun\/gencligin-toplumsal-uyumuna-sosyo-psikolojik-bakis\/"},"modified":"2026-04-16T02:19:52","modified_gmt":"2026-04-15T23:19:52","slug":"gencligin-toplumsal-uyumuna-sosyo-psikolojik-bakis","status":"publish","type":"product","link":"https:\/\/roveyayinevi.com.tr\/index.php\/urun\/gencligin-toplumsal-uyumuna-sosyo-psikolojik-bakis\/","title":{"rendered":"Gen\u00e7li\u011fin Toplumsal Uyumuna Sosyo Psikolojik Bak\u0131\u015f"},"content":{"rendered":"<p>\u201c Sana bir gelecek bar\u0131kt\u0131k \u00e7ocuk\u201d dediler, sadece g\u00fcld\u00fcm&#8230;..\u201c&#8230;Kimlik bunal\u0131m\u0131 ya\u015fayan gen\u00e7ler, kendilerine belli bir y\u00f6ne veremezler, bir yerde k\u00f6k salamazlar ve T\u00fcrk Milletini gelece\u011fe ta\u015f\u0131yamazlar. Kadir Y\u0131ld\u0131z taraf\u0131ndan haz\u0131rlanan bu kitap bug\u00fcn\u00fcn ve \u0130stikbalin T\u00fcrk gen\u00e7lerinin kendilerini anlamaya, istikbaldeki g\u00f6revlerine haz\u0131rlanmalar\u0131na yard\u0131mc\u0131 olacak, onlar\u0131 bilgi ile donatacakt\u0131r. Bilgi g\u00fc\u00e7t\u00fcr. Hi\u00e7 bilenle bilmeyen bir olur mu?\u201d-Prof. Dr. \u00c7etin ELMAS\u201c&#8230;T\u00fcrkiye&#8217;de b\u0131rak\u0131n siyasi iradenin bir alana yeteri kadar e\u011filmesini akademik anlamda da gen\u00e7lik sorunlar\u0131 yeteri kadar ilgi g\u00f6rmemektedir. B\u00fct\u00fcn bu ger\u00e7ekleri g\u00f6z \u00f6n\u00fcne ald\u0131\u011f\u0131m\u0131zda Kadir Y\u0131ld\u0131z&#8217;\u0131n sosyo-psikolojik \u00e7\u00f6z\u00fcmleri ve saha verilerine dayal\u0131 elinizdeki bu \u00e7al\u0131\u015fmay\u0131 gen\u00e7li\u011fin adaptasyon sorunlar\u0131na y\u00f6nelik yap\u0131lm\u0131\u015f \u00f6nemli bir hamle olarak g\u00f6r\u00fcyorum&#8230;.\u201d-Do\u00e7. Dr. Ruhi ERSOY<\/p>\n","protected":false},"excerpt":{"rendered":"<p>\u201c Sana bir gelecek bar\u0131kt\u0131k \u00e7ocuk\u201d dediler, sadece g\u00fcld\u00fcm&#8230;..\u201c&#8230;Kimlik bunal\u0131m\u0131 ya\u015fayan gen\u00e7ler, kendilerine belli bir y\u00f6ne veremezler, bir yerde k\u00f6k salamazlar ve T\u00fcrk Milletini gelece\u011fe ta\u015f\u0131yamazlar.<span class=\"excerpt-hellip\"> [\u2026]<\/span><\/p>\n","protected":false},"featured_media":0,"template":"","meta":{"_monsterinsights_skip_tracking":false,"_monsterinsights_sitenote_active":false,"_monsterinsights_sitenote_note":"","_monsterinsights_sitenote_category":0},"product_brand":[],"product_cat":[14787,13488],"product_tag":[],"class_list":{"0":"post-711332","1":"product","2":"type-product","3":"status-publish","5":"product_cat-diger-toplum-ve-insan","6":"product_cat-toplum-ve-insan","7":"pa_cilt-ciltsiz","8":"pa_tur-kitap","9":"pa_yayinevi-berikan-yayinlari","10":"pa_yazar-kadir-yildiz","12":"first","13":"instock","14":"sale","15":"shipping-taxable","16":"purchasable","17":"product-type-simple"},"_links":{"self":[{"href":"https:\/\/roveyayinevi.com.tr\/index.php\/wp-json\/wp\/v2\/product\/711332","targetHints":{"allow":["GET"]}}],"collection":[{"href":"https:\/\/roveyayinevi.com.tr\/index.php\/wp-json\/wp\/v2\/product"}],"about":[{"href":"https:\/\/roveyayinevi.com.tr\/index.php\/wp-json\/wp\/v2\/types\/product"}],"wp:attachment":[{"href":"https:\/\/roveyayinevi.com.tr\/index.php\/wp-json\/wp\/v2\/media?parent=711332"}],"wp:term":[{"taxonomy":"product_brand","embeddable":true,"href":"https:\/\/roveyayinevi.com.tr\/index.php\/wp-json\/wp\/v2\/product_brand?post=711332"},{"taxonomy":"product_cat","embeddable":true,"href":"https:\/\/roveyayinevi.com.tr\/index.php\/wp-json\/wp\/v2\/product_cat?post=711332"},{"taxonomy":"product_tag","embeddable":true,"href":"https:\/\/roveyayinevi.com.tr\/index.php\/wp-json\/wp\/v2\/product_tag?post=711332"}],"curies":[{"name":"wp","href":"https:\/\/api.w.org\/{rel}","templated":true}]}}