{"id":711328,"date":"2025-08-27T16:44:22","date_gmt":"2025-08-27T13:44:22","guid":{"rendered":"https:\/\/roveyayinevi.com.tr\/index.php\/urun\/ekspres\/"},"modified":"2026-04-03T02:25:27","modified_gmt":"2026-04-02T23:25:27","slug":"ekspres","status":"publish","type":"product","link":"https:\/\/roveyayinevi.com.tr\/index.php\/urun\/ekspres\/","title":{"rendered":"Ekspres"},"content":{"rendered":"<p>Limon gibi s\u0131k\u0131lanlar, d\u00fc\u015f\u00fcn\u00fcp d\u00fc\u015f\u00fcn\u00fcp duranlar, durup durup d\u00fc\u015f\u00fcnenler, i\u015flerinden bunalanlar, yollarda \u00f6mr\u00fc ge\u00e7enler, \u00f6mr\u00fc ge\u00e7ip giderken durup izleyenler, yepyeni bir fikir arayanlar buraya. Bu kitap sizler i\u00e7in kaleme al\u0131nd\u0131&#8230;E\u011flenmeye, g\u00fclmeye ve kendinize \u015fapka \u00e7\u0131karmaya haz\u0131r m\u0131s\u0131n\u0131z? Yarat\u0131c\u0131l\u0131\u011f\u0131n\u0131z\u0131 ke\u015ffetmek i\u00e7in bu kitapla oynamak istemez misiniz? Her zamankinden farkl\u0131 d\u00fc\u015f\u00fcnmeye var m\u0131s\u0131n\u0131z? \u00dc\u00e7 kitaptan olu\u015fan Bidigago serisinin yazar\u0131 Eda Albayrak&#8217;tan yeti\u015fkinlere ellerinden b\u0131rakamayacaklar\u0131 yarat\u0131c\u0131 d\u00fc\u015f\u00fcnme egzersizleri kitab\u0131: Ekspress. Yarat\u0131c\u0131 zek\u00e2y\u0131 geli\u015ftiren, birbirinden e\u011flenceli oyunlar ve esnek d\u00fc\u015f\u00fcnmeyi y\u00f6nlendiren aktivitelerle dolu olan bu kitap bir yol arkada\u015f\u0131, i\u015f arkada\u015f\u0131, her t&amp;uu ml;rl\u00fc can s\u0131k\u0131nt\u0131s\u0131na bir \u00e7\u00f6z\u00fcm \u00f6nerisi. Hem de \u00e7ar\u00e7abuk, tela\u015fs\u0131z, \u015fim\u015fek gibi! \ufffcTan\u0131t\u0131m Metni<\/p>\n","protected":false},"excerpt":{"rendered":"<p>Limon gibi s\u0131k\u0131lanlar, d\u00fc\u015f\u00fcn\u00fcp d\u00fc\u015f\u00fcn\u00fcp duranlar, durup durup d\u00fc\u015f\u00fcnenler, i\u015flerinden bunalanlar, yollarda \u00f6mr\u00fc ge\u00e7enler, \u00f6mr\u00fc ge\u00e7ip giderken durup izleyenler, yepyeni bir fikir arayanlar buraya. Bu kitap<span class=\"excerpt-hellip\"> [\u2026]<\/span><\/p>\n","protected":false},"featured_media":0,"template":"","meta":{"_monsterinsights_skip_tracking":false,"_monsterinsights_sitenote_active":false,"_monsterinsights_sitenote_note":"","_monsterinsights_sitenote_category":0},"product_brand":[],"product_cat":[12364,12376],"product_tag":[],"class_list":{"0":"post-711328","1":"product","2":"type-product","3":"status-publish","5":"product_cat-genel-konular","6":"product_cat-kisisel-gelisim","7":"pa_cilt-ciltsiz","8":"pa_tur-kitap","9":"pa_yayinevi-abm-yayinevi","10":"pa_yazar-eda-albayrak","12":"first","13":"instock","14":"sale","15":"shipping-taxable","16":"purchasable","17":"product-type-simple"},"_links":{"self":[{"href":"https:\/\/roveyayinevi.com.tr\/index.php\/wp-json\/wp\/v2\/product\/711328","targetHints":{"allow":["GET"]}}],"collection":[{"href":"https:\/\/roveyayinevi.com.tr\/index.php\/wp-json\/wp\/v2\/product"}],"about":[{"href":"https:\/\/roveyayinevi.com.tr\/index.php\/wp-json\/wp\/v2\/types\/product"}],"wp:attachment":[{"href":"https:\/\/roveyayinevi.com.tr\/index.php\/wp-json\/wp\/v2\/media?parent=711328"}],"wp:term":[{"taxonomy":"product_brand","embeddable":true,"href":"https:\/\/roveyayinevi.com.tr\/index.php\/wp-json\/wp\/v2\/product_brand?post=711328"},{"taxonomy":"product_cat","embeddable":true,"href":"https:\/\/roveyayinevi.com.tr\/index.php\/wp-json\/wp\/v2\/product_cat?post=711328"},{"taxonomy":"product_tag","embeddable":true,"href":"https:\/\/roveyayinevi.com.tr\/index.php\/wp-json\/wp\/v2\/product_tag?post=711328"}],"curies":[{"name":"wp","href":"https:\/\/api.w.org\/{rel}","templated":true}]}}