{"id":711327,"date":"2025-08-27T16:44:21","date_gmt":"2025-08-27T13:44:21","guid":{"rendered":"https:\/\/roveyayinevi.com.tr\/index.php\/urun\/4n1k-ciltli\/"},"modified":"2026-04-16T02:19:52","modified_gmt":"2026-04-15T23:19:52","slug":"4n1k-ciltli","status":"publish","type":"product","link":"https:\/\/roveyayinevi.com.tr\/index.php\/urun\/4n1k-ciltli\/","title":{"rendered":"4N1K (Ciltli)"},"content":{"rendered":"<p>Yaprak\u2019\u0131n d\u00fcnyas\u0131 on iki y\u0131ll\u0131k dostlar\u0131 Ali, G\u00f6khan, O\u011fuz ve Sinan\u2019dan ibarettir.  Kalbi d\u00f6rd\u00fcyle t\u0131ka basa dolu, hayat\u0131 onlarla reng\u00e2renk oldu\u011fu i\u00e7in  a\u015fka ne inanc\u0131 vard\u0131r ne de ihtiyac\u0131\u2026 Ama bir g\u00fcn, rutin (!) hayat\u0131, do\u011fum g\u00fcn\u00fcnde gelen bir paketle t\u00fcmden de\u011fi\u015fir.  Paketin i\u00e7inde, gizemli bir \u00e2\u015f\u0131ktan gelen, k\u0131z\u0131m\u0131z\u0131n asla giymeyece\u011fi t\u00fcrden  g\u00f6steri\u015fli bir elbise ve i\u00e7inde de bir not vard\u0131r. \u201c\u0130\u00e7indeki prensesi \u00f6ld\u00fcrmeye \u00e7al\u0131\u015fsan da, o can \u00e7eki\u015ferek i\u00e7inde bir yerde saklanmay\u0131 ba\u015far\u0131yor. Bu, i\u00e7indeki prensese hediyem\u2026  Her ne kadar, i\u00e7indeki yaramaz k\u0131z \u00e7ocu\u011funa da ayn\u0131 oranda \u00e2\u015f\u0131k olsam da\u2026\u201d <\/p>\n","protected":false},"excerpt":{"rendered":"<p>Yaprak\u2019\u0131n d\u00fcnyas\u0131 on iki y\u0131ll\u0131k dostlar\u0131 Ali, G\u00f6khan, O\u011fuz ve Sinan\u2019dan ibarettir. Kalbi d\u00f6rd\u00fcyle t\u0131ka basa dolu, hayat\u0131 onlarla reng\u00e2renk oldu\u011fu i\u00e7in a\u015fka ne inanc\u0131 vard\u0131r<span class=\"excerpt-hellip\"> [\u2026]<\/span><\/p>\n","protected":false},"featured_media":0,"template":"","meta":{"_monsterinsights_skip_tracking":false,"_monsterinsights_sitenote_active":false,"_monsterinsights_sitenote_note":"","_monsterinsights_sitenote_category":0},"product_brand":[],"product_cat":[12291,12711],"product_tag":[],"class_list":{"0":"post-711327","1":"product","2":"type-product","3":"status-publish","5":"product_cat-edebiyat","6":"product_cat-roman-oyku","7":"pa_cilt-ciltli","8":"pa_tur-kitap","9":"pa_yayinevi-epsilon-yayinlari","10":"pa_yazar-busra-yilmaz","12":"first","13":"instock","14":"sale","15":"shipping-taxable","16":"purchasable","17":"product-type-simple"},"_links":{"self":[{"href":"https:\/\/roveyayinevi.com.tr\/index.php\/wp-json\/wp\/v2\/product\/711327","targetHints":{"allow":["GET"]}}],"collection":[{"href":"https:\/\/roveyayinevi.com.tr\/index.php\/wp-json\/wp\/v2\/product"}],"about":[{"href":"https:\/\/roveyayinevi.com.tr\/index.php\/wp-json\/wp\/v2\/types\/product"}],"wp:attachment":[{"href":"https:\/\/roveyayinevi.com.tr\/index.php\/wp-json\/wp\/v2\/media?parent=711327"}],"wp:term":[{"taxonomy":"product_brand","embeddable":true,"href":"https:\/\/roveyayinevi.com.tr\/index.php\/wp-json\/wp\/v2\/product_brand?post=711327"},{"taxonomy":"product_cat","embeddable":true,"href":"https:\/\/roveyayinevi.com.tr\/index.php\/wp-json\/wp\/v2\/product_cat?post=711327"},{"taxonomy":"product_tag","embeddable":true,"href":"https:\/\/roveyayinevi.com.tr\/index.php\/wp-json\/wp\/v2\/product_tag?post=711327"}],"curies":[{"name":"wp","href":"https:\/\/api.w.org\/{rel}","templated":true}]}}